{"id":68975,"date":"2022-12-01T09:02:54","date_gmt":"2022-12-01T09:02:54","guid":{"rendered":"https:\/\/logistiikkakeskus.net\/kauppa\/tuote\/valuma-allas-2lle-240l-tynnyrille-pysty\/"},"modified":"2025-01-16T13:12:57","modified_gmt":"2025-01-16T11:12:57","slug":"valuma-allas-2lle-240l-tynnyrille-pysty","status":"publish","type":"product","link":"https:\/\/logistiikkakeskus.net\/kauppa\/tuote\/valuma-allas-2lle-240l-tynnyrille-pysty\/","title":{"rendered":"Valuma-allas 2:lle 240l tynnyrille pysty"},"content":{"rendered":"<p>Valuma-allas tynnyreille, ritil\u00e4ll\u00e4, 2 tynnyrille, 240 litraa. Sopiiseisoville tynnyreille. Valmistettu 3 mm paksusta pellista ja maalatturuostesuojamaalilla, v\u00e4ri sininen (RAL 5019). Ritil\u00e4 on kuumagalvanoituater\u00e4st\u00e4. hakusanat: ymp\u00e4rist\u00f6allas, kemikaali. HUOM! Tilaustuote,tuotteella normaalia pidempi toimitusaika. Vastuullinen<\/p>\n","protected":false},"excerpt":{"rendered":"<p>Valuma-allas tynnyreille, ritil\u00e4ll\u00e4, 2 tynnyrille, 240 litraa. Sopiiseisoville tynnyreille. Valmistettu 3 mm paksusta pellista ja maalatturuostesuojamaalilla, v\u00e4ri sininen (RAL 5019). Ritil\u00e4 on kuumagalvanoituater\u00e4st\u00e4. hakusanat: ymp\u00e4rist\u00f6allas, kemikaali. HUOM! Tilaustuote,tuotteella normaalia pidempi toimitusaika. Vastuullinen<\/p>\n","protected":false},"featured_media":0,"comment_status":"open","ping_status":"closed","template":"","meta":[],"product_brand":[],"product_cat":[3323],"product_tag":[],"class_list":{"0":"post-68975","1":"product","2":"type-product","3":"status-publish","5":"product_cat-kiinteistotarvikkeet-muut-tuotteet-kiinteistotuotteet","7":"first","8":"instock","9":"shipping-taxable","10":"purchasable","11":"product-type-simple"},"_links":{"self":[{"href":"https:\/\/logistiikkakeskus.net\/kauppa\/wp-json\/wp\/v2\/product\/68975","targetHints":{"allow":["GET"]}}],"collection":[{"href":"https:\/\/logistiikkakeskus.net\/kauppa\/wp-json\/wp\/v2\/product"}],"about":[{"href":"https:\/\/logistiikkakeskus.net\/kauppa\/wp-json\/wp\/v2\/types\/product"}],"replies":[{"embeddable":true,"href":"https:\/\/logistiikkakeskus.net\/kauppa\/wp-json\/wp\/v2\/comments?post=68975"}],"wp:attachment":[{"href":"https:\/\/logistiikkakeskus.net\/kauppa\/wp-json\/wp\/v2\/media?parent=68975"}],"wp:term":[{"taxonomy":"product_brand","embeddable":true,"href":"https:\/\/logistiikkakeskus.net\/kauppa\/wp-json\/wp\/v2\/product_brand?post=68975"},{"taxonomy":"product_cat","embeddable":true,"href":"https:\/\/logistiikkakeskus.net\/kauppa\/wp-json\/wp\/v2\/product_cat?post=68975"},{"taxonomy":"product_tag","embeddable":true,"href":"https:\/\/logistiikkakeskus.net\/kauppa\/wp-json\/wp\/v2\/product_tag?post=68975"}],"curies":[{"name":"wp","href":"https:\/\/api.w.org\/{rel}","templated":true}]}}