{"id":68966,"date":"2022-12-01T09:02:50","date_gmt":"2022-12-01T09:02:50","guid":{"rendered":"https:\/\/logistiikkakeskus.net\/kauppa\/tuote\/kemikaalihylly-kemikaalikaappiin-formula\/"},"modified":"2025-10-15T10:15:23","modified_gmt":"2025-10-15T07:15:23","slug":"kemikaalihylly-kemikaalikaappiin-formula","status":"publish","type":"product","link":"https:\/\/logistiikkakeskus.net\/kauppa\/tuote\/kemikaalihylly-kemikaalikaappiin-formula\/","title":{"rendered":"Kemikaalihylly kemikaalikaappiin Formula"},"content":{"rendered":"<p>Kemikaalikaappi Formula, paloeristetty, elektroninen lukko,2095x1000x450 mmTuotenumero: 755236Siirrett\u00e4v\u00e4t hyllytasotPalotestattuHyv\u00e4 ilmanvaihtoLukittava kemikaalikaappi. Kaapin ovissa, sivupaneeleissa, katossa sek\u00e4pohjassa on kaksinkertainen ter\u00e4slevyrakenne, jonka v\u00e4liss\u00e4 onpalosuojattu eriste. K\u00e4sitelty liekinkest\u00e4v\u00e4ll\u00e4 jauhemaalilla. Kaapissaon tuuletusputki, irrotettava sokkelin etulevy ja hyllytasot, joissa onkorotetut reunat ja tiivistetyt kulmat.<\/p>\n","protected":false},"excerpt":{"rendered":"<p>Kemikaalikaappi Formula, paloeristetty, elektroninen lukko,2095x1000x450 mmTuotenumero: 755236Siirrett\u00e4v\u00e4t hyllytasotPalotestattuHyv\u00e4 ilmanvaihtoLukittava kemikaalikaappi. Kaapin ovissa, sivupaneeleissa, katossa sek\u00e4pohjassa on kaksinkertainen ter\u00e4slevyrakenne, jonka v\u00e4liss\u00e4 onpalosuojattu eriste. K\u00e4sitelty liekinkest\u00e4v\u00e4ll\u00e4 jauhemaalilla. Kaapissaon tuuletusputki, irrotettava sokkelin etulevy ja hyllytasot, joissa onkorotetut reunat ja tiivistetyt kulmat.<\/p>\n","protected":false},"featured_media":0,"comment_status":"open","ping_status":"closed","template":"","meta":[],"product_brand":[],"product_cat":[3323],"product_tag":[],"class_list":{"0":"post-68966","1":"product","2":"type-product","3":"status-publish","5":"product_cat-kiinteistotarvikkeet-muut-tuotteet-kiinteistotuotteet","7":"first","8":"instock","9":"shipping-taxable","10":"purchasable","11":"product-type-simple"},"_links":{"self":[{"href":"https:\/\/logistiikkakeskus.net\/kauppa\/wp-json\/wp\/v2\/product\/68966","targetHints":{"allow":["GET"]}}],"collection":[{"href":"https:\/\/logistiikkakeskus.net\/kauppa\/wp-json\/wp\/v2\/product"}],"about":[{"href":"https:\/\/logistiikkakeskus.net\/kauppa\/wp-json\/wp\/v2\/types\/product"}],"replies":[{"embeddable":true,"href":"https:\/\/logistiikkakeskus.net\/kauppa\/wp-json\/wp\/v2\/comments?post=68966"}],"wp:attachment":[{"href":"https:\/\/logistiikkakeskus.net\/kauppa\/wp-json\/wp\/v2\/media?parent=68966"}],"wp:term":[{"taxonomy":"product_brand","embeddable":true,"href":"https:\/\/logistiikkakeskus.net\/kauppa\/wp-json\/wp\/v2\/product_brand?post=68966"},{"taxonomy":"product_cat","embeddable":true,"href":"https:\/\/logistiikkakeskus.net\/kauppa\/wp-json\/wp\/v2\/product_cat?post=68966"},{"taxonomy":"product_tag","embeddable":true,"href":"https:\/\/logistiikkakeskus.net\/kauppa\/wp-json\/wp\/v2\/product_tag?post=68966"}],"curies":[{"name":"wp","href":"https:\/\/api.w.org\/{rel}","templated":true}]}}