{"id":68937,"date":"2022-12-01T09:02:41","date_gmt":"2022-12-01T09:02:41","guid":{"rendered":"https:\/\/logistiikkakeskus.net\/kauppa\/tuote\/menupohja-a3-itsenaisyyspaiva\/"},"modified":"2026-01-20T09:16:19","modified_gmt":"2026-01-20T07:16:19","slug":"menupohja-a3-itsenaisyyspaiva","status":"publish","type":"product","link":"https:\/\/logistiikkakeskus.net\/kauppa\/tuote\/menupohja-a3-itsenaisyyspaiva\/","title":{"rendered":"Menupohja A3 itsen\u00e4isyysp\u00e4iv\u00e4"},"content":{"rendered":"<p>myyntiyksikk\u00f6 NIP (20kpl)<\/p>\n<h2>Itsen\u00e4isyysp\u00e4iv\u00e4n menupohja A3<\/h2>\n<ul>\n<li>Pintapaino: 100g\/m2\n<li>Paperityyppi: Maxioffset<\/ul>\n<p><i>hakusanat: Menupohjat, Palvelukeskuksen lomakkeet<\/i><\/p>\n","protected":false},"excerpt":{"rendered":"<p>myyntiyksikk\u00f6 NIP (20kpl) Itsen\u00e4isyysp\u00e4iv\u00e4n menupohja A3 Pintapaino: 100g\/m2 Paperityyppi: Maxioffset hakusanat: Menupohjat, Palvelukeskuksen lomakkeet<\/p>\n","protected":false},"featured_media":102455,"comment_status":"open","ping_status":"closed","template":"","meta":[],"product_brand":[],"product_cat":[3319],"product_tag":[],"class_list":{"0":"post-68937","1":"product","2":"type-product","3":"status-publish","4":"has-post-thumbnail","6":"product_cat-lomakkeet-lomakkeet-muut-lomakkeet","8":"first","9":"instock","10":"shipping-taxable","11":"purchasable","12":"product-type-simple"},"_links":{"self":[{"href":"https:\/\/logistiikkakeskus.net\/kauppa\/wp-json\/wp\/v2\/product\/68937","targetHints":{"allow":["GET"]}}],"collection":[{"href":"https:\/\/logistiikkakeskus.net\/kauppa\/wp-json\/wp\/v2\/product"}],"about":[{"href":"https:\/\/logistiikkakeskus.net\/kauppa\/wp-json\/wp\/v2\/types\/product"}],"replies":[{"embeddable":true,"href":"https:\/\/logistiikkakeskus.net\/kauppa\/wp-json\/wp\/v2\/comments?post=68937"}],"wp:featuredmedia":[{"embeddable":true,"href":"https:\/\/logistiikkakeskus.net\/kauppa\/wp-json\/wp\/v2\/media\/102455"}],"wp:attachment":[{"href":"https:\/\/logistiikkakeskus.net\/kauppa\/wp-json\/wp\/v2\/media?parent=68937"}],"wp:term":[{"taxonomy":"product_brand","embeddable":true,"href":"https:\/\/logistiikkakeskus.net\/kauppa\/wp-json\/wp\/v2\/product_brand?post=68937"},{"taxonomy":"product_cat","embeddable":true,"href":"https:\/\/logistiikkakeskus.net\/kauppa\/wp-json\/wp\/v2\/product_cat?post=68937"},{"taxonomy":"product_tag","embeddable":true,"href":"https:\/\/logistiikkakeskus.net\/kauppa\/wp-json\/wp\/v2\/product_tag?post=68937"}],"curies":[{"name":"wp","href":"https:\/\/api.w.org\/{rel}","templated":true}]}}