{"id":68779,"date":"2022-12-01T09:01:50","date_gmt":"2022-12-01T09:01:50","guid":{"rendered":"https:\/\/logistiikkakeskus.net\/kauppa\/tuote\/heijastinnauha-120mm-x-45m\/"},"modified":"2026-01-20T09:16:13","modified_gmt":"2026-01-20T07:16:13","slug":"heijastinnauha-120mm-x-45m","status":"publish","type":"product","link":"https:\/\/logistiikkakeskus.net\/kauppa\/tuote\/heijastinnauha-120mm-x-45m\/","title":{"rendered":"Heijastinnauha 120mm x 45m"},"content":{"rendered":"<h2>Hopeanhohtava heijastinnauha 120mm x 45 metri\u00e4 <\/h2>\n<p>Monik\u00e4ytt\u00f6inen, kangaspohjainen heijastinnauha, jota voi k\u00e4ytt\u00e4\u00e4ompelut\u00f6iss\u00e4, askartelussa tai miksei somistuksessakin.<\/p>\n<ul><b>Ominaisuudet:<\/b><\/p>\n<li>Leve\u00e4hk\u00f6, hopeahohtava heijastinnauha\n<li>Heijastinnauhan leveys 120 mm\n<li>Nauhaa rullassa on 45 metri\u00e4\n<li>Voidaan ommella tai liimata kiinni\n<li><b>Hopeanhohtavaheijastinpuoli<\/b>\n<li>Pesuohje: konepesu 60 asteessa<\/ul>\n<p><i>Toimittajan tuotenro. unitika\/120mm Prym Consumer Finland<br \/>hakusanat: Tekstiility\u00f6tarvikkeet, askartelunauhat ,askartelutarvikkeet, ompelutarvikkeet, hopeanauha, heijastinkangas,kangasheijastin, nauhaheijastin<\/i><\/p>\n","protected":false},"excerpt":{"rendered":"<p>Hopeanhohtava heijastinnauha 120mm x 45 metri\u00e4 Monik\u00e4ytt\u00f6inen, kangaspohjainen heijastinnauha, jota voi k\u00e4ytt\u00e4\u00e4ompelut\u00f6iss\u00e4, askartelussa tai miksei somistuksessakin. Ominaisuudet: Leve\u00e4hk\u00f6, hopeahohtava heijastinnauha Heijastinnauhan leveys 120 mm Nauhaa rullassa on 45 metri\u00e4 Voidaan ommella tai liimata kiinni Hopeanhohtavaheijastinpuoli Pesuohje: konepesu 60 asteessa Toimittajan tuotenro. unitika\/120mm Prym Consumer Finlandhakusanat: Tekstiility\u00f6tarvikkeet, askartelunauhat ,askartelutarvikkeet, ompelutarvikkeet, hopeanauha, heijastinkangas,kangasheijastin, nauhaheijastin<\/p>\n","protected":false},"featured_media":102386,"comment_status":"open","ping_status":"closed","template":"","meta":[],"product_brand":[],"product_cat":[3309],"product_tag":[],"class_list":{"0":"post-68779","1":"product","2":"type-product","3":"status-publish","4":"has-post-thumbnail","6":"product_cat-koulu-ja-tekstiilityotarvikkeet-tekstiilityotarvikkeet-nauhat-ja-nyorit","8":"first","9":"instock","10":"shipping-taxable","11":"purchasable","12":"product-type-simple"},"_links":{"self":[{"href":"https:\/\/logistiikkakeskus.net\/kauppa\/wp-json\/wp\/v2\/product\/68779","targetHints":{"allow":["GET"]}}],"collection":[{"href":"https:\/\/logistiikkakeskus.net\/kauppa\/wp-json\/wp\/v2\/product"}],"about":[{"href":"https:\/\/logistiikkakeskus.net\/kauppa\/wp-json\/wp\/v2\/types\/product"}],"replies":[{"embeddable":true,"href":"https:\/\/logistiikkakeskus.net\/kauppa\/wp-json\/wp\/v2\/comments?post=68779"}],"wp:featuredmedia":[{"embeddable":true,"href":"https:\/\/logistiikkakeskus.net\/kauppa\/wp-json\/wp\/v2\/media\/102386"}],"wp:attachment":[{"href":"https:\/\/logistiikkakeskus.net\/kauppa\/wp-json\/wp\/v2\/media?parent=68779"}],"wp:term":[{"taxonomy":"product_brand","embeddable":true,"href":"https:\/\/logistiikkakeskus.net\/kauppa\/wp-json\/wp\/v2\/product_brand?post=68779"},{"taxonomy":"product_cat","embeddable":true,"href":"https:\/\/logistiikkakeskus.net\/kauppa\/wp-json\/wp\/v2\/product_cat?post=68779"},{"taxonomy":"product_tag","embeddable":true,"href":"https:\/\/logistiikkakeskus.net\/kauppa\/wp-json\/wp\/v2\/product_tag?post=68779"}],"curies":[{"name":"wp","href":"https:\/\/api.w.org\/{rel}","templated":true}]}}