{"id":68777,"date":"2022-12-01T09:01:49","date_gmt":"2022-12-01T09:01:49","guid":{"rendered":"https:\/\/logistiikkakeskus.net\/kauppa\/tuote\/heijastinnauha-1-5mm-x-900m\/"},"modified":"2025-10-15T10:15:16","modified_gmt":"2025-10-15T07:15:16","slug":"heijastinnauha-1-5mm-x-900m","status":"publish","type":"product","link":"https:\/\/logistiikkakeskus.net\/kauppa\/tuote\/heijastinnauha-1-5mm-x-900m\/","title":{"rendered":"Heijastinnauha 1.5mm x 900m"},"content":{"rendered":"<h2>Hopeanhohtava heijastinnauha 1.5 mm x 900  metri\u00e4<\/h2>\n<p>Monik\u00e4ytt\u00f6inen, kangaspohjainen heijastinnauha, jota voi k\u00e4ytt\u00e4\u00e4ompelut\u00f6iss\u00e4, askartelussa tai miksei somistuksessakin.<\/p>\n<ul><b>Ominaisuudet<\/b><\/p>\n<li>Kapea, virkattavissa oleva hopeinenheijastinnauha\n<li>Heijastinnauhan leveys 1.5 mm\n<li>Nauhaa rullassa on900 metri\u00e4\n<li>Voidaan  kutoa, virkata tailiimata kiinni\n<li>Pesuohje:konepesu 60 asteessa<\/ul>\n<p><i>Toimittajan tuotenro. HEIR\/900m LankavaOy<br \/>hakusanat: Tekstiility\u00f6tarvikkeet, askartelunauhat,askartelutarvikkeet, ompelutarvikkeet, hopeanauha,  heijastinkangas,kangasheijastin, nauhaheijastin <\/i><\/p>\n","protected":false},"excerpt":{"rendered":"<p>Hopeanhohtava heijastinnauha 1.5 mm x 900 metri\u00e4 Monik\u00e4ytt\u00f6inen, kangaspohjainen heijastinnauha, jota voi k\u00e4ytt\u00e4\u00e4ompelut\u00f6iss\u00e4, askartelussa tai miksei somistuksessakin. Ominaisuudet Kapea, virkattavissa oleva hopeinenheijastinnauha Heijastinnauhan leveys 1.5 mm Nauhaa rullassa on900 metri\u00e4 Voidaan kutoa, virkata tailiimata kiinni Pesuohje:konepesu 60 asteessa Toimittajan tuotenro. HEIR\/900m LankavaOyhakusanat: Tekstiility\u00f6tarvikkeet, askartelunauhat,askartelutarvikkeet, ompelutarvikkeet, hopeanauha, heijastinkangas,kangasheijastin, nauhaheijastin<\/p>\n","protected":false},"featured_media":0,"comment_status":"open","ping_status":"closed","template":"","meta":[],"product_brand":[],"product_cat":[3309],"product_tag":[],"class_list":{"0":"post-68777","1":"product","2":"type-product","3":"status-publish","5":"product_cat-koulu-ja-tekstiilityotarvikkeet-tekstiilityotarvikkeet-nauhat-ja-nyorit","7":"first","8":"instock","9":"shipping-taxable","10":"purchasable","11":"product-type-simple"},"_links":{"self":[{"href":"https:\/\/logistiikkakeskus.net\/kauppa\/wp-json\/wp\/v2\/product\/68777","targetHints":{"allow":["GET"]}}],"collection":[{"href":"https:\/\/logistiikkakeskus.net\/kauppa\/wp-json\/wp\/v2\/product"}],"about":[{"href":"https:\/\/logistiikkakeskus.net\/kauppa\/wp-json\/wp\/v2\/types\/product"}],"replies":[{"embeddable":true,"href":"https:\/\/logistiikkakeskus.net\/kauppa\/wp-json\/wp\/v2\/comments?post=68777"}],"wp:attachment":[{"href":"https:\/\/logistiikkakeskus.net\/kauppa\/wp-json\/wp\/v2\/media?parent=68777"}],"wp:term":[{"taxonomy":"product_brand","embeddable":true,"href":"https:\/\/logistiikkakeskus.net\/kauppa\/wp-json\/wp\/v2\/product_brand?post=68777"},{"taxonomy":"product_cat","embeddable":true,"href":"https:\/\/logistiikkakeskus.net\/kauppa\/wp-json\/wp\/v2\/product_cat?post=68777"},{"taxonomy":"product_tag","embeddable":true,"href":"https:\/\/logistiikkakeskus.net\/kauppa\/wp-json\/wp\/v2\/product_tag?post=68777"}],"curies":[{"name":"wp","href":"https:\/\/api.w.org\/{rel}","templated":true}]}}