{"id":68773,"date":"2022-12-01T09:01:48","date_gmt":"2022-12-01T09:01:48","guid":{"rendered":"https:\/\/logistiikkakeskus.net\/kauppa\/tuote\/puuvillanyori-4mm-musta-50m\/"},"modified":"2026-01-20T09:16:13","modified_gmt":"2026-01-20T07:16:13","slug":"puuvillanyori-4mm-musta-50m","status":"publish","type":"product","link":"https:\/\/logistiikkakeskus.net\/kauppa\/tuote\/puuvillanyori-4mm-musta-50m\/","title":{"rendered":"Puuvillany\u00f6ri 5mm musta (25m)"},"content":{"rendered":"<p>Musta puuvillany\u00f6ri 4mm, pituus 25 metri\u00e4<\/p>\n<p>Puuvillasta kudottu ny\u00f6ri joka sopii hyvin esimerkiksi anorakintaihupparin hupun kiristysny\u00f6riksi ja muihin nauhakujaa k\u00e4ytt\u00e4viinkohteisiin. Sopii hyvin my\u00f6s askarteluun ja somistukseen.<\/p>\n<p><i>Hakusanat: tekstiility\u00f6tarvikkeet, anorakin ny\u00f6rit,nauhakujany\u00f6rit, askartelutarvikkeet, huppariny\u00f6rit, hupparinarut,askarteluny\u00f6rit, anorakkiny\u00f6rit, askartelunarut, ompelutarvikkeet<\/i><\/p>\n","protected":false},"excerpt":{"rendered":"<p>Musta puuvillany\u00f6ri 4mm, pituus 25 metri\u00e4 Puuvillasta kudottu ny\u00f6ri joka sopii hyvin esimerkiksi anorakintaihupparin hupun kiristysny\u00f6riksi ja muihin nauhakujaa k\u00e4ytt\u00e4viinkohteisiin. Sopii hyvin my\u00f6s askarteluun ja somistukseen. Hakusanat: tekstiility\u00f6tarvikkeet, anorakin ny\u00f6rit,nauhakujany\u00f6rit, askartelutarvikkeet, huppariny\u00f6rit, hupparinarut,askarteluny\u00f6rit, anorakkiny\u00f6rit, askartelunarut, ompelutarvikkeet<\/p>\n","protected":false},"featured_media":102385,"comment_status":"open","ping_status":"closed","template":"","meta":[],"product_brand":[],"product_cat":[3309],"product_tag":[],"class_list":{"0":"post-68773","1":"product","2":"type-product","3":"status-publish","4":"has-post-thumbnail","6":"product_cat-koulu-ja-tekstiilityotarvikkeet-tekstiilityotarvikkeet-nauhat-ja-nyorit","8":"first","9":"instock","10":"shipping-taxable","11":"purchasable","12":"product-type-simple"},"_links":{"self":[{"href":"https:\/\/logistiikkakeskus.net\/kauppa\/wp-json\/wp\/v2\/product\/68773","targetHints":{"allow":["GET"]}}],"collection":[{"href":"https:\/\/logistiikkakeskus.net\/kauppa\/wp-json\/wp\/v2\/product"}],"about":[{"href":"https:\/\/logistiikkakeskus.net\/kauppa\/wp-json\/wp\/v2\/types\/product"}],"replies":[{"embeddable":true,"href":"https:\/\/logistiikkakeskus.net\/kauppa\/wp-json\/wp\/v2\/comments?post=68773"}],"wp:featuredmedia":[{"embeddable":true,"href":"https:\/\/logistiikkakeskus.net\/kauppa\/wp-json\/wp\/v2\/media\/102385"}],"wp:attachment":[{"href":"https:\/\/logistiikkakeskus.net\/kauppa\/wp-json\/wp\/v2\/media?parent=68773"}],"wp:term":[{"taxonomy":"product_brand","embeddable":true,"href":"https:\/\/logistiikkakeskus.net\/kauppa\/wp-json\/wp\/v2\/product_brand?post=68773"},{"taxonomy":"product_cat","embeddable":true,"href":"https:\/\/logistiikkakeskus.net\/kauppa\/wp-json\/wp\/v2\/product_cat?post=68773"},{"taxonomy":"product_tag","embeddable":true,"href":"https:\/\/logistiikkakeskus.net\/kauppa\/wp-json\/wp\/v2\/product_tag?post=68773"}],"curies":[{"name":"wp","href":"https:\/\/api.w.org\/{rel}","templated":true}]}}