{"id":68767,"date":"2022-12-01T09:01:46","date_gmt":"2022-12-01T09:01:46","guid":{"rendered":"https:\/\/logistiikkakeskus.net\/kauppa\/tuote\/kuminauha-valkoinen-20mm-50m\/"},"modified":"2026-01-20T09:16:13","modified_gmt":"2026-01-20T07:16:13","slug":"kuminauha-valkoinen-20mm-50m","status":"publish","type":"product","link":"https:\/\/logistiikkakeskus.net\/kauppa\/tuote\/kuminauha-valkoinen-20mm-50m\/","title":{"rendered":"Kuminauha valkoinen 20mm (50m)"},"content":{"rendered":"<p>myyntiyksikk\u00f6 RLL (50 metri\u00e4)<\/p>\n<h2>Valkoinen neulottu Prym kuminauha20 mm, pituus 50 metri\u00e4 <\/h2>\n<p>Napakka ja elastinen kuminauhaneulotussamuodossa yleisk\u00e4ytt\u00f6\u00f6n. Soveltuu hyvin esimerkiksi  erilaisiinompelut\u00f6 ihin, resoreihin ja vy\u00f6t\u00e4r\u00f6kuminauhaksi.<\/p>\n<ul><b>Ominaisuudet:<\/b> <\/p>\n<li>Litte\u00e4 neulottu resorikuminauha\n<li>Kuminauhanleveys 20 mm\n<li>Kuminauhan pituus 50 metri\u00e4\n<li> Venyy lepotilastaan n.+150%\n<li><b>Valkoinen<\/b>\n<li>Pesuohje: konepesu 60 asteessa<\/ul>\n<p><i>Toimittajan tuotenro. 955363 Prym Consumer Finland <br \/>hakusanat:Tekstiility\u00f6tarvikkeet, kuminauhat,  kumilenkit, askartelutarvikkeet,askartelunauhat,  ompelutarvikkeet, kuminarut, kuminy\u00f6rit<\/i><\/p>\n","protected":false},"excerpt":{"rendered":"<p>myyntiyksikk\u00f6 RLL (50 metri\u00e4) Valkoinen neulottu Prym kuminauha20 mm, pituus 50 metri\u00e4 Napakka ja elastinen kuminauhaneulotussamuodossa yleisk\u00e4ytt\u00f6\u00f6n. Soveltuu hyvin esimerkiksi erilaisiinompelut\u00f6 ihin, resoreihin ja vy\u00f6t\u00e4r\u00f6kuminauhaksi. Ominaisuudet: Litte\u00e4 neulottu resorikuminauha Kuminauhanleveys 20 mm Kuminauhan pituus 50 metri\u00e4 Venyy lepotilastaan n.+150% Valkoinen Pesuohje: konepesu 60 asteessa Toimittajan tuotenro. 955363 Prym Consumer Finland hakusanat:Tekstiility\u00f6tarvikkeet, kuminauhat, kumilenkit, askartelutarvikkeet,askartelunauhat, ompelutarvikkeet, [&hellip;]<\/p>\n","protected":false},"featured_media":102382,"comment_status":"open","ping_status":"closed","template":"","meta":[],"product_brand":[],"product_cat":[3309],"product_tag":[],"class_list":{"0":"post-68767","1":"product","2":"type-product","3":"status-publish","4":"has-post-thumbnail","6":"product_cat-koulu-ja-tekstiilityotarvikkeet-tekstiilityotarvikkeet-nauhat-ja-nyorit","8":"first","9":"instock","10":"shipping-taxable","11":"purchasable","12":"product-type-simple"},"_links":{"self":[{"href":"https:\/\/logistiikkakeskus.net\/kauppa\/wp-json\/wp\/v2\/product\/68767","targetHints":{"allow":["GET"]}}],"collection":[{"href":"https:\/\/logistiikkakeskus.net\/kauppa\/wp-json\/wp\/v2\/product"}],"about":[{"href":"https:\/\/logistiikkakeskus.net\/kauppa\/wp-json\/wp\/v2\/types\/product"}],"replies":[{"embeddable":true,"href":"https:\/\/logistiikkakeskus.net\/kauppa\/wp-json\/wp\/v2\/comments?post=68767"}],"wp:featuredmedia":[{"embeddable":true,"href":"https:\/\/logistiikkakeskus.net\/kauppa\/wp-json\/wp\/v2\/media\/102382"}],"wp:attachment":[{"href":"https:\/\/logistiikkakeskus.net\/kauppa\/wp-json\/wp\/v2\/media?parent=68767"}],"wp:term":[{"taxonomy":"product_brand","embeddable":true,"href":"https:\/\/logistiikkakeskus.net\/kauppa\/wp-json\/wp\/v2\/product_brand?post=68767"},{"taxonomy":"product_cat","embeddable":true,"href":"https:\/\/logistiikkakeskus.net\/kauppa\/wp-json\/wp\/v2\/product_cat?post=68767"},{"taxonomy":"product_tag","embeddable":true,"href":"https:\/\/logistiikkakeskus.net\/kauppa\/wp-json\/wp\/v2\/product_tag?post=68767"}],"curies":[{"name":"wp","href":"https:\/\/api.w.org\/{rel}","templated":true}]}}