{"id":68761,"date":"2022-12-01T09:01:45","date_gmt":"2022-12-01T09:01:45","guid":{"rendered":"https:\/\/logistiikkakeskus.net\/kauppa\/tuote\/kuminauha-valkoinen-2mm-250m\/"},"modified":"2026-01-20T09:16:12","modified_gmt":"2026-01-20T07:16:12","slug":"kuminauha-valkoinen-2mm-250m","status":"publish","type":"product","link":"https:\/\/logistiikkakeskus.net\/kauppa\/tuote\/kuminauha-valkoinen-2mm-250m\/","title":{"rendered":"Kuminauha valkoinen 2mm (250m)"},"content":{"rendered":"<p>myyntiyksikk\u00f6 RLL (250 metri\u00e4) ryhm\u00e4pak 16 rll\/ltk <\/p>\n<h2>Valkoinenkuminauha 2.0mm (py\u00f6re\u00e4) 250 metri\u00e4 <\/h2>\n<p>Napakka ja helpostipujoteltava py\u00f6re\u00e4 kuminauha, narumaisessa p\u00e4\u00e4llystetyss\u00e4 muodossa -soveltuu hyvin esim. lastenvaatteiden ja pussinsuiden joustavaankirist\u00e4miseen, kaula- ja rannekorujen sek\u00e4 hiuslenkkien tekoon.<\/p>\n<ul><b> Ominaisuudet:<\/b><\/p>\n<li>Py\u00f6re\u00e4 kuminauha (naru)\n<li> Kuminauhanhalkaisija 2.0 mm\n<li>Kuminauhan pituus 250 metri\u00e4\n<li><b>Valkoinen<\/b>\n<li>Pesuohje: Konepesu 60 asteessa<\/ul>\n<p><i>Toimittajan tuotenro.0006016001022AI Inka Oy<br \/>hakusanat: Tekstiility\u00f6tarvikkeet,kuminauhat, kumilenkit, kuminarut, kuminy\u00f6rit<\/i><\/p>\n","protected":false},"excerpt":{"rendered":"<p>myyntiyksikk\u00f6 RLL (250 metri\u00e4) ryhm\u00e4pak 16 rll\/ltk Valkoinenkuminauha 2.0mm (py\u00f6re\u00e4) 250 metri\u00e4 Napakka ja helpostipujoteltava py\u00f6re\u00e4 kuminauha, narumaisessa p\u00e4\u00e4llystetyss\u00e4 muodossa -soveltuu hyvin esim. lastenvaatteiden ja pussinsuiden joustavaankirist\u00e4miseen, kaula- ja rannekorujen sek\u00e4 hiuslenkkien tekoon. Ominaisuudet: Py\u00f6re\u00e4 kuminauha (naru) Kuminauhanhalkaisija 2.0 mm Kuminauhan pituus 250 metri\u00e4 Valkoinen Pesuohje: Konepesu 60 asteessa Toimittajan tuotenro.0006016001022AI Inka Oyhakusanat: Tekstiility\u00f6tarvikkeet,kuminauhat, kumilenkit, [&hellip;]<\/p>\n","protected":false},"featured_media":102379,"comment_status":"open","ping_status":"closed","template":"","meta":[],"product_brand":[],"product_cat":[3309],"product_tag":[],"class_list":{"0":"post-68761","1":"product","2":"type-product","3":"status-publish","4":"has-post-thumbnail","6":"product_cat-koulu-ja-tekstiilityotarvikkeet-tekstiilityotarvikkeet-nauhat-ja-nyorit","8":"first","9":"instock","10":"shipping-taxable","11":"purchasable","12":"product-type-simple"},"_links":{"self":[{"href":"https:\/\/logistiikkakeskus.net\/kauppa\/wp-json\/wp\/v2\/product\/68761","targetHints":{"allow":["GET"]}}],"collection":[{"href":"https:\/\/logistiikkakeskus.net\/kauppa\/wp-json\/wp\/v2\/product"}],"about":[{"href":"https:\/\/logistiikkakeskus.net\/kauppa\/wp-json\/wp\/v2\/types\/product"}],"replies":[{"embeddable":true,"href":"https:\/\/logistiikkakeskus.net\/kauppa\/wp-json\/wp\/v2\/comments?post=68761"}],"wp:featuredmedia":[{"embeddable":true,"href":"https:\/\/logistiikkakeskus.net\/kauppa\/wp-json\/wp\/v2\/media\/102379"}],"wp:attachment":[{"href":"https:\/\/logistiikkakeskus.net\/kauppa\/wp-json\/wp\/v2\/media?parent=68761"}],"wp:term":[{"taxonomy":"product_brand","embeddable":true,"href":"https:\/\/logistiikkakeskus.net\/kauppa\/wp-json\/wp\/v2\/product_brand?post=68761"},{"taxonomy":"product_cat","embeddable":true,"href":"https:\/\/logistiikkakeskus.net\/kauppa\/wp-json\/wp\/v2\/product_cat?post=68761"},{"taxonomy":"product_tag","embeddable":true,"href":"https:\/\/logistiikkakeskus.net\/kauppa\/wp-json\/wp\/v2\/product_tag?post=68761"}],"curies":[{"name":"wp","href":"https:\/\/api.w.org\/{rel}","templated":true}]}}