{"id":68759,"date":"2022-12-01T09:01:44","date_gmt":"2022-12-01T09:01:44","guid":{"rendered":"https:\/\/logistiikkakeskus.net\/kauppa\/tuote\/satiininauha-10mm-kulta\/"},"modified":"2025-01-16T13:11:55","modified_gmt":"2025-01-16T11:11:55","slug":"satiininauha-10mm-kulta","status":"publish","type":"product","link":"https:\/\/logistiikkakeskus.net\/kauppa\/tuote\/satiininauha-10mm-kulta\/","title":{"rendered":"Satiininauha 10mm, kulta"},"content":{"rendered":"<h2>Kultainen satiininauha 10 mm, pituus 30 metri\u00e4<\/h2>\n<p>Polyesterist\u00e4 valmistettu, kauniisti hohtava satiininauha, jotavoidaan k\u00e4ytt\u00e4\u00e4 tehostekeinona, koristeluun, askarteluun jasomistukseen.<\/p>\n<ul>\n<li>Kulta (nro 15)\n<li>100 % polyesteri\u00e4\n<li>Pesuohje: kest\u00e4\u00e4 konepesun 60 asteessa<\/ul>\n<p><i>Hakusanat: tekstiility\u00f6tarvikkeet, askartelunauhat,askartelutarvikkeet, ompelutarvikkeet, satiininauhat, koristenauhat,somistusnauhat, somistenauhat<\/i><\/p>\n","protected":false},"excerpt":{"rendered":"<p>Kultainen satiininauha 10 mm, pituus 30 metri\u00e4 Polyesterist\u00e4 valmistettu, kauniisti hohtava satiininauha, jotavoidaan k\u00e4ytt\u00e4\u00e4 tehostekeinona, koristeluun, askarteluun jasomistukseen. Kulta (nro 15) 100 % polyesteri\u00e4 Pesuohje: kest\u00e4\u00e4 konepesun 60 asteessa Hakusanat: tekstiility\u00f6tarvikkeet, askartelunauhat,askartelutarvikkeet, ompelutarvikkeet, satiininauhat, koristenauhat,somistusnauhat, somistenauhat<\/p>\n","protected":false},"featured_media":0,"comment_status":"open","ping_status":"closed","template":"","meta":[],"product_brand":[],"product_cat":[3309],"product_tag":[],"class_list":{"0":"post-68759","1":"product","2":"type-product","3":"status-publish","5":"product_cat-koulu-ja-tekstiilityotarvikkeet-tekstiilityotarvikkeet-nauhat-ja-nyorit","7":"first","8":"instock","9":"shipping-taxable","10":"purchasable","11":"product-type-simple"},"_links":{"self":[{"href":"https:\/\/logistiikkakeskus.net\/kauppa\/wp-json\/wp\/v2\/product\/68759","targetHints":{"allow":["GET"]}}],"collection":[{"href":"https:\/\/logistiikkakeskus.net\/kauppa\/wp-json\/wp\/v2\/product"}],"about":[{"href":"https:\/\/logistiikkakeskus.net\/kauppa\/wp-json\/wp\/v2\/types\/product"}],"replies":[{"embeddable":true,"href":"https:\/\/logistiikkakeskus.net\/kauppa\/wp-json\/wp\/v2\/comments?post=68759"}],"wp:attachment":[{"href":"https:\/\/logistiikkakeskus.net\/kauppa\/wp-json\/wp\/v2\/media?parent=68759"}],"wp:term":[{"taxonomy":"product_brand","embeddable":true,"href":"https:\/\/logistiikkakeskus.net\/kauppa\/wp-json\/wp\/v2\/product_brand?post=68759"},{"taxonomy":"product_cat","embeddable":true,"href":"https:\/\/logistiikkakeskus.net\/kauppa\/wp-json\/wp\/v2\/product_cat?post=68759"},{"taxonomy":"product_tag","embeddable":true,"href":"https:\/\/logistiikkakeskus.net\/kauppa\/wp-json\/wp\/v2\/product_tag?post=68759"}],"curies":[{"name":"wp","href":"https:\/\/api.w.org\/{rel}","templated":true}]}}