{"id":68757,"date":"2022-12-01T09:01:43","date_gmt":"2022-12-01T09:01:43","guid":{"rendered":"https:\/\/logistiikkakeskus.net\/kauppa\/tuote\/satiininauha-10mm-t-vihrea\/"},"modified":"2026-01-20T09:16:12","modified_gmt":"2026-01-20T07:16:12","slug":"satiininauha-10mm-t-vihrea","status":"publish","type":"product","link":"https:\/\/logistiikkakeskus.net\/kauppa\/tuote\/satiininauha-10mm-t-vihrea\/","title":{"rendered":"Satiininauha 10mm, t.vihre\u00e4"},"content":{"rendered":"<h2> Tummanvihre\u00e4 satiininauha Gold-Zack 10 mm, pituus 30 metri\u00e4<\/h2>\n<p>Polyesterist\u00e4 valmistettukauniisti hohtava satiininauha, jota voidaank\u00e4ytt\u00e4\u00e4 tehostekeinona, koristeluun, askarteluun ja somistukseen.<\/p>\n<ul><b>Ominaisuudet:<\/b><\/p>\n<li>Ylellinen satiininauha\n<li>Satiininauhan leveys10 mm\n<li>Satiininauhan pituus 30 metri\u00e4\n<li> Tummanvihre\u00e4 (nro.46)\n<li>100% polyesteri\u00e4\n<li>Pesuohje: kest\u00e4\u00e4 konepesun 60 asteessa<\/ul>\n<p><i><br \/> hakusanat: Tekstiility\u00f6tarvikkeet, askartelunauhatsatiininauhat, koristenauhat, somistusnauhat, somistenauhat <\/i><\/p>\n","protected":false},"excerpt":{"rendered":"<p>Tummanvihre\u00e4 satiininauha Gold-Zack 10 mm, pituus 30 metri\u00e4 Polyesterist\u00e4 valmistettukauniisti hohtava satiininauha, jota voidaank\u00e4ytt\u00e4\u00e4 tehostekeinona, koristeluun, askarteluun ja somistukseen. Ominaisuudet: Ylellinen satiininauha Satiininauhan leveys10 mm Satiininauhan pituus 30 metri\u00e4 Tummanvihre\u00e4 (nro.46) 100% polyesteri\u00e4 Pesuohje: kest\u00e4\u00e4 konepesun 60 asteessa hakusanat: Tekstiility\u00f6tarvikkeet, askartelunauhatsatiininauhat, koristenauhat, somistusnauhat, somistenauhat<\/p>\n","protected":false},"featured_media":102378,"comment_status":"open","ping_status":"closed","template":"","meta":[],"product_brand":[],"product_cat":[3309],"product_tag":[],"class_list":{"0":"post-68757","1":"product","2":"type-product","3":"status-publish","4":"has-post-thumbnail","6":"product_cat-koulu-ja-tekstiilityotarvikkeet-tekstiilityotarvikkeet-nauhat-ja-nyorit","8":"first","9":"instock","10":"shipping-taxable","11":"purchasable","12":"product-type-simple"},"_links":{"self":[{"href":"https:\/\/logistiikkakeskus.net\/kauppa\/wp-json\/wp\/v2\/product\/68757","targetHints":{"allow":["GET"]}}],"collection":[{"href":"https:\/\/logistiikkakeskus.net\/kauppa\/wp-json\/wp\/v2\/product"}],"about":[{"href":"https:\/\/logistiikkakeskus.net\/kauppa\/wp-json\/wp\/v2\/types\/product"}],"replies":[{"embeddable":true,"href":"https:\/\/logistiikkakeskus.net\/kauppa\/wp-json\/wp\/v2\/comments?post=68757"}],"wp:featuredmedia":[{"embeddable":true,"href":"https:\/\/logistiikkakeskus.net\/kauppa\/wp-json\/wp\/v2\/media\/102378"}],"wp:attachment":[{"href":"https:\/\/logistiikkakeskus.net\/kauppa\/wp-json\/wp\/v2\/media?parent=68757"}],"wp:term":[{"taxonomy":"product_brand","embeddable":true,"href":"https:\/\/logistiikkakeskus.net\/kauppa\/wp-json\/wp\/v2\/product_brand?post=68757"},{"taxonomy":"product_cat","embeddable":true,"href":"https:\/\/logistiikkakeskus.net\/kauppa\/wp-json\/wp\/v2\/product_cat?post=68757"},{"taxonomy":"product_tag","embeddable":true,"href":"https:\/\/logistiikkakeskus.net\/kauppa\/wp-json\/wp\/v2\/product_tag?post=68757"}],"curies":[{"name":"wp","href":"https:\/\/api.w.org\/{rel}","templated":true}]}}