{"id":68749,"date":"2022-12-01T09:01:41","date_gmt":"2022-12-01T09:01:41","guid":{"rendered":"https:\/\/logistiikkakeskus.net\/kauppa\/tuote\/satiininauha-10mm-v-punainen\/"},"modified":"2026-01-20T09:16:12","modified_gmt":"2026-01-20T07:16:12","slug":"satiininauha-10mm-v-punainen","status":"publish","type":"product","link":"https:\/\/logistiikkakeskus.net\/kauppa\/tuote\/satiininauha-10mm-v-punainen\/","title":{"rendered":"Satiininauha 10mm, vaaleanpunainen"},"content":{"rendered":"<h2>Vaaleanpunainen satiininauha 10 mm, pituus 30 metri\u00e4<\/h2>\n<p>Polyesterist\u00e4 valmistettu, kauniisti hohtava satiininauha, jotavoidaan k\u00e4ytt\u00e4\u00e4 tehostekeinona, koristeluun, askarteluun jasomistukseen.<\/p>\n<ul>\n<li>Vaaleanpunainen (roosa)\n<li>100 % polyesteri\u00e4\n<li>Pesuohje: kest\u00e4\u00e4 konepesun 60 asteessa<\/ul>\n<p><i>Hakusanat: tekstiility\u00f6tarvikkeet, askartelunauhat,askartelutarvikkeet, ompelutarvikkeet, satiininauhat, koristenauhat,somistusnauhat, somistenauhat<\/i><\/p>\n","protected":false},"excerpt":{"rendered":"<p>Vaaleanpunainen satiininauha 10 mm, pituus 30 metri\u00e4 Polyesterist\u00e4 valmistettu, kauniisti hohtava satiininauha, jotavoidaan k\u00e4ytt\u00e4\u00e4 tehostekeinona, koristeluun, askarteluun jasomistukseen. Vaaleanpunainen (roosa) 100 % polyesteri\u00e4 Pesuohje: kest\u00e4\u00e4 konepesun 60 asteessa Hakusanat: tekstiility\u00f6tarvikkeet, askartelunauhat,askartelutarvikkeet, ompelutarvikkeet, satiininauhat, koristenauhat,somistusnauhat, somistenauhat<\/p>\n","protected":false},"featured_media":102374,"comment_status":"open","ping_status":"closed","template":"","meta":[],"product_brand":[],"product_cat":[3309],"product_tag":[],"class_list":{"0":"post-68749","1":"product","2":"type-product","3":"status-publish","4":"has-post-thumbnail","6":"product_cat-koulu-ja-tekstiilityotarvikkeet-tekstiilityotarvikkeet-nauhat-ja-nyorit","8":"first","9":"instock","10":"shipping-taxable","11":"purchasable","12":"product-type-simple"},"_links":{"self":[{"href":"https:\/\/logistiikkakeskus.net\/kauppa\/wp-json\/wp\/v2\/product\/68749","targetHints":{"allow":["GET"]}}],"collection":[{"href":"https:\/\/logistiikkakeskus.net\/kauppa\/wp-json\/wp\/v2\/product"}],"about":[{"href":"https:\/\/logistiikkakeskus.net\/kauppa\/wp-json\/wp\/v2\/types\/product"}],"replies":[{"embeddable":true,"href":"https:\/\/logistiikkakeskus.net\/kauppa\/wp-json\/wp\/v2\/comments?post=68749"}],"wp:featuredmedia":[{"embeddable":true,"href":"https:\/\/logistiikkakeskus.net\/kauppa\/wp-json\/wp\/v2\/media\/102374"}],"wp:attachment":[{"href":"https:\/\/logistiikkakeskus.net\/kauppa\/wp-json\/wp\/v2\/media?parent=68749"}],"wp:term":[{"taxonomy":"product_brand","embeddable":true,"href":"https:\/\/logistiikkakeskus.net\/kauppa\/wp-json\/wp\/v2\/product_brand?post=68749"},{"taxonomy":"product_cat","embeddable":true,"href":"https:\/\/logistiikkakeskus.net\/kauppa\/wp-json\/wp\/v2\/product_cat?post=68749"},{"taxonomy":"product_tag","embeddable":true,"href":"https:\/\/logistiikkakeskus.net\/kauppa\/wp-json\/wp\/v2\/product_tag?post=68749"}],"curies":[{"name":"wp","href":"https:\/\/api.w.org\/{rel}","templated":true}]}}