{"id":68743,"date":"2022-12-01T09:01:39","date_gmt":"2022-12-01T09:01:39","guid":{"rendered":"https:\/\/logistiikkakeskus.net\/kauppa\/tuote\/vinonauha-20mm-t-ruskea\/"},"modified":"2026-01-20T09:16:12","modified_gmt":"2026-01-20T07:16:12","slug":"vinonauha-20mm-t-ruskea","status":"publish","type":"product","link":"https:\/\/logistiikkakeskus.net\/kauppa\/tuote\/vinonauha-20mm-t-ruskea\/","title":{"rendered":"Vinonauha 20mm, t.ruskea"},"content":{"rendered":"<h2>Tummanruskea  vinonauha 20 mm, pituus 20 metri\u00e4<\/h2>\n<p> Perinteinenpuuvillasta valmistettu, joustava kanttinauha, jota voidaan k\u00e4ytt\u00e4\u00e4esimerkiksi kankaan reunojen viimeistelyyn, k\u00e4\u00e4nteiden jasaumojenvahvistukseen sek\u00e4 askarteluun.<\/p>\n<ul> <b>Ominaisuudet:<\/b><\/p>\n<li>Perinte inen vinonauha\n<li> Vinonauhan leveys 20 mm\n<li>Vinonauhanpituus 20 metri\u00e4\n<li>Tummanruskea (nro.1635)\n<li>100%  puuvillaa\n<li>Pesuohje: kest\u00e4\u00e4 konepesun 60 asteessa<\/ul>\n<p><i> hakusanat:vinonauhat, askartelunauhat, vinokanttinauhat<\/i><\/p>\n","protected":false},"excerpt":{"rendered":"<p>Tummanruskea vinonauha 20 mm, pituus 20 metri\u00e4 Perinteinenpuuvillasta valmistettu, joustava kanttinauha, jota voidaan k\u00e4ytt\u00e4\u00e4esimerkiksi kankaan reunojen viimeistelyyn, k\u00e4\u00e4nteiden jasaumojenvahvistukseen sek\u00e4 askarteluun. Ominaisuudet: Perinte inen vinonauha Vinonauhan leveys 20 mm Vinonauhanpituus 20 metri\u00e4 Tummanruskea (nro.1635) 100% puuvillaa Pesuohje: kest\u00e4\u00e4 konepesun 60 asteessa hakusanat:vinonauhat, askartelunauhat, vinokanttinauhat<\/p>\n","protected":false},"featured_media":102371,"comment_status":"open","ping_status":"closed","template":"","meta":[],"product_brand":[],"product_cat":[3309],"product_tag":[],"class_list":{"0":"post-68743","1":"product","2":"type-product","3":"status-publish","4":"has-post-thumbnail","6":"product_cat-koulu-ja-tekstiilityotarvikkeet-tekstiilityotarvikkeet-nauhat-ja-nyorit","8":"first","9":"instock","10":"shipping-taxable","11":"purchasable","12":"product-type-simple"},"_links":{"self":[{"href":"https:\/\/logistiikkakeskus.net\/kauppa\/wp-json\/wp\/v2\/product\/68743","targetHints":{"allow":["GET"]}}],"collection":[{"href":"https:\/\/logistiikkakeskus.net\/kauppa\/wp-json\/wp\/v2\/product"}],"about":[{"href":"https:\/\/logistiikkakeskus.net\/kauppa\/wp-json\/wp\/v2\/types\/product"}],"replies":[{"embeddable":true,"href":"https:\/\/logistiikkakeskus.net\/kauppa\/wp-json\/wp\/v2\/comments?post=68743"}],"wp:featuredmedia":[{"embeddable":true,"href":"https:\/\/logistiikkakeskus.net\/kauppa\/wp-json\/wp\/v2\/media\/102371"}],"wp:attachment":[{"href":"https:\/\/logistiikkakeskus.net\/kauppa\/wp-json\/wp\/v2\/media?parent=68743"}],"wp:term":[{"taxonomy":"product_brand","embeddable":true,"href":"https:\/\/logistiikkakeskus.net\/kauppa\/wp-json\/wp\/v2\/product_brand?post=68743"},{"taxonomy":"product_cat","embeddable":true,"href":"https:\/\/logistiikkakeskus.net\/kauppa\/wp-json\/wp\/v2\/product_cat?post=68743"},{"taxonomy":"product_tag","embeddable":true,"href":"https:\/\/logistiikkakeskus.net\/kauppa\/wp-json\/wp\/v2\/product_tag?post=68743"}],"curies":[{"name":"wp","href":"https:\/\/api.w.org\/{rel}","templated":true}]}}