{"id":68739,"date":"2022-12-01T09:01:38","date_gmt":"2022-12-01T09:01:38","guid":{"rendered":"https:\/\/logistiikkakeskus.net\/kauppa\/tuote\/vinonauha-20mm-vihrea\/"},"modified":"2026-01-20T09:16:12","modified_gmt":"2026-01-20T07:16:12","slug":"vinonauha-20mm-vihrea","status":"publish","type":"product","link":"https:\/\/logistiikkakeskus.net\/kauppa\/tuote\/vinonauha-20mm-vihrea\/","title":{"rendered":"Vinonauha 20mm, vihre\u00e4"},"content":{"rendered":"<h2>Vihre\u00e4 vinonauha 20 mm, pituus 20 metri\u00e4<\/h2>\n<p>Perinteinenpuuvillasta valmistettu, joustava kanttinauha, jota voidaan k\u00e4ytt\u00e4\u00e4esimerkiksi kankaan reunojen viimeistelyyn, k\u00e4\u00e4nteiden ja saumojenvahvistukseen sek\u00e4 askarteluun.<\/p>\n<ul><b>Ominaisuudet:<\/b><\/p>\n<li>Perinteinen vinonauha\n<li>Vinonauhan leveys 20 mm\n<li>Vinonauhan pituus 20 metri\u00e4\n<li>Vihre\u00e4 (nro.650)\n<li>100% puuvillaa\n<li>Pesuohje: kest\u00e4\u00e4konepesun 60 asteessa<\/ul>\n<p><i>hakusanat:Tekstiility\u00f6tarvikkeet,askartelunauhat, vinonauhat, ompelutarvikkeet, vinokanttinauhat,askartelutarvikkeet<\/i><\/p>\n","protected":false},"excerpt":{"rendered":"<p>Vihre\u00e4 vinonauha 20 mm, pituus 20 metri\u00e4 Perinteinenpuuvillasta valmistettu, joustava kanttinauha, jota voidaan k\u00e4ytt\u00e4\u00e4esimerkiksi kankaan reunojen viimeistelyyn, k\u00e4\u00e4nteiden ja saumojenvahvistukseen sek\u00e4 askarteluun. Ominaisuudet: Perinteinen vinonauha Vinonauhan leveys 20 mm Vinonauhan pituus 20 metri\u00e4 Vihre\u00e4 (nro.650) 100% puuvillaa Pesuohje: kest\u00e4\u00e4konepesun 60 asteessa hakusanat:Tekstiility\u00f6tarvikkeet,askartelunauhat, vinonauhat, ompelutarvikkeet, vinokanttinauhat,askartelutarvikkeet<\/p>\n","protected":false},"featured_media":102369,"comment_status":"open","ping_status":"closed","template":"","meta":[],"product_brand":[],"product_cat":[3309],"product_tag":[],"class_list":{"0":"post-68739","1":"product","2":"type-product","3":"status-publish","4":"has-post-thumbnail","6":"product_cat-koulu-ja-tekstiilityotarvikkeet-tekstiilityotarvikkeet-nauhat-ja-nyorit","8":"first","9":"instock","10":"shipping-taxable","11":"purchasable","12":"product-type-simple"},"_links":{"self":[{"href":"https:\/\/logistiikkakeskus.net\/kauppa\/wp-json\/wp\/v2\/product\/68739","targetHints":{"allow":["GET"]}}],"collection":[{"href":"https:\/\/logistiikkakeskus.net\/kauppa\/wp-json\/wp\/v2\/product"}],"about":[{"href":"https:\/\/logistiikkakeskus.net\/kauppa\/wp-json\/wp\/v2\/types\/product"}],"replies":[{"embeddable":true,"href":"https:\/\/logistiikkakeskus.net\/kauppa\/wp-json\/wp\/v2\/comments?post=68739"}],"wp:featuredmedia":[{"embeddable":true,"href":"https:\/\/logistiikkakeskus.net\/kauppa\/wp-json\/wp\/v2\/media\/102369"}],"wp:attachment":[{"href":"https:\/\/logistiikkakeskus.net\/kauppa\/wp-json\/wp\/v2\/media?parent=68739"}],"wp:term":[{"taxonomy":"product_brand","embeddable":true,"href":"https:\/\/logistiikkakeskus.net\/kauppa\/wp-json\/wp\/v2\/product_brand?post=68739"},{"taxonomy":"product_cat","embeddable":true,"href":"https:\/\/logistiikkakeskus.net\/kauppa\/wp-json\/wp\/v2\/product_cat?post=68739"},{"taxonomy":"product_tag","embeddable":true,"href":"https:\/\/logistiikkakeskus.net\/kauppa\/wp-json\/wp\/v2\/product_tag?post=68739"}],"curies":[{"name":"wp","href":"https:\/\/api.w.org\/{rel}","templated":true}]}}