{"id":68735,"date":"2022-12-01T09:01:37","date_gmt":"2022-12-01T09:01:37","guid":{"rendered":"https:\/\/logistiikkakeskus.net\/kauppa\/tuote\/vinonauha-20mm-lila\/"},"modified":"2026-01-20T09:16:12","modified_gmt":"2026-01-20T07:16:12","slug":"vinonauha-20mm-lila","status":"publish","type":"product","link":"https:\/\/logistiikkakeskus.net\/kauppa\/tuote\/vinonauha-20mm-lila\/","title":{"rendered":"Vinonauha 20mm, lila"},"content":{"rendered":"<p>TUOTE POISTUU VALIKOILMASTA ER\u00c4N LOPPUESSA<br \/> myyntiyksikk\u00f6 KPL (4.8metri\u00e4)<\/p>\n<h2>Lila  vinonauha 20 mm, pituus 4.8 metri\u00e4<\/h2>\n<p>Perinteinen puuvillasta valmistettu, joustava kanttinauha, jota voidaank\u00e4ytt\u00e4\u00e4 esimerkiksi kankaan reunojen viimeistelyyn, k\u00e4\u00e4nteiden jasaumojen vahvistukseen sek\u00e4 askarteluun.<\/p>\n<ul> <b>Ominaisuudet:<\/b><\/p>\n<li>Perinteinen vinonauha\n<li> Vinonauhan leveys 20 mm\n<li>Vinonauhanpituus 4.8 metri\u00e4\n<li>Lila \/ violetti (nro.770)\n<li>100% puuvillaa\n<li>Pesuohje: kest\u00e4\u00e4 konepesun 60 asteessa<\/ul>\n<p><i>Toimittajantuotenro. 3002.20.05860 Coats Opti<br \/>hakusanat: vinonauhat,askartelunauhat, vinokanttinauhat , aletuote, alennustuote, -30%<\/i><\/p>\n","protected":false},"excerpt":{"rendered":"<p>TUOTE POISTUU VALIKOILMASTA ER\u00c4N LOPPUESSA myyntiyksikk\u00f6 KPL (4.8metri\u00e4) Lila vinonauha 20 mm, pituus 4.8 metri\u00e4 Perinteinen puuvillasta valmistettu, joustava kanttinauha, jota voidaank\u00e4ytt\u00e4\u00e4 esimerkiksi kankaan reunojen viimeistelyyn, k\u00e4\u00e4nteiden jasaumojen vahvistukseen sek\u00e4 askarteluun. Ominaisuudet: Perinteinen vinonauha Vinonauhan leveys 20 mm Vinonauhanpituus 4.8 metri\u00e4 Lila \/ violetti (nro.770) 100% puuvillaa Pesuohje: kest\u00e4\u00e4 konepesun 60 asteessa Toimittajantuotenro. 3002.20.05860 Coats [&hellip;]<\/p>\n","protected":false},"featured_media":102367,"comment_status":"open","ping_status":"closed","template":"","meta":[],"product_brand":[],"product_cat":[3309],"product_tag":[],"class_list":{"0":"post-68735","1":"product","2":"type-product","3":"status-publish","4":"has-post-thumbnail","6":"product_cat-koulu-ja-tekstiilityotarvikkeet-tekstiilityotarvikkeet-nauhat-ja-nyorit","8":"first","9":"instock","10":"shipping-taxable","11":"purchasable","12":"product-type-simple"},"_links":{"self":[{"href":"https:\/\/logistiikkakeskus.net\/kauppa\/wp-json\/wp\/v2\/product\/68735","targetHints":{"allow":["GET"]}}],"collection":[{"href":"https:\/\/logistiikkakeskus.net\/kauppa\/wp-json\/wp\/v2\/product"}],"about":[{"href":"https:\/\/logistiikkakeskus.net\/kauppa\/wp-json\/wp\/v2\/types\/product"}],"replies":[{"embeddable":true,"href":"https:\/\/logistiikkakeskus.net\/kauppa\/wp-json\/wp\/v2\/comments?post=68735"}],"wp:featuredmedia":[{"embeddable":true,"href":"https:\/\/logistiikkakeskus.net\/kauppa\/wp-json\/wp\/v2\/media\/102367"}],"wp:attachment":[{"href":"https:\/\/logistiikkakeskus.net\/kauppa\/wp-json\/wp\/v2\/media?parent=68735"}],"wp:term":[{"taxonomy":"product_brand","embeddable":true,"href":"https:\/\/logistiikkakeskus.net\/kauppa\/wp-json\/wp\/v2\/product_brand?post=68735"},{"taxonomy":"product_cat","embeddable":true,"href":"https:\/\/logistiikkakeskus.net\/kauppa\/wp-json\/wp\/v2\/product_cat?post=68735"},{"taxonomy":"product_tag","embeddable":true,"href":"https:\/\/logistiikkakeskus.net\/kauppa\/wp-json\/wp\/v2\/product_tag?post=68735"}],"curies":[{"name":"wp","href":"https:\/\/api.w.org\/{rel}","templated":true}]}}