{"id":68729,"date":"2022-12-01T09:01:35","date_gmt":"2022-12-01T09:01:35","guid":{"rendered":"https:\/\/logistiikkakeskus.net\/kauppa\/tuote\/vinonauha-20mm-musta\/"},"modified":"2026-01-20T09:16:11","modified_gmt":"2026-01-20T07:16:11","slug":"vinonauha-20mm-musta","status":"publish","type":"product","link":"https:\/\/logistiikkakeskus.net\/kauppa\/tuote\/vinonauha-20mm-musta\/","title":{"rendered":"Vinonauha 20mm, musta"},"content":{"rendered":"<h2>Musta vinonauha 20 mm, pituus 20 metri\u00e4<\/h2>\n<p>Perinteinenpuuvillasta valmistettu, joustava kanttinauha, jota voidaan k\u00e4ytt\u00e4\u00e4esimerkiksi kankaan reunojen viimeistelyyn, k\u00e4\u00e4nteiden ja saumojenvahvistukseen sek\u00e4 askarteluun.<\/p>\n<ul> <b>Ominaisuudet:<\/b><\/p>\n<li>Perinteinen vinonauha\n<li>Vinonauhan leveys 20 mm\n<li>Vinonauhanpituus 20  metri\u00e4\n<li>Musta (nro.0 01)\n<li>100% puuvillaa\n<li>Pesuohje:kest\u00e4\u00e4 konepesun 60 asteessa<\/ul>\n<p><i>Toimittajan tuotenro.3002.20.00120 Prym Consumer Finland<br \/>hakusan at: vinokanttinauhat,tekstiility\u00f6tarvikkeet, askartelutarvikkeet, askartelunauhat,vinonauhat, ompelutarvikkeet <\/i><\/p>\n","protected":false},"excerpt":{"rendered":"<p>Musta vinonauha 20 mm, pituus 20 metri\u00e4 Perinteinenpuuvillasta valmistettu, joustava kanttinauha, jota voidaan k\u00e4ytt\u00e4\u00e4esimerkiksi kankaan reunojen viimeistelyyn, k\u00e4\u00e4nteiden ja saumojenvahvistukseen sek\u00e4 askarteluun. Ominaisuudet: Perinteinen vinonauha Vinonauhan leveys 20 mm Vinonauhanpituus 20 metri\u00e4 Musta (nro.0 01) 100% puuvillaa Pesuohje:kest\u00e4\u00e4 konepesun 60 asteessa Toimittajan tuotenro.3002.20.00120 Prym Consumer Finlandhakusan at: vinokanttinauhat,tekstiility\u00f6tarvikkeet, askartelutarvikkeet, askartelunauhat,vinonauhat, ompelutarvikkeet<\/p>\n","protected":false},"featured_media":102364,"comment_status":"open","ping_status":"closed","template":"","meta":[],"product_brand":[],"product_cat":[3309],"product_tag":[],"class_list":{"0":"post-68729","1":"product","2":"type-product","3":"status-publish","4":"has-post-thumbnail","6":"product_cat-koulu-ja-tekstiilityotarvikkeet-tekstiilityotarvikkeet-nauhat-ja-nyorit","8":"first","9":"instock","10":"shipping-taxable","11":"purchasable","12":"product-type-simple"},"_links":{"self":[{"href":"https:\/\/logistiikkakeskus.net\/kauppa\/wp-json\/wp\/v2\/product\/68729","targetHints":{"allow":["GET"]}}],"collection":[{"href":"https:\/\/logistiikkakeskus.net\/kauppa\/wp-json\/wp\/v2\/product"}],"about":[{"href":"https:\/\/logistiikkakeskus.net\/kauppa\/wp-json\/wp\/v2\/types\/product"}],"replies":[{"embeddable":true,"href":"https:\/\/logistiikkakeskus.net\/kauppa\/wp-json\/wp\/v2\/comments?post=68729"}],"wp:featuredmedia":[{"embeddable":true,"href":"https:\/\/logistiikkakeskus.net\/kauppa\/wp-json\/wp\/v2\/media\/102364"}],"wp:attachment":[{"href":"https:\/\/logistiikkakeskus.net\/kauppa\/wp-json\/wp\/v2\/media?parent=68729"}],"wp:term":[{"taxonomy":"product_brand","embeddable":true,"href":"https:\/\/logistiikkakeskus.net\/kauppa\/wp-json\/wp\/v2\/product_brand?post=68729"},{"taxonomy":"product_cat","embeddable":true,"href":"https:\/\/logistiikkakeskus.net\/kauppa\/wp-json\/wp\/v2\/product_cat?post=68729"},{"taxonomy":"product_tag","embeddable":true,"href":"https:\/\/logistiikkakeskus.net\/kauppa\/wp-json\/wp\/v2\/product_tag?post=68729"}],"curies":[{"name":"wp","href":"https:\/\/api.w.org\/{rel}","templated":true}]}}