{"id":68723,"date":"2022-12-01T09:01:33","date_gmt":"2022-12-01T09:01:33","guid":{"rendered":"https:\/\/logistiikkakeskus.net\/kauppa\/tuote\/kanttinauha-13-mm-50-m-valk\/"},"modified":"2026-01-20T09:16:11","modified_gmt":"2026-01-20T07:16:11","slug":"kanttinauha-13-mm-50-m-valk","status":"publish","type":"product","link":"https:\/\/logistiikkakeskus.net\/kauppa\/tuote\/kanttinauha-13-mm-50-m-valk\/","title":{"rendered":"Kanttinauha 13 mm (50 m) valk"},"content":{"rendered":"<p>Myyntiyksikk\u00f6 RLL (50 metri\u00e4)<\/p>\n<h2>Valkoinen kanttinauha 13 mm, pituus 50 metri\u00e4<\/h2>\n<p>Puuvillasta valmistettu, joustamaton kanttinauha, jota voidaank\u00e4ytt\u00e4\u00e4 esim. kankaan reunojen viimeistelyyn, ripustuslenkin taikaulanauhan tekoon, k\u00e4\u00e4nteiden ja saumojen vahvistukseen sek\u00e4askarteluun.<\/p>\n<p><i>Hakusanat: tekstiility\u00f6tarvikkeet, kanttinauhat,askartelutarvikkeet, askartelunauhat, vinokanttinauhat, ompelutarvikkeet<\/i><\/p>\n","protected":false},"excerpt":{"rendered":"<p>Myyntiyksikk\u00f6 RLL (50 metri\u00e4) Valkoinen kanttinauha 13 mm, pituus 50 metri\u00e4 Puuvillasta valmistettu, joustamaton kanttinauha, jota voidaank\u00e4ytt\u00e4\u00e4 esim. kankaan reunojen viimeistelyyn, ripustuslenkin taikaulanauhan tekoon, k\u00e4\u00e4nteiden ja saumojen vahvistukseen sek\u00e4askarteluun. Hakusanat: tekstiility\u00f6tarvikkeet, kanttinauhat,askartelutarvikkeet, askartelunauhat, vinokanttinauhat, ompelutarvikkeet<\/p>\n","protected":false},"featured_media":102361,"comment_status":"open","ping_status":"closed","template":"","meta":[],"product_brand":[],"product_cat":[3309],"product_tag":[],"class_list":{"0":"post-68723","1":"product","2":"type-product","3":"status-publish","4":"has-post-thumbnail","6":"product_cat-koulu-ja-tekstiilityotarvikkeet-tekstiilityotarvikkeet-nauhat-ja-nyorit","8":"first","9":"instock","10":"shipping-taxable","11":"purchasable","12":"product-type-simple"},"_links":{"self":[{"href":"https:\/\/logistiikkakeskus.net\/kauppa\/wp-json\/wp\/v2\/product\/68723","targetHints":{"allow":["GET"]}}],"collection":[{"href":"https:\/\/logistiikkakeskus.net\/kauppa\/wp-json\/wp\/v2\/product"}],"about":[{"href":"https:\/\/logistiikkakeskus.net\/kauppa\/wp-json\/wp\/v2\/types\/product"}],"replies":[{"embeddable":true,"href":"https:\/\/logistiikkakeskus.net\/kauppa\/wp-json\/wp\/v2\/comments?post=68723"}],"wp:featuredmedia":[{"embeddable":true,"href":"https:\/\/logistiikkakeskus.net\/kauppa\/wp-json\/wp\/v2\/media\/102361"}],"wp:attachment":[{"href":"https:\/\/logistiikkakeskus.net\/kauppa\/wp-json\/wp\/v2\/media?parent=68723"}],"wp:term":[{"taxonomy":"product_brand","embeddable":true,"href":"https:\/\/logistiikkakeskus.net\/kauppa\/wp-json\/wp\/v2\/product_brand?post=68723"},{"taxonomy":"product_cat","embeddable":true,"href":"https:\/\/logistiikkakeskus.net\/kauppa\/wp-json\/wp\/v2\/product_cat?post=68723"},{"taxonomy":"product_tag","embeddable":true,"href":"https:\/\/logistiikkakeskus.net\/kauppa\/wp-json\/wp\/v2\/product_tag?post=68723"}],"curies":[{"name":"wp","href":"https:\/\/api.w.org\/{rel}","templated":true}]}}