{"id":68719,"date":"2022-12-01T09:01:32","date_gmt":"2022-12-01T09:01:32","guid":{"rendered":"https:\/\/logistiikkakeskus.net\/kauppa\/tuote\/hopealanka-25g\/"},"modified":"2026-01-20T09:16:11","modified_gmt":"2026-01-20T07:16:11","slug":"hopealanka-25g","status":"publish","type":"product","link":"https:\/\/logistiikkakeskus.net\/kauppa\/tuote\/hopealanka-25g\/","title":{"rendered":"Hopealanka 25g"},"content":{"rendered":"<p>myyntiyksikk\u00f6 RLL (100 metri\u00e4), ryhm\u00e4p. 10 rll\/ras <\/p>\n<h2>HopealankaAnchor25g, 100 metri\u00e4<\/h2>\n<p> S\u00e4ihkyv\u00e4n kaunis hopealanka, joka sopiihyvin a susteisiin s\u00e4v\u00e4ytt\u00e4v\u00e4ksi yksityiskohdaksi, koristeompeluun jaaskarteluun.<\/p>\n<ul><b> Ominaisuudet<\/b><\/p>\n<li>Metallinhohtava hopealanka(tummentumaton)\n<li>Materiaalina 20% metallisoitu polyesteri ja 80%viskoosi\n<li>Sopiva virkkuukoukku  2 &#8211; 3mm\n<li>Sopiva neulakoko 3,25 mm\n<li>Ker\u00e4ss\u00e4 lankaa 25g (n. 100 metri\u00e4)\n<li>Pesuohje: k\u00e4sinpesu40-asteessa<\/ul>\n<p><i>Toimittajan tuotenro. 4716301 Prym ConsumerFinland<br \/>hakusanat: askartelulanka, ompelunlanka, ompelutarvikkeet,koristelanka, askartelutarvikkeet, Tekstiility\u00f6tarvikkeet<\/i><\/p>\n","protected":false},"excerpt":{"rendered":"<p>myyntiyksikk\u00f6 RLL (100 metri\u00e4), ryhm\u00e4p. 10 rll\/ras HopealankaAnchor25g, 100 metri\u00e4 S\u00e4ihkyv\u00e4n kaunis hopealanka, joka sopiihyvin a susteisiin s\u00e4v\u00e4ytt\u00e4v\u00e4ksi yksityiskohdaksi, koristeompeluun jaaskarteluun. Ominaisuudet Metallinhohtava hopealanka(tummentumaton) Materiaalina 20% metallisoitu polyesteri ja 80%viskoosi Sopiva virkkuukoukku 2 &#8211; 3mm Sopiva neulakoko 3,25 mm Ker\u00e4ss\u00e4 lankaa 25g (n. 100 metri\u00e4) Pesuohje: k\u00e4sinpesu40-asteessa Toimittajan tuotenro. 4716301 Prym ConsumerFinlandhakusanat: askartelulanka, ompelunlanka, ompelutarvikkeet,koristelanka, [&hellip;]<\/p>\n","protected":false},"featured_media":102359,"comment_status":"open","ping_status":"closed","template":"","meta":[],"product_brand":[],"product_cat":[3308],"product_tag":[],"class_list":{"0":"post-68719","1":"product","2":"type-product","3":"status-publish","4":"has-post-thumbnail","6":"product_cat-koulu-ja-tekstiilityotarvikkeet-tekstiilityotarvikkeet-ompelu-ja-kirjontalangat","8":"first","9":"instock","10":"shipping-taxable","11":"purchasable","12":"product-type-simple"},"_links":{"self":[{"href":"https:\/\/logistiikkakeskus.net\/kauppa\/wp-json\/wp\/v2\/product\/68719","targetHints":{"allow":["GET"]}}],"collection":[{"href":"https:\/\/logistiikkakeskus.net\/kauppa\/wp-json\/wp\/v2\/product"}],"about":[{"href":"https:\/\/logistiikkakeskus.net\/kauppa\/wp-json\/wp\/v2\/types\/product"}],"replies":[{"embeddable":true,"href":"https:\/\/logistiikkakeskus.net\/kauppa\/wp-json\/wp\/v2\/comments?post=68719"}],"wp:featuredmedia":[{"embeddable":true,"href":"https:\/\/logistiikkakeskus.net\/kauppa\/wp-json\/wp\/v2\/media\/102359"}],"wp:attachment":[{"href":"https:\/\/logistiikkakeskus.net\/kauppa\/wp-json\/wp\/v2\/media?parent=68719"}],"wp:term":[{"taxonomy":"product_brand","embeddable":true,"href":"https:\/\/logistiikkakeskus.net\/kauppa\/wp-json\/wp\/v2\/product_brand?post=68719"},{"taxonomy":"product_cat","embeddable":true,"href":"https:\/\/logistiikkakeskus.net\/kauppa\/wp-json\/wp\/v2\/product_cat?post=68719"},{"taxonomy":"product_tag","embeddable":true,"href":"https:\/\/logistiikkakeskus.net\/kauppa\/wp-json\/wp\/v2\/product_tag?post=68719"}],"curies":[{"name":"wp","href":"https:\/\/api.w.org\/{rel}","templated":true}]}}