{"id":68681,"date":"2022-12-01T09:01:21","date_gmt":"2022-12-01T09:01:21","guid":{"rendered":"https:\/\/logistiikkakeskus.net\/kauppa\/tuote\/helmilanka-no-8-vari-310\/"},"modified":"2026-01-20T09:16:10","modified_gmt":"2026-01-20T07:16:10","slug":"helmilanka-no-8-vari-310","status":"publish","type":"product","link":"https:\/\/logistiikkakeskus.net\/kauppa\/tuote\/helmilanka-no-8-vari-310\/","title":{"rendered":"Helmilanka Ruskea (v\u00e4ri 310)"},"content":{"rendered":"<p>Myyntiyksikk\u00f6 RLL, ryhm\u00e4pakkaus 10rll\/rasia <\/p>\n<h2>Helmilanka AnchorPearl Cotton 8 10g, v\u00e4ri nro  310 ruskea<\/h2>\n<p>Merseroitu,l\u00f6yh\u00e4kierteinen 100 % puuvillalanka kirjontaan ja ristipistot\u00f6ihin .Soveltuu my\u00f6s virkkaukseen sek\u00e4 ompeluun. Ker\u00e4ss\u00e4 10g, n. 80 metri\u00e4.Kest\u00e4\u00e4 konepesun 95ast.  Hyv\u00e4 v\u00e4rinkesto.<\/p>\n<p><i> Toimittajantuotenro. 310 Prym Consumer Finland <br \/>hakusanat:Tekstiility\u00f6tarvikkeet, helmilangat , kirjontalanka, kirjontalangat<\/i><\/p>\n","protected":false},"excerpt":{"rendered":"<p>Myyntiyksikk\u00f6 RLL, ryhm\u00e4pakkaus 10rll\/rasia Helmilanka AnchorPearl Cotton 8 10g, v\u00e4ri nro 310 ruskea Merseroitu,l\u00f6yh\u00e4kierteinen 100 % puuvillalanka kirjontaan ja ristipistot\u00f6ihin .Soveltuu my\u00f6s virkkaukseen sek\u00e4 ompeluun. Ker\u00e4ss\u00e4 10g, n. 80 metri\u00e4.Kest\u00e4\u00e4 konepesun 95ast. Hyv\u00e4 v\u00e4rinkesto. Toimittajantuotenro. 310 Prym Consumer Finland hakusanat:Tekstiility\u00f6tarvikkeet, helmilangat , kirjontalanka, kirjontalangat<\/p>\n","protected":false},"featured_media":102342,"comment_status":"open","ping_status":"closed","template":"","meta":[],"product_brand":[],"product_cat":[3308],"product_tag":[],"class_list":{"0":"post-68681","1":"product","2":"type-product","3":"status-publish","4":"has-post-thumbnail","6":"product_cat-koulu-ja-tekstiilityotarvikkeet-tekstiilityotarvikkeet-ompelu-ja-kirjontalangat","8":"first","9":"instock","10":"shipping-taxable","11":"purchasable","12":"product-type-simple"},"_links":{"self":[{"href":"https:\/\/logistiikkakeskus.net\/kauppa\/wp-json\/wp\/v2\/product\/68681","targetHints":{"allow":["GET"]}}],"collection":[{"href":"https:\/\/logistiikkakeskus.net\/kauppa\/wp-json\/wp\/v2\/product"}],"about":[{"href":"https:\/\/logistiikkakeskus.net\/kauppa\/wp-json\/wp\/v2\/types\/product"}],"replies":[{"embeddable":true,"href":"https:\/\/logistiikkakeskus.net\/kauppa\/wp-json\/wp\/v2\/comments?post=68681"}],"wp:featuredmedia":[{"embeddable":true,"href":"https:\/\/logistiikkakeskus.net\/kauppa\/wp-json\/wp\/v2\/media\/102342"}],"wp:attachment":[{"href":"https:\/\/logistiikkakeskus.net\/kauppa\/wp-json\/wp\/v2\/media?parent=68681"}],"wp:term":[{"taxonomy":"product_brand","embeddable":true,"href":"https:\/\/logistiikkakeskus.net\/kauppa\/wp-json\/wp\/v2\/product_brand?post=68681"},{"taxonomy":"product_cat","embeddable":true,"href":"https:\/\/logistiikkakeskus.net\/kauppa\/wp-json\/wp\/v2\/product_cat?post=68681"},{"taxonomy":"product_tag","embeddable":true,"href":"https:\/\/logistiikkakeskus.net\/kauppa\/wp-json\/wp\/v2\/product_tag?post=68681"}],"curies":[{"name":"wp","href":"https:\/\/api.w.org\/{rel}","templated":true}]}}