{"id":68673,"date":"2022-12-01T09:01:18","date_gmt":"2022-12-01T09:01:18","guid":{"rendered":"https:\/\/logistiikkakeskus.net\/kauppa\/tuote\/helmilanka-tummankeltainen-vari-1682\/"},"modified":"2026-01-20T09:16:09","modified_gmt":"2026-01-20T07:16:09","slug":"helmilanka-tummankeltainen-vari-1682","status":"publish","type":"product","link":"https:\/\/logistiikkakeskus.net\/kauppa\/tuote\/helmilanka-tummankeltainen-vari-1682\/","title":{"rendered":"Helmilanka tummankeltainen (v\u00e4ri 1682)"},"content":{"rendered":"<p>Myyntiyksikk\u00f6 RLL, ryhm\u00e4pakkaus 10 rll\/rasia<\/p>\n<h2>Helmilanka 10g, tummankeltainen<\/h2>\n<p>Merseroitu, l\u00f6yh\u00e4kierteinen 100 % puuvillalanka kirjontaan jaristipistot\u00f6ihin. Soveltuu my\u00f6s virkkaukseen sek\u00e4 ompeluun. Ker\u00e4ss\u00e4 10g,85 metri\u00e4. Kest\u00e4\u00e4 konepesun 40-60 asteessa.<\/p>\n<p><i>Hakusanat: tekstiility\u00f6tarvikkeet, helmilangat,kirjontalanka,kirjontalangat<\/i><\/p>\n","protected":false},"excerpt":{"rendered":"<p>Myyntiyksikk\u00f6 RLL, ryhm\u00e4pakkaus 10 rll\/rasia Helmilanka 10g, tummankeltainen Merseroitu, l\u00f6yh\u00e4kierteinen 100 % puuvillalanka kirjontaan jaristipistot\u00f6ihin. Soveltuu my\u00f6s virkkaukseen sek\u00e4 ompeluun. Ker\u00e4ss\u00e4 10g,85 metri\u00e4. Kest\u00e4\u00e4 konepesun 40-60 asteessa. Hakusanat: tekstiility\u00f6tarvikkeet, helmilangat,kirjontalanka,kirjontalangat<\/p>\n","protected":false},"featured_media":102338,"comment_status":"open","ping_status":"closed","template":"","meta":[],"product_brand":[],"product_cat":[3308],"product_tag":[],"class_list":{"0":"post-68673","1":"product","2":"type-product","3":"status-publish","4":"has-post-thumbnail","6":"product_cat-koulu-ja-tekstiilityotarvikkeet-tekstiilityotarvikkeet-ompelu-ja-kirjontalangat","8":"first","9":"instock","10":"shipping-taxable","11":"purchasable","12":"product-type-simple"},"_links":{"self":[{"href":"https:\/\/logistiikkakeskus.net\/kauppa\/wp-json\/wp\/v2\/product\/68673","targetHints":{"allow":["GET"]}}],"collection":[{"href":"https:\/\/logistiikkakeskus.net\/kauppa\/wp-json\/wp\/v2\/product"}],"about":[{"href":"https:\/\/logistiikkakeskus.net\/kauppa\/wp-json\/wp\/v2\/types\/product"}],"replies":[{"embeddable":true,"href":"https:\/\/logistiikkakeskus.net\/kauppa\/wp-json\/wp\/v2\/comments?post=68673"}],"wp:featuredmedia":[{"embeddable":true,"href":"https:\/\/logistiikkakeskus.net\/kauppa\/wp-json\/wp\/v2\/media\/102338"}],"wp:attachment":[{"href":"https:\/\/logistiikkakeskus.net\/kauppa\/wp-json\/wp\/v2\/media?parent=68673"}],"wp:term":[{"taxonomy":"product_brand","embeddable":true,"href":"https:\/\/logistiikkakeskus.net\/kauppa\/wp-json\/wp\/v2\/product_brand?post=68673"},{"taxonomy":"product_cat","embeddable":true,"href":"https:\/\/logistiikkakeskus.net\/kauppa\/wp-json\/wp\/v2\/product_cat?post=68673"},{"taxonomy":"product_tag","embeddable":true,"href":"https:\/\/logistiikkakeskus.net\/kauppa\/wp-json\/wp\/v2\/product_tag?post=68673"}],"curies":[{"name":"wp","href":"https:\/\/api.w.org\/{rel}","templated":true}]}}