{"id":68643,"date":"2022-12-01T09:01:09","date_gmt":"2022-12-01T09:01:09","guid":{"rendered":"https:\/\/logistiikkakeskus.net\/kauppa\/tuote\/ompelulanka-no120-ruskea\/"},"modified":"2026-01-20T09:16:08","modified_gmt":"2026-01-20T07:16:08","slug":"ompelulanka-no120-ruskea","status":"publish","type":"product","link":"https:\/\/logistiikkakeskus.net\/kauppa\/tuote\/ompelulanka-no120-ruskea\/","title":{"rendered":"Ompelulanka no:120 ruskea"},"content":{"rendered":"<p>myyntiyksikk\u00f6 RLL (1000 metri\u00e4), ryhm\u00e4p.10 rll\/ras <\/p>\n<h2>OmpelulankaCoatsEpic 120, ruskea <\/h2>\n<p>Eritt\u00e4in ohut polyesterilanka &#8211; vaativaanompe luun niin koneella kuin k\u00e4sin. Monipuolinen &#8211; soveltuu ompeluunasusteista ty\u00f6vaatteisiin.<\/p>\n<ul><b>Ominaisuudet:<\/b><\/p>\n<li>100%polyesterilanka jatkuvas\u00e4ikeisell\u00e4 ydinlangalla\n<li>Sopii K\u00e4sin jakoneella ompeluun\n<li><b>Ruskea (nro. 08755) <\/b>\n<li>Paksuus 120 (gauge),1000 metrin puolassa\n<li>Pesuohje: konepest\u00e4v\u00e4 60-asteessa <\/ul>\n<p><i>Toimittajan tuotenro. 08755 Coats Opti <br \/>hakusanat:Tekstiility\u00f6tarvikkeet, saumalanka,  ompelunlanka, ompelutarvikkeet,ompelukonelanka, saumauslanka<\/i><\/p>\n","protected":false},"excerpt":{"rendered":"<p>myyntiyksikk\u00f6 RLL (1000 metri\u00e4), ryhm\u00e4p.10 rll\/ras OmpelulankaCoatsEpic 120, ruskea Eritt\u00e4in ohut polyesterilanka &#8211; vaativaanompe luun niin koneella kuin k\u00e4sin. Monipuolinen &#8211; soveltuu ompeluunasusteista ty\u00f6vaatteisiin. Ominaisuudet: 100%polyesterilanka jatkuvas\u00e4ikeisell\u00e4 ydinlangalla Sopii K\u00e4sin jakoneella ompeluun Ruskea (nro. 08755) Paksuus 120 (gauge),1000 metrin puolassa Pesuohje: konepest\u00e4v\u00e4 60-asteessa Toimittajan tuotenro. 08755 Coats Opti hakusanat:Tekstiility\u00f6tarvikkeet, saumalanka, ompelunlanka, ompelutarvikkeet,ompelukonelanka, saumauslanka<\/p>\n","protected":false},"featured_media":102323,"comment_status":"open","ping_status":"closed","template":"","meta":[],"product_brand":[],"product_cat":[3308],"product_tag":[],"class_list":{"0":"post-68643","1":"product","2":"type-product","3":"status-publish","4":"has-post-thumbnail","6":"product_cat-koulu-ja-tekstiilityotarvikkeet-tekstiilityotarvikkeet-ompelu-ja-kirjontalangat","8":"first","9":"instock","10":"shipping-taxable","11":"purchasable","12":"product-type-simple"},"_links":{"self":[{"href":"https:\/\/logistiikkakeskus.net\/kauppa\/wp-json\/wp\/v2\/product\/68643","targetHints":{"allow":["GET"]}}],"collection":[{"href":"https:\/\/logistiikkakeskus.net\/kauppa\/wp-json\/wp\/v2\/product"}],"about":[{"href":"https:\/\/logistiikkakeskus.net\/kauppa\/wp-json\/wp\/v2\/types\/product"}],"replies":[{"embeddable":true,"href":"https:\/\/logistiikkakeskus.net\/kauppa\/wp-json\/wp\/v2\/comments?post=68643"}],"wp:featuredmedia":[{"embeddable":true,"href":"https:\/\/logistiikkakeskus.net\/kauppa\/wp-json\/wp\/v2\/media\/102323"}],"wp:attachment":[{"href":"https:\/\/logistiikkakeskus.net\/kauppa\/wp-json\/wp\/v2\/media?parent=68643"}],"wp:term":[{"taxonomy":"product_brand","embeddable":true,"href":"https:\/\/logistiikkakeskus.net\/kauppa\/wp-json\/wp\/v2\/product_brand?post=68643"},{"taxonomy":"product_cat","embeddable":true,"href":"https:\/\/logistiikkakeskus.net\/kauppa\/wp-json\/wp\/v2\/product_cat?post=68643"},{"taxonomy":"product_tag","embeddable":true,"href":"https:\/\/logistiikkakeskus.net\/kauppa\/wp-json\/wp\/v2\/product_tag?post=68643"}],"curies":[{"name":"wp","href":"https:\/\/api.w.org\/{rel}","templated":true}]}}