{"id":68095,"date":"2022-12-01T08:58:16","date_gmt":"2022-12-01T08:58:16","guid":{"rendered":"https:\/\/logistiikkakeskus.net\/kauppa\/tuote\/ksylitolipastilli-annostelija\/"},"modified":"2026-01-20T09:15:40","modified_gmt":"2026-01-20T07:15:40","slug":"ksylitolipastilli-annostelija","status":"publish","type":"product","link":"https:\/\/logistiikkakeskus.net\/kauppa\/tuote\/ksylitolipastilli-annostelija\/","title":{"rendered":"Ksylitolipastilli-annostelija"},"content":{"rendered":"<h2>T\u00e4ytett\u00e4v\u00e4 purukumi-\/pastilliautomaatti, muovia<\/h2>\n<p>K\u00e4tev\u00e4 jahygieeninen annostelija Xylimax t\u00e4ysksylitolipastilleille japurukumeille. <\/p>\n<ul><b>Ominaisuudet:<\/b><\/p>\n<li>Annostelee yhden pastillintai purukuminkerrallaan\n<li>Valmistettu muovista &#8211; helppo pit\u00e4\u00e4 puhtaana\n<li>Automaati ssa kirkas muovi-ikkuna, josta on helppo seurataannostelijan t\u00e4ytt\u00f6astetta\n<li>Annostelu tapahtuu py\u00f6ritt\u00e4m\u00e4ll\u00e4 suutintamy\u00f6t\u00e4p\u00e4iv\u00e4\u00e4n\n<li>Automaatin t\u00e4ydennys onnistuu p\u00e4\u00e4lt\u00e4 avattavastaluukusta\n<li> Annostelijaan mahtuu kerrallaan koko pussillinen (700grammaa) pastilleja<\/ul>\n<p><i>Toimittajan tuotenro. 40185 Fazer Makeiset<br \/>hakusanat: ksylitolitabletti, hampaidenhoito, makeutusaine,ksylitolipurkka, xylitoli<\/i><\/p>\n","protected":false},"excerpt":{"rendered":"<p>T\u00e4ytett\u00e4v\u00e4 purukumi-\/pastilliautomaatti, muovia K\u00e4tev\u00e4 jahygieeninen annostelija Xylimax t\u00e4ysksylitolipastilleille japurukumeille. Ominaisuudet: Annostelee yhden pastillintai purukuminkerrallaan Valmistettu muovista &#8211; helppo pit\u00e4\u00e4 puhtaana Automaati ssa kirkas muovi-ikkuna, josta on helppo seurataannostelijan t\u00e4ytt\u00f6astetta Annostelu tapahtuu py\u00f6ritt\u00e4m\u00e4ll\u00e4 suutintamy\u00f6t\u00e4p\u00e4iv\u00e4\u00e4n Automaatin t\u00e4ydennys onnistuu p\u00e4\u00e4lt\u00e4 avattavastaluukusta Annostelijaan mahtuu kerrallaan koko pussillinen (700grammaa) pastilleja Toimittajan tuotenro. 40185 Fazer Makeisethakusanat: ksylitolitabletti, hampaidenhoito, makeutusaine,ksylitolipurkka, xylitoli<\/p>\n","protected":false},"featured_media":102082,"comment_status":"open","ping_status":"closed","template":"","meta":[],"product_brand":[],"product_cat":[3290],"product_tag":[],"class_list":{"0":"post-68095","1":"product","2":"type-product","3":"status-publish","4":"has-post-thumbnail","6":"product_cat-sekalaiset-tarvikkeet-kahviotarvikkeet-ksylitol-pastillit-ja-annostelijat","8":"first","9":"instock","10":"shipping-taxable","11":"purchasable","12":"product-type-simple"},"_links":{"self":[{"href":"https:\/\/logistiikkakeskus.net\/kauppa\/wp-json\/wp\/v2\/product\/68095","targetHints":{"allow":["GET"]}}],"collection":[{"href":"https:\/\/logistiikkakeskus.net\/kauppa\/wp-json\/wp\/v2\/product"}],"about":[{"href":"https:\/\/logistiikkakeskus.net\/kauppa\/wp-json\/wp\/v2\/types\/product"}],"replies":[{"embeddable":true,"href":"https:\/\/logistiikkakeskus.net\/kauppa\/wp-json\/wp\/v2\/comments?post=68095"}],"wp:featuredmedia":[{"embeddable":true,"href":"https:\/\/logistiikkakeskus.net\/kauppa\/wp-json\/wp\/v2\/media\/102082"}],"wp:attachment":[{"href":"https:\/\/logistiikkakeskus.net\/kauppa\/wp-json\/wp\/v2\/media?parent=68095"}],"wp:term":[{"taxonomy":"product_brand","embeddable":true,"href":"https:\/\/logistiikkakeskus.net\/kauppa\/wp-json\/wp\/v2\/product_brand?post=68095"},{"taxonomy":"product_cat","embeddable":true,"href":"https:\/\/logistiikkakeskus.net\/kauppa\/wp-json\/wp\/v2\/product_cat?post=68095"},{"taxonomy":"product_tag","embeddable":true,"href":"https:\/\/logistiikkakeskus.net\/kauppa\/wp-json\/wp\/v2\/product_tag?post=68095"}],"curies":[{"name":"wp","href":"https:\/\/api.w.org\/{rel}","templated":true}]}}