{"id":68086,"date":"2022-12-01T08:58:14","date_gmt":"2022-12-01T08:58:14","guid":{"rendered":"https:\/\/logistiikkakeskus.net\/kauppa\/tuote\/kaurajuoma-oatly-ikaffe-05l\/"},"modified":"2026-01-20T09:15:39","modified_gmt":"2026-01-20T07:15:39","slug":"kaurajuoma-oatly-ikaffe-05l","status":"publish","type":"product","link":"https:\/\/logistiikkakeskus.net\/kauppa\/tuote\/kaurajuoma-oatly-ikaffe-05l\/","title":{"rendered":"Kaurajuoma Oatly iKaffe 0,5l"},"content":{"rendered":"<p>Erityisesti kahvijuomille suunniteltu kaurajuoma, joka soveltuu kaikillekasviruokavalioita noudattaville tai muuten maitotuotteita v\u00e4lttevillehenkil\u00f6ille. T\u00e4ydess\u00e4 laatikossa on 10 puolen litran t\u00f6lkki\u00e4.Hakusanat: kauramaito, kauris<\/p>\n","protected":false},"excerpt":{"rendered":"<p>Erityisesti kahvijuomille suunniteltu kaurajuoma, joka soveltuu kaikillekasviruokavalioita noudattaville tai muuten maitotuotteita v\u00e4lttevillehenkil\u00f6ille. T\u00e4ydess\u00e4 laatikossa on 10 puolen litran t\u00f6lkki\u00e4.Hakusanat: kauramaito, kauris<\/p>\n","protected":false},"featured_media":102078,"comment_status":"open","ping_status":"closed","template":"","meta":[],"product_brand":[],"product_cat":[3288],"product_tag":[],"class_list":{"0":"post-68086","1":"product","2":"type-product","3":"status-publish","4":"has-post-thumbnail","6":"product_cat-sekalaiset-tarvikkeet-kahviotarvikkeet-kahvi-tee-ja-makeutusaineet","8":"first","9":"instock","10":"shipping-taxable","11":"purchasable","12":"product-type-simple"},"_links":{"self":[{"href":"https:\/\/logistiikkakeskus.net\/kauppa\/wp-json\/wp\/v2\/product\/68086","targetHints":{"allow":["GET"]}}],"collection":[{"href":"https:\/\/logistiikkakeskus.net\/kauppa\/wp-json\/wp\/v2\/product"}],"about":[{"href":"https:\/\/logistiikkakeskus.net\/kauppa\/wp-json\/wp\/v2\/types\/product"}],"replies":[{"embeddable":true,"href":"https:\/\/logistiikkakeskus.net\/kauppa\/wp-json\/wp\/v2\/comments?post=68086"}],"wp:featuredmedia":[{"embeddable":true,"href":"https:\/\/logistiikkakeskus.net\/kauppa\/wp-json\/wp\/v2\/media\/102078"}],"wp:attachment":[{"href":"https:\/\/logistiikkakeskus.net\/kauppa\/wp-json\/wp\/v2\/media?parent=68086"}],"wp:term":[{"taxonomy":"product_brand","embeddable":true,"href":"https:\/\/logistiikkakeskus.net\/kauppa\/wp-json\/wp\/v2\/product_brand?post=68086"},{"taxonomy":"product_cat","embeddable":true,"href":"https:\/\/logistiikkakeskus.net\/kauppa\/wp-json\/wp\/v2\/product_cat?post=68086"},{"taxonomy":"product_tag","embeddable":true,"href":"https:\/\/logistiikkakeskus.net\/kauppa\/wp-json\/wp\/v2\/product_tag?post=68086"}],"curies":[{"name":"wp","href":"https:\/\/api.w.org\/{rel}","templated":true}]}}