{"id":68084,"date":"2022-12-01T08:58:13","date_gmt":"2022-12-01T08:58:13","guid":{"rendered":"https:\/\/logistiikkakeskus.net\/kauppa\/tuote\/kevytmaito-05-l-hyla\/"},"modified":"2026-01-20T09:15:39","modified_gmt":"2026-01-20T07:15:39","slug":"kevytmaito-05-l-hyla","status":"publish","type":"product","link":"https:\/\/logistiikkakeskus.net\/kauppa\/tuote\/kevytmaito-05-l-hyla\/","title":{"rendered":"Kevytmaito 0,5 L HYLA"},"content":{"rendered":"<h2>Valio HYLA -kevytmaito UHT, 0,5 litraa<\/h2>\n<p>S\u00e4ilyy avaamattomana huoneenl\u00e4mm\u00f6ss\u00e4 parasta ennen -p\u00e4iv\u00e4\u00e4n,muttatuotteen maku s\u00e4ilyy raikkaimpana kylm\u00e4ss\u00e4. Avattuna s\u00e4ilyy j\u00e4\u00e4kaapissa0 &#8211; +6 asteessa n. 5 p\u00e4iv\u00e4\u00e4.<\/p>\n<p><i>hakusanat: kahvitarvikkeet, kokoustarvikkeet,kahvimaito,kahvikermat, kevytmaito, hylamaito, kahvimaidot<\/i><\/p>\n","protected":false},"excerpt":{"rendered":"<p>Valio HYLA -kevytmaito UHT, 0,5 litraa S\u00e4ilyy avaamattomana huoneenl\u00e4mm\u00f6ss\u00e4 parasta ennen -p\u00e4iv\u00e4\u00e4n,muttatuotteen maku s\u00e4ilyy raikkaimpana kylm\u00e4ss\u00e4. Avattuna s\u00e4ilyy j\u00e4\u00e4kaapissa0 &#8211; +6 asteessa n. 5 p\u00e4iv\u00e4\u00e4. hakusanat: kahvitarvikkeet, kokoustarvikkeet,kahvimaito,kahvikermat, kevytmaito, hylamaito, kahvimaidot<\/p>\n","protected":false},"featured_media":102077,"comment_status":"open","ping_status":"closed","template":"","meta":[],"product_brand":[],"product_cat":[3288],"product_tag":[],"class_list":{"0":"post-68084","1":"product","2":"type-product","3":"status-publish","4":"has-post-thumbnail","6":"product_cat-sekalaiset-tarvikkeet-kahviotarvikkeet-kahvi-tee-ja-makeutusaineet","8":"first","9":"instock","10":"shipping-taxable","11":"purchasable","12":"product-type-simple"},"_links":{"self":[{"href":"https:\/\/logistiikkakeskus.net\/kauppa\/wp-json\/wp\/v2\/product\/68084","targetHints":{"allow":["GET"]}}],"collection":[{"href":"https:\/\/logistiikkakeskus.net\/kauppa\/wp-json\/wp\/v2\/product"}],"about":[{"href":"https:\/\/logistiikkakeskus.net\/kauppa\/wp-json\/wp\/v2\/types\/product"}],"replies":[{"embeddable":true,"href":"https:\/\/logistiikkakeskus.net\/kauppa\/wp-json\/wp\/v2\/comments?post=68084"}],"wp:featuredmedia":[{"embeddable":true,"href":"https:\/\/logistiikkakeskus.net\/kauppa\/wp-json\/wp\/v2\/media\/102077"}],"wp:attachment":[{"href":"https:\/\/logistiikkakeskus.net\/kauppa\/wp-json\/wp\/v2\/media?parent=68084"}],"wp:term":[{"taxonomy":"product_brand","embeddable":true,"href":"https:\/\/logistiikkakeskus.net\/kauppa\/wp-json\/wp\/v2\/product_brand?post=68084"},{"taxonomy":"product_cat","embeddable":true,"href":"https:\/\/logistiikkakeskus.net\/kauppa\/wp-json\/wp\/v2\/product_cat?post=68084"},{"taxonomy":"product_tag","embeddable":true,"href":"https:\/\/logistiikkakeskus.net\/kauppa\/wp-json\/wp\/v2\/product_tag?post=68084"}],"curies":[{"name":"wp","href":"https:\/\/api.w.org\/{rel}","templated":true}]}}