{"id":68082,"date":"2022-12-01T08:58:12","date_gmt":"2022-12-01T08:58:12","guid":{"rendered":"https:\/\/logistiikkakeskus.net\/kauppa\/tuote\/makeutusaine-300kpl-hermesetas\/"},"modified":"2026-01-20T09:15:39","modified_gmt":"2026-01-20T07:15:39","slug":"makeutusaine-300kpl-hermesetas","status":"publish","type":"product","link":"https:\/\/logistiikkakeskus.net\/kauppa\/tuote\/makeutusaine-300kpl-hermesetas\/","title":{"rendered":"Makeutusaine 300kpl (hermesetas)"},"content":{"rendered":"<p>Myyntiyksikk\u00f6 PRK (300 kpl), ryhm\u00e4pakkaus 12 prk\/ras<\/p>\n<h2>Makeutusaine Hermesetas Original, 300 kpl<\/h2>\n<p>Maailman suosituinkeinotekoinenkahvin ja teen makeuttaja, joka ei sis\u00e4ll\u00e4 kaloreita ja yksi tablettivastaa makeudeltaan teelusikallista sokeria.<\/p>\n<ul><b>Ominaisuudet:<\/b><\/p>\n<li>K\u00e4tev\u00e4ss\u00e4 annostelijassa 300 tablettia\n<li>Nopeapainallus ja saatjuomaasi makeuden &#8211; ilman kaloreita\n<li>Makeuttajan tehoaineena onsakariini (E954)\n<li>Sopii diabeetikolle &#8211; ei vaikuta insuliini- javerensokeritasoihin<\/ul>\n<p><i>hakusanat: annossokerit,Kahvitarvikkeet,kokoustarvikkeet, keinotekoinen makeuttaja, kongressitarvikkeet,tarjoilutuotteet, sakariini, makeutusaineet<\/i><\/p>\n","protected":false},"excerpt":{"rendered":"<p>Myyntiyksikk\u00f6 PRK (300 kpl), ryhm\u00e4pakkaus 12 prk\/ras Makeutusaine Hermesetas Original, 300 kpl Maailman suosituinkeinotekoinenkahvin ja teen makeuttaja, joka ei sis\u00e4ll\u00e4 kaloreita ja yksi tablettivastaa makeudeltaan teelusikallista sokeria. Ominaisuudet: K\u00e4tev\u00e4ss\u00e4 annostelijassa 300 tablettia Nopeapainallus ja saatjuomaasi makeuden &#8211; ilman kaloreita Makeuttajan tehoaineena onsakariini (E954) Sopii diabeetikolle &#8211; ei vaikuta insuliini- javerensokeritasoihin hakusanat: annossokerit,Kahvitarvikkeet,kokoustarvikkeet, keinotekoinen makeuttaja, kongressitarvikkeet,tarjoilutuotteet, [&hellip;]<\/p>\n","protected":false},"featured_media":102076,"comment_status":"open","ping_status":"closed","template":"","meta":[],"product_brand":[],"product_cat":[3288],"product_tag":[],"class_list":{"0":"post-68082","1":"product","2":"type-product","3":"status-publish","4":"has-post-thumbnail","6":"product_cat-sekalaiset-tarvikkeet-kahviotarvikkeet-kahvi-tee-ja-makeutusaineet","8":"first","9":"instock","10":"shipping-taxable","11":"purchasable","12":"product-type-simple"},"_links":{"self":[{"href":"https:\/\/logistiikkakeskus.net\/kauppa\/wp-json\/wp\/v2\/product\/68082","targetHints":{"allow":["GET"]}}],"collection":[{"href":"https:\/\/logistiikkakeskus.net\/kauppa\/wp-json\/wp\/v2\/product"}],"about":[{"href":"https:\/\/logistiikkakeskus.net\/kauppa\/wp-json\/wp\/v2\/types\/product"}],"replies":[{"embeddable":true,"href":"https:\/\/logistiikkakeskus.net\/kauppa\/wp-json\/wp\/v2\/comments?post=68082"}],"wp:featuredmedia":[{"embeddable":true,"href":"https:\/\/logistiikkakeskus.net\/kauppa\/wp-json\/wp\/v2\/media\/102076"}],"wp:attachment":[{"href":"https:\/\/logistiikkakeskus.net\/kauppa\/wp-json\/wp\/v2\/media?parent=68082"}],"wp:term":[{"taxonomy":"product_brand","embeddable":true,"href":"https:\/\/logistiikkakeskus.net\/kauppa\/wp-json\/wp\/v2\/product_brand?post=68082"},{"taxonomy":"product_cat","embeddable":true,"href":"https:\/\/logistiikkakeskus.net\/kauppa\/wp-json\/wp\/v2\/product_cat?post=68082"},{"taxonomy":"product_tag","embeddable":true,"href":"https:\/\/logistiikkakeskus.net\/kauppa\/wp-json\/wp\/v2\/product_tag?post=68082"}],"curies":[{"name":"wp","href":"https:\/\/api.w.org\/{rel}","templated":true}]}}