{"id":68076,"date":"2022-12-01T08:58:10","date_gmt":"2022-12-01T08:58:10","guid":{"rendered":"https:\/\/logistiikkakeskus.net\/kauppa\/tuote\/pussitee-12-x-15-pss-makulajitelma\/"},"modified":"2026-01-20T09:15:39","modified_gmt":"2026-01-20T07:15:39","slug":"pussitee-12-x-15-pss-makulajitelma","status":"publish","type":"product","link":"https:\/\/logistiikkakeskus.net\/kauppa\/tuote\/pussitee-12-x-15-pss-makulajitelma\/","title":{"rendered":"Pussitee 160 pss (makulajitelma)"},"content":{"rendered":"<p>Myyntiyksikk\u00f6 RAS<\/p>\n<p>160 pussia pelkki\u00e4 suosikkeja pakattuna k\u00e4tev\u00e4\u00e4n pakkaukseen.Makuinapakkauksessa 14 suosikkia: Keisarin Morsian, Tiikerin P\u00e4iv\u00e4uni,Sadep\u00e4iv\u00e4n Ilo, Uskollinen -yst\u00e4v\u00e4, Karibian Aurinko, Viisasten tee,Reilu luomuinen tee, Ceylon, Assam, Valkoinen Karhu, Lady green, NipponGreen, Japan Sencha, Oranki Rooibos. Nordqvist vaatii kaikiltatoimittajiltaan sosiaaliseen vastuuseen liittyv\u00e4n sertifikaatin. Teentoimittajilla on k\u00e4yt\u00f6ss\u00e4 mm. Social Accountability sertifikaatti.<\/p>\n<p><i>Hakusanat: kahvitarvikkeet, teepussit, kokouskahvit,kokoustarvikkeet, VASTUULLINEN, RAINFOREST ALLIANCE, pussiteet<\/i><\/p>\n","protected":false},"excerpt":{"rendered":"<p>Myyntiyksikk\u00f6 RAS 160 pussia pelkki\u00e4 suosikkeja pakattuna k\u00e4tev\u00e4\u00e4n pakkaukseen.Makuinapakkauksessa 14 suosikkia: Keisarin Morsian, Tiikerin P\u00e4iv\u00e4uni,Sadep\u00e4iv\u00e4n Ilo, Uskollinen -yst\u00e4v\u00e4, Karibian Aurinko, Viisasten tee,Reilu luomuinen tee, Ceylon, Assam, Valkoinen Karhu, Lady green, NipponGreen, Japan Sencha, Oranki Rooibos. Nordqvist vaatii kaikiltatoimittajiltaan sosiaaliseen vastuuseen liittyv\u00e4n sertifikaatin. Teentoimittajilla on k\u00e4yt\u00f6ss\u00e4 mm. Social Accountability sertifikaatti. Hakusanat: kahvitarvikkeet, teepussit, kokouskahvit,kokoustarvikkeet, VASTUULLINEN, RAINFOREST [&hellip;]<\/p>\n","protected":false},"featured_media":102073,"comment_status":"open","ping_status":"closed","template":"","meta":[],"product_brand":[],"product_cat":[3288],"product_tag":[],"class_list":{"0":"post-68076","1":"product","2":"type-product","3":"status-publish","4":"has-post-thumbnail","6":"product_cat-sekalaiset-tarvikkeet-kahviotarvikkeet-kahvi-tee-ja-makeutusaineet","8":"first","9":"instock","10":"shipping-taxable","11":"purchasable","12":"product-type-simple"},"_links":{"self":[{"href":"https:\/\/logistiikkakeskus.net\/kauppa\/wp-json\/wp\/v2\/product\/68076","targetHints":{"allow":["GET"]}}],"collection":[{"href":"https:\/\/logistiikkakeskus.net\/kauppa\/wp-json\/wp\/v2\/product"}],"about":[{"href":"https:\/\/logistiikkakeskus.net\/kauppa\/wp-json\/wp\/v2\/types\/product"}],"replies":[{"embeddable":true,"href":"https:\/\/logistiikkakeskus.net\/kauppa\/wp-json\/wp\/v2\/comments?post=68076"}],"wp:featuredmedia":[{"embeddable":true,"href":"https:\/\/logistiikkakeskus.net\/kauppa\/wp-json\/wp\/v2\/media\/102073"}],"wp:attachment":[{"href":"https:\/\/logistiikkakeskus.net\/kauppa\/wp-json\/wp\/v2\/media?parent=68076"}],"wp:term":[{"taxonomy":"product_brand","embeddable":true,"href":"https:\/\/logistiikkakeskus.net\/kauppa\/wp-json\/wp\/v2\/product_brand?post=68076"},{"taxonomy":"product_cat","embeddable":true,"href":"https:\/\/logistiikkakeskus.net\/kauppa\/wp-json\/wp\/v2\/product_cat?post=68076"},{"taxonomy":"product_tag","embeddable":true,"href":"https:\/\/logistiikkakeskus.net\/kauppa\/wp-json\/wp\/v2\/product_tag?post=68076"}],"curies":[{"name":"wp","href":"https:\/\/api.w.org\/{rel}","templated":true}]}}