{"id":68074,"date":"2022-12-01T08:58:10","date_gmt":"2022-12-01T08:58:10","guid":{"rendered":"https:\/\/logistiikkakeskus.net\/kauppa\/tuote\/pussitee-100kpl-musta-tee\/"},"modified":"2026-01-20T09:15:39","modified_gmt":"2026-01-20T07:15:39","slug":"pussitee-100kpl-musta-tee","status":"publish","type":"product","link":"https:\/\/logistiikkakeskus.net\/kauppa\/tuote\/pussitee-100kpl-musta-tee\/","title":{"rendered":"Pussitee 100kpl (Musta tee)"},"content":{"rendered":"<p>Myyntiyksikk\u00f6 RAS (100 pussia)<\/p>\n<h2>Lipton Yellow Labelpussitee, 100kpl<\/h2>\n<p>Lipton Yellow Label on pehme\u00e4 ja t\u00e4ytel\u00e4inenmustaklassikkotee, joka sekoitetaan yli 20 eri teelaadusta. Se on ensimm\u00e4inen tee, jolle on my\u00f6nnetty Rainforest Alliance sammakkomerkki. Merkkitakaa, ett\u00e4 tee on tuotettu ymp\u00e4rist\u00f6yst\u00e4v\u00e4llisiss\u00e4, kest\u00e4v\u00e4n kehityksen olosuhteissa.<\/p>\n<p><b>Ominaisuudet<\/b><\/p>\n<li>100teepussiayksitt\u00e4ispakattuna.\n<li>S\u00e4ilytett\u00e4v\u00e4 auringolta ja kosteudeltasuojassa<\/ul>\n<p><i>hakusanat: mustatee, Kahvitarvikkeet,kokoustarvikkeet,teelehti, VASTUULLINEN RAINFOREST ALLIANCE, lehtiteet<\/i><\/p>\n","protected":false},"excerpt":{"rendered":"<p>Myyntiyksikk\u00f6 RAS (100 pussia) Lipton Yellow Labelpussitee, 100kpl Lipton Yellow Label on pehme\u00e4 ja t\u00e4ytel\u00e4inenmustaklassikkotee, joka sekoitetaan yli 20 eri teelaadusta. Se on ensimm\u00e4inen tee, jolle on my\u00f6nnetty Rainforest Alliance sammakkomerkki. Merkkitakaa, ett\u00e4 tee on tuotettu ymp\u00e4rist\u00f6yst\u00e4v\u00e4llisiss\u00e4, kest\u00e4v\u00e4n kehityksen olosuhteissa. Ominaisuudet 100teepussiayksitt\u00e4ispakattuna. S\u00e4ilytett\u00e4v\u00e4 auringolta ja kosteudeltasuojassa hakusanat: mustatee, Kahvitarvikkeet,kokoustarvikkeet,teelehti, VASTUULLINEN RAINFOREST ALLIANCE, lehtiteet<\/p>\n","protected":false},"featured_media":102072,"comment_status":"open","ping_status":"closed","template":"","meta":[],"product_brand":[],"product_cat":[3288],"product_tag":[],"class_list":{"0":"post-68074","1":"product","2":"type-product","3":"status-publish","4":"has-post-thumbnail","6":"product_cat-sekalaiset-tarvikkeet-kahviotarvikkeet-kahvi-tee-ja-makeutusaineet","8":"first","9":"instock","10":"shipping-taxable","11":"purchasable","12":"product-type-simple"},"_links":{"self":[{"href":"https:\/\/logistiikkakeskus.net\/kauppa\/wp-json\/wp\/v2\/product\/68074","targetHints":{"allow":["GET"]}}],"collection":[{"href":"https:\/\/logistiikkakeskus.net\/kauppa\/wp-json\/wp\/v2\/product"}],"about":[{"href":"https:\/\/logistiikkakeskus.net\/kauppa\/wp-json\/wp\/v2\/types\/product"}],"replies":[{"embeddable":true,"href":"https:\/\/logistiikkakeskus.net\/kauppa\/wp-json\/wp\/v2\/comments?post=68074"}],"wp:featuredmedia":[{"embeddable":true,"href":"https:\/\/logistiikkakeskus.net\/kauppa\/wp-json\/wp\/v2\/media\/102072"}],"wp:attachment":[{"href":"https:\/\/logistiikkakeskus.net\/kauppa\/wp-json\/wp\/v2\/media?parent=68074"}],"wp:term":[{"taxonomy":"product_brand","embeddable":true,"href":"https:\/\/logistiikkakeskus.net\/kauppa\/wp-json\/wp\/v2\/product_brand?post=68074"},{"taxonomy":"product_cat","embeddable":true,"href":"https:\/\/logistiikkakeskus.net\/kauppa\/wp-json\/wp\/v2\/product_cat?post=68074"},{"taxonomy":"product_tag","embeddable":true,"href":"https:\/\/logistiikkakeskus.net\/kauppa\/wp-json\/wp\/v2\/product_tag?post=68074"}],"curies":[{"name":"wp","href":"https:\/\/api.w.org\/{rel}","templated":true}]}}