{"id":68072,"date":"2022-12-01T08:58:09","date_gmt":"2022-12-01T08:58:09","guid":{"rendered":"https:\/\/logistiikkakeskus.net\/kauppa\/tuote\/pussitee-20kpl-vihrea-teereilunkaupan\/"},"modified":"2026-01-20T09:15:39","modified_gmt":"2026-01-20T07:15:39","slug":"pussitee-20kpl-vihrea-teereilunkaupan","status":"publish","type":"product","link":"https:\/\/logistiikkakeskus.net\/kauppa\/tuote\/pussitee-20kpl-vihrea-teereilunkaupan\/","title":{"rendered":"Pussitee 20kpl (vihre\u00e4 tee\/reilunkaupan)"},"content":{"rendered":"<p>Myyntiyksikk\u00f6 RAS (20 pussia), ryhm\u00e4pak. 4 ras\/ltk<\/p>\n<h2>ReilunkaupanClipper vihre\u00e4 pussitee, 20 kpl<\/h2>\n<p>Clipperin vihre\u00e4 teeonpuhtaanja virkist\u00e4v\u00e4n makuinen reilunkaupan tee, joka on samalla luomuteet\u00e4.<\/p>\n<\/p>\n<p>Ominaisuudet<\/b>Rasiassa 20 teepussia<\/p>\n<li>Sis\u00e4lt\u00e4\u00e4 runsaastiantioksidantteja\n<li>S\u00e4ilytett\u00e4v\u00e4 auringolta ja kosteudeltasuojassa<\/ul>\n<p>hakusanat: Kahvitarvikkeet, kokoustarvikkeet, teelehti,lehtiteet,vihre\u00e4tee, VASTUULLINEN REILU KAUPPA, kongressitarvikkeet<\/i><\/p>\n","protected":false},"excerpt":{"rendered":"<p>Myyntiyksikk\u00f6 RAS (20 pussia), ryhm\u00e4pak. 4 ras\/ltk ReilunkaupanClipper vihre\u00e4 pussitee, 20 kpl Clipperin vihre\u00e4 teeonpuhtaanja virkist\u00e4v\u00e4n makuinen reilunkaupan tee, joka on samalla luomuteet\u00e4. OminaisuudetRasiassa 20 teepussia Sis\u00e4lt\u00e4\u00e4 runsaastiantioksidantteja S\u00e4ilytett\u00e4v\u00e4 auringolta ja kosteudeltasuojassa hakusanat: Kahvitarvikkeet, kokoustarvikkeet, teelehti,lehtiteet,vihre\u00e4tee, VASTUULLINEN REILU KAUPPA, kongressitarvikkeet<\/p>\n","protected":false},"featured_media":102071,"comment_status":"open","ping_status":"closed","template":"","meta":[],"product_brand":[],"product_cat":[3288],"product_tag":[],"class_list":{"0":"post-68072","1":"product","2":"type-product","3":"status-publish","4":"has-post-thumbnail","6":"product_cat-sekalaiset-tarvikkeet-kahviotarvikkeet-kahvi-tee-ja-makeutusaineet","8":"first","9":"instock","10":"shipping-taxable","11":"purchasable","12":"product-type-simple"},"_links":{"self":[{"href":"https:\/\/logistiikkakeskus.net\/kauppa\/wp-json\/wp\/v2\/product\/68072","targetHints":{"allow":["GET"]}}],"collection":[{"href":"https:\/\/logistiikkakeskus.net\/kauppa\/wp-json\/wp\/v2\/product"}],"about":[{"href":"https:\/\/logistiikkakeskus.net\/kauppa\/wp-json\/wp\/v2\/types\/product"}],"replies":[{"embeddable":true,"href":"https:\/\/logistiikkakeskus.net\/kauppa\/wp-json\/wp\/v2\/comments?post=68072"}],"wp:featuredmedia":[{"embeddable":true,"href":"https:\/\/logistiikkakeskus.net\/kauppa\/wp-json\/wp\/v2\/media\/102071"}],"wp:attachment":[{"href":"https:\/\/logistiikkakeskus.net\/kauppa\/wp-json\/wp\/v2\/media?parent=68072"}],"wp:term":[{"taxonomy":"product_brand","embeddable":true,"href":"https:\/\/logistiikkakeskus.net\/kauppa\/wp-json\/wp\/v2\/product_brand?post=68072"},{"taxonomy":"product_cat","embeddable":true,"href":"https:\/\/logistiikkakeskus.net\/kauppa\/wp-json\/wp\/v2\/product_cat?post=68072"},{"taxonomy":"product_tag","embeddable":true,"href":"https:\/\/logistiikkakeskus.net\/kauppa\/wp-json\/wp\/v2\/product_tag?post=68072"}],"curies":[{"name":"wp","href":"https:\/\/api.w.org\/{rel}","templated":true}]}}