{"id":68070,"date":"2022-12-01T08:58:09","date_gmt":"2022-12-01T08:58:09","guid":{"rendered":"https:\/\/logistiikkakeskus.net\/kauppa\/tuote\/pussitee-25kpl-earl-grey\/"},"modified":"2026-01-20T09:15:39","modified_gmt":"2026-01-20T07:15:39","slug":"pussitee-25kpl-earl-grey","status":"publish","type":"product","link":"https:\/\/logistiikkakeskus.net\/kauppa\/tuote\/pussitee-25kpl-earl-grey\/","title":{"rendered":"Pussitee 25kpl (earl grey)"},"content":{"rendered":"<p>Myyntiyksikk\u00f6 RAS (25 pussia), ryhm\u00e4pak. 6 ras\/ltk<\/p>\n<h2>Lipton Pyramid Earl Grey pussitee, 25 kpl<\/h2>\n<p>Klassinen Englantilaiseenteeperinteeseen kuuluva Earl Grey-tee on mustateelaatujen sekoitusmaustettuna bergamottiaromilla. Koe miten suuret, korkealaatuisetteelehdet vapauttavat kaiken makunsa ja arominsa uudessapyramidipussissa.<\/p>\n<\/p>\n<p>Ominaisuudet<\/b>25pyramidimallista teepussiayksitt\u00e4ispakattuna<\/p>\n<li>Sis\u00e4lt\u00e4\u00e4: 93% mustaa Earl Grey-teet\u00e4 ja 7%Bergamottiaromia\n<li>S\u00e4ilytett\u00e4v\u00e4 auringolta ja kosteudeltasuojassa<\/ul>\n<p>hakusanat: Kahvitarvikkeet, kokoustarvikkeet, teelehti, lehtiteet,mustatee, kongressitarvikkeet<\/i><\/p>\n","protected":false},"excerpt":{"rendered":"<p>Myyntiyksikk\u00f6 RAS (25 pussia), ryhm\u00e4pak. 6 ras\/ltk Lipton Pyramid Earl Grey pussitee, 25 kpl Klassinen Englantilaiseenteeperinteeseen kuuluva Earl Grey-tee on mustateelaatujen sekoitusmaustettuna bergamottiaromilla. Koe miten suuret, korkealaatuisetteelehdet vapauttavat kaiken makunsa ja arominsa uudessapyramidipussissa. Ominaisuudet25pyramidimallista teepussiayksitt\u00e4ispakattuna Sis\u00e4lt\u00e4\u00e4: 93% mustaa Earl Grey-teet\u00e4 ja 7%Bergamottiaromia S\u00e4ilytett\u00e4v\u00e4 auringolta ja kosteudeltasuojassa hakusanat: Kahvitarvikkeet, kokoustarvikkeet, teelehti, lehtiteet,mustatee, kongressitarvikkeet<\/p>\n","protected":false},"featured_media":102070,"comment_status":"open","ping_status":"closed","template":"","meta":[],"product_brand":[],"product_cat":[3288],"product_tag":[],"class_list":{"0":"post-68070","1":"product","2":"type-product","3":"status-publish","4":"has-post-thumbnail","6":"product_cat-sekalaiset-tarvikkeet-kahviotarvikkeet-kahvi-tee-ja-makeutusaineet","8":"first","9":"instock","10":"shipping-taxable","11":"purchasable","12":"product-type-simple"},"_links":{"self":[{"href":"https:\/\/logistiikkakeskus.net\/kauppa\/wp-json\/wp\/v2\/product\/68070","targetHints":{"allow":["GET"]}}],"collection":[{"href":"https:\/\/logistiikkakeskus.net\/kauppa\/wp-json\/wp\/v2\/product"}],"about":[{"href":"https:\/\/logistiikkakeskus.net\/kauppa\/wp-json\/wp\/v2\/types\/product"}],"replies":[{"embeddable":true,"href":"https:\/\/logistiikkakeskus.net\/kauppa\/wp-json\/wp\/v2\/comments?post=68070"}],"wp:featuredmedia":[{"embeddable":true,"href":"https:\/\/logistiikkakeskus.net\/kauppa\/wp-json\/wp\/v2\/media\/102070"}],"wp:attachment":[{"href":"https:\/\/logistiikkakeskus.net\/kauppa\/wp-json\/wp\/v2\/media?parent=68070"}],"wp:term":[{"taxonomy":"product_brand","embeddable":true,"href":"https:\/\/logistiikkakeskus.net\/kauppa\/wp-json\/wp\/v2\/product_brand?post=68070"},{"taxonomy":"product_cat","embeddable":true,"href":"https:\/\/logistiikkakeskus.net\/kauppa\/wp-json\/wp\/v2\/product_cat?post=68070"},{"taxonomy":"product_tag","embeddable":true,"href":"https:\/\/logistiikkakeskus.net\/kauppa\/wp-json\/wp\/v2\/product_tag?post=68070"}],"curies":[{"name":"wp","href":"https:\/\/api.w.org\/{rel}","templated":true}]}}