{"id":68068,"date":"2022-12-01T08:58:08","date_gmt":"2022-12-01T08:58:08","guid":{"rendered":"https:\/\/logistiikkakeskus.net\/kauppa\/tuote\/kahvi-500g-mundo-luomureilukauppa\/"},"modified":"2026-01-20T09:15:38","modified_gmt":"2026-01-20T07:15:38","slug":"kahvi-500g-mundo-luomureilukauppa","status":"publish","type":"product","link":"https:\/\/logistiikkakeskus.net\/kauppa\/tuote\/kahvi-500g-mundo-luomureilukauppa\/","title":{"rendered":"Kahvi 500g Mundo (luomu\/reilukauppa)"},"content":{"rendered":"<p>Myyntiyksikk\u00f6 PKT (400 grammaa), ryhm\u00e4pakkaus 12 pkt\/pak<\/p>\n<h2>Reilunkaupan kahvi Paulig Mundo 400g, suodatinjauhatuksella<\/h2>\n<p>Reilunkaupan kahvi, joka valmistetaan keskipaahdetuista luomupavuista.Kahvi on tuotettu ja Suomessa paahdettu ja pakattu.<\/p>\n<ul><b>Ominaisuudet<\/b><\/p>\n<li>Suodatinjauhettu Reilun kaupan kahvi\n<li>Pavut 100%Etel\u00e4-Amerikan Arabica-laatua\n<li>Paahtoaste 3 (keskipaahto)\n<li>Paketista saadaan 50 kuppia kahvia\n<li>S\u00e4ilytett\u00e4v\u00e4 auringolta jakosteudeltasuojassa\n<li><b>Reilu kahvi maistuu paremmalta!<\/b><\/ul>\n<p><i>hakusanat: Kahvitarvikkeet, kongressitarvikkeet, tarjoilutuotteet,kokoustarvikkeet, VASTUULLINEN REILU KAUPPA, kokouskahvi, suodatinkahvi, sumppi<\/i><\/p>\n","protected":false},"excerpt":{"rendered":"<p>Myyntiyksikk\u00f6 PKT (400 grammaa), ryhm\u00e4pakkaus 12 pkt\/pak Reilunkaupan kahvi Paulig Mundo 400g, suodatinjauhatuksella Reilunkaupan kahvi, joka valmistetaan keskipaahdetuista luomupavuista.Kahvi on tuotettu ja Suomessa paahdettu ja pakattu. Ominaisuudet Suodatinjauhettu Reilun kaupan kahvi Pavut 100%Etel\u00e4-Amerikan Arabica-laatua Paahtoaste 3 (keskipaahto) Paketista saadaan 50 kuppia kahvia S\u00e4ilytett\u00e4v\u00e4 auringolta jakosteudeltasuojassa Reilu kahvi maistuu paremmalta! hakusanat: Kahvitarvikkeet, kongressitarvikkeet, tarjoilutuotteet,kokoustarvikkeet, VASTUULLINEN REILU [&hellip;]<\/p>\n","protected":false},"featured_media":102069,"comment_status":"open","ping_status":"closed","template":"","meta":[],"product_brand":[],"product_cat":[3288],"product_tag":[],"class_list":{"0":"post-68068","1":"product","2":"type-product","3":"status-publish","4":"has-post-thumbnail","6":"product_cat-sekalaiset-tarvikkeet-kahviotarvikkeet-kahvi-tee-ja-makeutusaineet","8":"first","9":"instock","10":"shipping-taxable","11":"purchasable","12":"product-type-simple"},"_links":{"self":[{"href":"https:\/\/logistiikkakeskus.net\/kauppa\/wp-json\/wp\/v2\/product\/68068","targetHints":{"allow":["GET"]}}],"collection":[{"href":"https:\/\/logistiikkakeskus.net\/kauppa\/wp-json\/wp\/v2\/product"}],"about":[{"href":"https:\/\/logistiikkakeskus.net\/kauppa\/wp-json\/wp\/v2\/types\/product"}],"replies":[{"embeddable":true,"href":"https:\/\/logistiikkakeskus.net\/kauppa\/wp-json\/wp\/v2\/comments?post=68068"}],"wp:featuredmedia":[{"embeddable":true,"href":"https:\/\/logistiikkakeskus.net\/kauppa\/wp-json\/wp\/v2\/media\/102069"}],"wp:attachment":[{"href":"https:\/\/logistiikkakeskus.net\/kauppa\/wp-json\/wp\/v2\/media?parent=68068"}],"wp:term":[{"taxonomy":"product_brand","embeddable":true,"href":"https:\/\/logistiikkakeskus.net\/kauppa\/wp-json\/wp\/v2\/product_brand?post=68068"},{"taxonomy":"product_cat","embeddable":true,"href":"https:\/\/logistiikkakeskus.net\/kauppa\/wp-json\/wp\/v2\/product_cat?post=68068"},{"taxonomy":"product_tag","embeddable":true,"href":"https:\/\/logistiikkakeskus.net\/kauppa\/wp-json\/wp\/v2\/product_tag?post=68068"}],"curies":[{"name":"wp","href":"https:\/\/api.w.org\/{rel}","templated":true}]}}