{"id":68066,"date":"2022-12-01T08:58:08","date_gmt":"2022-12-01T08:58:08","guid":{"rendered":"https:\/\/logistiikkakeskus.net\/kauppa\/tuote\/kahvi-500g-juhlamokka-suodatinjauhatus\/"},"modified":"2026-01-20T09:15:38","modified_gmt":"2026-01-20T07:15:38","slug":"kahvi-500g-juhlamokka-suodatinjauhatus","status":"publish","type":"product","link":"https:\/\/logistiikkakeskus.net\/kauppa\/tuote\/kahvi-500g-juhlamokka-suodatinjauhatus\/","title":{"rendered":"Kahvi 500g Juhlamokka (suodatinjauhatus)"},"content":{"rendered":"<p>Myyntiyksikk\u00f6 PKT (500 gr), ryhm\u00e4pakkaus 12 pkt\/ltk<\/p>\n<h2>Kahvi Juhla mokka 500g, suodatinjauhatuksella<\/h2>\n<p>VaaleapaahtoinenJuhla Mokka, joka on my\u00f6s Suomen suosituin kahvimerkki, sopiierinomaisesti kokous- ja kongressitilaisuuksien kahvitukseen.<\/p>\n<ul><b>Ominaisuudet:<\/b><\/p>\n<li>Suodatinjauhettu perinteinen JuhlaMokka\n<li>Valmistettu Afrikan ja Etel\u00e4-Amerikan kahvilaaduista sekoittamalla\n<li>Uudelleen teipill\u00e4 suljettava paketti\n<li>Paketista saadaan n. 65kuppiakahvia\n<li>S\u00e4ilytett\u00e4v\u00e4 auringolta ja kosteudelta suojassa<\/ul>\n<p><i>hakusanat: Kahvitarvikkeet, kongressitarvikkeet, tarjoilutuotteet,kokoustarvikkeet, kokouskahvi, suodatinkahvi, sumppi<\/i><\/p>\n","protected":false},"excerpt":{"rendered":"<p>Myyntiyksikk\u00f6 PKT (500 gr), ryhm\u00e4pakkaus 12 pkt\/ltk Kahvi Juhla mokka 500g, suodatinjauhatuksella VaaleapaahtoinenJuhla Mokka, joka on my\u00f6s Suomen suosituin kahvimerkki, sopiierinomaisesti kokous- ja kongressitilaisuuksien kahvitukseen. Ominaisuudet: Suodatinjauhettu perinteinen JuhlaMokka Valmistettu Afrikan ja Etel\u00e4-Amerikan kahvilaaduista sekoittamalla Uudelleen teipill\u00e4 suljettava paketti Paketista saadaan n. 65kuppiakahvia S\u00e4ilytett\u00e4v\u00e4 auringolta ja kosteudelta suojassa hakusanat: Kahvitarvikkeet, kongressitarvikkeet, tarjoilutuotteet,kokoustarvikkeet, kokouskahvi, suodatinkahvi, sumppi<\/p>\n","protected":false},"featured_media":102068,"comment_status":"open","ping_status":"closed","template":"","meta":[],"product_brand":[],"product_cat":[3288],"product_tag":[],"class_list":{"0":"post-68066","1":"product","2":"type-product","3":"status-publish","4":"has-post-thumbnail","6":"product_cat-sekalaiset-tarvikkeet-kahviotarvikkeet-kahvi-tee-ja-makeutusaineet","8":"first","9":"instock","10":"shipping-taxable","11":"purchasable","12":"product-type-simple"},"_links":{"self":[{"href":"https:\/\/logistiikkakeskus.net\/kauppa\/wp-json\/wp\/v2\/product\/68066","targetHints":{"allow":["GET"]}}],"collection":[{"href":"https:\/\/logistiikkakeskus.net\/kauppa\/wp-json\/wp\/v2\/product"}],"about":[{"href":"https:\/\/logistiikkakeskus.net\/kauppa\/wp-json\/wp\/v2\/types\/product"}],"replies":[{"embeddable":true,"href":"https:\/\/logistiikkakeskus.net\/kauppa\/wp-json\/wp\/v2\/comments?post=68066"}],"wp:featuredmedia":[{"embeddable":true,"href":"https:\/\/logistiikkakeskus.net\/kauppa\/wp-json\/wp\/v2\/media\/102068"}],"wp:attachment":[{"href":"https:\/\/logistiikkakeskus.net\/kauppa\/wp-json\/wp\/v2\/media?parent=68066"}],"wp:term":[{"taxonomy":"product_brand","embeddable":true,"href":"https:\/\/logistiikkakeskus.net\/kauppa\/wp-json\/wp\/v2\/product_brand?post=68066"},{"taxonomy":"product_cat","embeddable":true,"href":"https:\/\/logistiikkakeskus.net\/kauppa\/wp-json\/wp\/v2\/product_cat?post=68066"},{"taxonomy":"product_tag","embeddable":true,"href":"https:\/\/logistiikkakeskus.net\/kauppa\/wp-json\/wp\/v2\/product_tag?post=68066"}],"curies":[{"name":"wp","href":"https:\/\/api.w.org\/{rel}","templated":true}]}}