{"id":67917,"date":"2022-12-01T08:57:19","date_gmt":"2022-12-01T08:57:19","guid":{"rendered":"https:\/\/logistiikkakeskus.net\/kauppa\/tuote\/muovisinetti-pull-up-numeroitu\/"},"modified":"2026-01-20T09:15:30","modified_gmt":"2026-01-20T07:15:30","slug":"muovisinetti-pull-up-numeroitu","status":"publish","type":"product","link":"https:\/\/logistiikkakeskus.net\/kauppa\/tuote\/muovisinetti-pull-up-numeroitu\/","title":{"rendered":"Muovisinetti Pull-Up, numeroitu"},"content":{"rendered":"<p>Myyntiyksikk\u00f6 NIP (5 kpl), ryhm\u00e4p. 1000 kpl\/ltk<\/p>\n<h2>Compi -Pull Up muovisinetti<\/h2>\n<ul>\n<li>Pieni, vetolujuudeltaanerinomainenmuovisinetti\n<li>Yleissinetti, jonka k\u00e4ytt\u00f6kohteinaovat palosammuttimet, \u00f6ljys\u00e4ili\u00f6t, ruokak\u00e4rrytja l\u00e4\u00e4kel\u00e4hetykset (l\u00e4\u00e4kepalautukset)\n<li>Sinetin materiaalina polyamidi, nylon jaasetaali.\n<li>Sinetin mitat: Pituus 190mm, paksuus2,5mm.\n<li><b>Sinetti on yksil\u00f6idysti numeroitu,Sinetiss\u00e4 &#8221;SEALED DO NOT REMOVE&#8221; -teksti.<\/b><\/p>\n<\/ul>\n<p><i><br \/>hakusanat: Pull-up sinetti, vetosinetti,muovisinetti, l\u00e4\u00e4kesinetti, lukkosinetti,keltainenpunainen,kertak\u00e4ytt\u00f6sinetti<\/i><\/p>\n","protected":false},"excerpt":{"rendered":"<p>Myyntiyksikk\u00f6 NIP (5 kpl), ryhm\u00e4p. 1000 kpl\/ltk Compi -Pull Up muovisinetti Pieni, vetolujuudeltaanerinomainenmuovisinetti Yleissinetti, jonka k\u00e4ytt\u00f6kohteinaovat palosammuttimet, \u00f6ljys\u00e4ili\u00f6t, ruokak\u00e4rrytja l\u00e4\u00e4kel\u00e4hetykset (l\u00e4\u00e4kepalautukset) Sinetin materiaalina polyamidi, nylon jaasetaali. Sinetin mitat: Pituus 190mm, paksuus2,5mm. Sinetti on yksil\u00f6idysti numeroitu,Sinetiss\u00e4 &#8221;SEALED DO NOT REMOVE&#8221; -teksti. hakusanat: Pull-up sinetti, vetosinetti,muovisinetti, l\u00e4\u00e4kesinetti, lukkosinetti,keltainenpunainen,kertak\u00e4ytt\u00f6sinetti<\/p>\n","protected":false},"featured_media":101984,"comment_status":"open","ping_status":"closed","template":"","meta":[],"product_brand":[],"product_cat":[3282],"product_tag":[],"class_list":{"0":"post-67917","1":"product","2":"type-product","3":"status-publish","4":"has-post-thumbnail","6":"product_cat-hoitotarvikkeet-laakkeenjakotarvikkeet-muut-laakkeenjakovalineet","8":"first","9":"instock","10":"shipping-taxable","11":"purchasable","12":"product-type-simple"},"_links":{"self":[{"href":"https:\/\/logistiikkakeskus.net\/kauppa\/wp-json\/wp\/v2\/product\/67917","targetHints":{"allow":["GET"]}}],"collection":[{"href":"https:\/\/logistiikkakeskus.net\/kauppa\/wp-json\/wp\/v2\/product"}],"about":[{"href":"https:\/\/logistiikkakeskus.net\/kauppa\/wp-json\/wp\/v2\/types\/product"}],"replies":[{"embeddable":true,"href":"https:\/\/logistiikkakeskus.net\/kauppa\/wp-json\/wp\/v2\/comments?post=67917"}],"wp:featuredmedia":[{"embeddable":true,"href":"https:\/\/logistiikkakeskus.net\/kauppa\/wp-json\/wp\/v2\/media\/101984"}],"wp:attachment":[{"href":"https:\/\/logistiikkakeskus.net\/kauppa\/wp-json\/wp\/v2\/media?parent=67917"}],"wp:term":[{"taxonomy":"product_brand","embeddable":true,"href":"https:\/\/logistiikkakeskus.net\/kauppa\/wp-json\/wp\/v2\/product_brand?post=67917"},{"taxonomy":"product_cat","embeddable":true,"href":"https:\/\/logistiikkakeskus.net\/kauppa\/wp-json\/wp\/v2\/product_cat?post=67917"},{"taxonomy":"product_tag","embeddable":true,"href":"https:\/\/logistiikkakeskus.net\/kauppa\/wp-json\/wp\/v2\/product_tag?post=67917"}],"curies":[{"name":"wp","href":"https:\/\/api.w.org\/{rel}","templated":true}]}}