{"id":67907,"date":"2022-12-01T08:57:16","date_gmt":"2022-12-01T08:57:16","guid":{"rendered":"https:\/\/logistiikkakeskus.net\/kauppa\/tuote\/viikkosetti-dosetti-medium-punainen-suom\/"},"modified":"2026-01-20T09:15:30","modified_gmt":"2026-01-20T07:15:30","slug":"viikkosetti-dosetti-medium-punainen-suom","status":"publish","type":"product","link":"https:\/\/logistiikkakeskus.net\/kauppa\/tuote\/viikkosetti-dosetti-medium-punainen-suom\/","title":{"rendered":"Viikkosetti Dosetti Medium punainen Suom"},"content":{"rendered":"<p>Myyntiyksikk\u00f6 KPL<\/p>\n<h2>Dosett Medi l\u00e4\u00e4keannostelija,suomenkielinen,punainen<\/h2>\n<ul>\n<li>viikkoannostelija l\u00e4\u00e4kkeittentilap\u00e4iseens\u00e4ilytykseen ja helpottamaan l\u00e4\u00e4kkeitten annosteluasek\u00e4 l\u00e4\u00e4kkeen ottamista oikeaan aikaan\n<li>annostelijaon jaettu sitsem\u00e4\u00e4n lokeroon,joihin merkitty viikon p\u00e4iv\u00e4t\n<li>p\u00e4iv\u00e4lokerot on viel\u00e4 jaettu nelj\u00e4\u00e4n kellonajoinmerkittyyn osaan\n<li>annostelijassa on mukana lapsilukkoja k\u00e4ytt\u00f6ohjeet\n<li> medin koko: 155x102x25mm<\/ul>\n<p><i><br \/>hakusanat:annostelija, l\u00e4\u00e4ke,tabletti,pilleri<\/i><\/p>\n","protected":false},"excerpt":{"rendered":"<p>Myyntiyksikk\u00f6 KPL Dosett Medi l\u00e4\u00e4keannostelija,suomenkielinen,punainen viikkoannostelija l\u00e4\u00e4kkeittentilap\u00e4iseens\u00e4ilytykseen ja helpottamaan l\u00e4\u00e4kkeitten annosteluasek\u00e4 l\u00e4\u00e4kkeen ottamista oikeaan aikaan annostelijaon jaettu sitsem\u00e4\u00e4n lokeroon,joihin merkitty viikon p\u00e4iv\u00e4t p\u00e4iv\u00e4lokerot on viel\u00e4 jaettu nelj\u00e4\u00e4n kellonajoinmerkittyyn osaan annostelijassa on mukana lapsilukkoja k\u00e4ytt\u00f6ohjeet medin koko: 155x102x25mm hakusanat:annostelija, l\u00e4\u00e4ke,tabletti,pilleri<\/p>\n","protected":false},"featured_media":101979,"comment_status":"open","ping_status":"closed","template":"","meta":[],"product_brand":[],"product_cat":[3282],"product_tag":[],"class_list":{"0":"post-67907","1":"product","2":"type-product","3":"status-publish","4":"has-post-thumbnail","6":"product_cat-hoitotarvikkeet-laakkeenjakotarvikkeet-muut-laakkeenjakovalineet","8":"first","9":"instock","10":"shipping-taxable","11":"purchasable","12":"product-type-simple"},"_links":{"self":[{"href":"https:\/\/logistiikkakeskus.net\/kauppa\/wp-json\/wp\/v2\/product\/67907","targetHints":{"allow":["GET"]}}],"collection":[{"href":"https:\/\/logistiikkakeskus.net\/kauppa\/wp-json\/wp\/v2\/product"}],"about":[{"href":"https:\/\/logistiikkakeskus.net\/kauppa\/wp-json\/wp\/v2\/types\/product"}],"replies":[{"embeddable":true,"href":"https:\/\/logistiikkakeskus.net\/kauppa\/wp-json\/wp\/v2\/comments?post=67907"}],"wp:featuredmedia":[{"embeddable":true,"href":"https:\/\/logistiikkakeskus.net\/kauppa\/wp-json\/wp\/v2\/media\/101979"}],"wp:attachment":[{"href":"https:\/\/logistiikkakeskus.net\/kauppa\/wp-json\/wp\/v2\/media?parent=67907"}],"wp:term":[{"taxonomy":"product_brand","embeddable":true,"href":"https:\/\/logistiikkakeskus.net\/kauppa\/wp-json\/wp\/v2\/product_brand?post=67907"},{"taxonomy":"product_cat","embeddable":true,"href":"https:\/\/logistiikkakeskus.net\/kauppa\/wp-json\/wp\/v2\/product_cat?post=67907"},{"taxonomy":"product_tag","embeddable":true,"href":"https:\/\/logistiikkakeskus.net\/kauppa\/wp-json\/wp\/v2\/product_tag?post=67907"}],"curies":[{"name":"wp","href":"https:\/\/api.w.org\/{rel}","templated":true}]}}