{"id":67897,"date":"2022-12-01T08:57:13","date_gmt":"2022-12-01T08:57:13","guid":{"rendered":"https:\/\/logistiikkakeskus.net\/kauppa\/tuote\/testiliuska-coaguchek-xs-pt-test\/"},"modified":"2026-01-20T09:15:29","modified_gmt":"2026-01-20T07:15:29","slug":"testiliuska-coaguchek-xs-pt-test","status":"publish","type":"product","link":"https:\/\/logistiikkakeskus.net\/kauppa\/tuote\/testiliuska-coaguchek-xs-pt-test\/","title":{"rendered":"Testiliuska, CoaguChek XS PT Test"},"content":{"rendered":"<p>myyntiyksikk\u00f6 1 ras (24 kpl)<\/p>\n<h2>Protrombiinin mittausliuska CoaguChek XS PT Test,24 kpl<\/h2>\n<p>Mittausliuskat on tarkoitettuoraalista antikoagulanttihoitoa (Marevan-tyyppist\u00e4 verenohennusl\u00e4\u00e4kityst\u00e4 saavien potilaidenINR-arvon (Protrombiiniajan) m\u00e4\u00e4ritykseen verest\u00e4.Pakkauksesta l\u00f6ytyy k\u00e4ytt\u00f6ohjeet, koodisiru ja 24testiliuskaa.<\/p>\n<ul><b>Sopii seuraaviin hyytymisaikamittareihin:<\/b><\/p>\n<li>CoaguChek XS\n<li>CoaguChek XS plus\n<li>CoaguChek XS Pro<\/ul>\n<p><i><br \/>hakusanat: INR-seuranta, trombiini, Marevanmittausliuskat, Tromboplastiini,vanheneva.<\/i><\/p>\n","protected":false},"excerpt":{"rendered":"<p>myyntiyksikk\u00f6 1 ras (24 kpl) Protrombiinin mittausliuska CoaguChek XS PT Test,24 kpl Mittausliuskat on tarkoitettuoraalista antikoagulanttihoitoa (Marevan-tyyppist\u00e4 verenohennusl\u00e4\u00e4kityst\u00e4 saavien potilaidenINR-arvon (Protrombiiniajan) m\u00e4\u00e4ritykseen verest\u00e4.Pakkauksesta l\u00f6ytyy k\u00e4ytt\u00f6ohjeet, koodisiru ja 24testiliuskaa. Sopii seuraaviin hyytymisaikamittareihin: CoaguChek XS CoaguChek XS plus CoaguChek XS Pro hakusanat: INR-seuranta, trombiini, Marevanmittausliuskat, Tromboplastiini,vanheneva.<\/p>\n","protected":false},"featured_media":101974,"comment_status":"open","ping_status":"closed","template":"","meta":[],"product_brand":[],"product_cat":[3276],"product_tag":[],"class_list":{"0":"post-67897","1":"product","2":"type-product","3":"status-publish","4":"has-post-thumbnail","6":"product_cat-hoitotarvikkeet-diabetes-hoitotarvikkeet-testiliuskat-ja-lansetit","8":"first","9":"instock","10":"shipping-taxable","11":"purchasable","12":"product-type-simple"},"_links":{"self":[{"href":"https:\/\/logistiikkakeskus.net\/kauppa\/wp-json\/wp\/v2\/product\/67897","targetHints":{"allow":["GET"]}}],"collection":[{"href":"https:\/\/logistiikkakeskus.net\/kauppa\/wp-json\/wp\/v2\/product"}],"about":[{"href":"https:\/\/logistiikkakeskus.net\/kauppa\/wp-json\/wp\/v2\/types\/product"}],"replies":[{"embeddable":true,"href":"https:\/\/logistiikkakeskus.net\/kauppa\/wp-json\/wp\/v2\/comments?post=67897"}],"wp:featuredmedia":[{"embeddable":true,"href":"https:\/\/logistiikkakeskus.net\/kauppa\/wp-json\/wp\/v2\/media\/101974"}],"wp:attachment":[{"href":"https:\/\/logistiikkakeskus.net\/kauppa\/wp-json\/wp\/v2\/media?parent=67897"}],"wp:term":[{"taxonomy":"product_brand","embeddable":true,"href":"https:\/\/logistiikkakeskus.net\/kauppa\/wp-json\/wp\/v2\/product_brand?post=67897"},{"taxonomy":"product_cat","embeddable":true,"href":"https:\/\/logistiikkakeskus.net\/kauppa\/wp-json\/wp\/v2\/product_cat?post=67897"},{"taxonomy":"product_tag","embeddable":true,"href":"https:\/\/logistiikkakeskus.net\/kauppa\/wp-json\/wp\/v2\/product_tag?post=67897"}],"curies":[{"name":"wp","href":"https:\/\/api.w.org\/{rel}","templated":true}]}}