{"id":67892,"date":"2022-12-01T08:57:11","date_gmt":"2022-12-01T08:57:11","guid":{"rendered":"https:\/\/logistiikkakeskus.net\/kauppa\/tuote\/taikampa-abena-9-cm\/"},"modified":"2026-01-20T09:15:29","modified_gmt":"2026-01-20T07:15:29","slug":"taikampa-abena-9-cm","status":"publish","type":"product","link":"https:\/\/logistiikkakeskus.net\/kauppa\/tuote\/taikampa-abena-9-cm\/","title":{"rendered":"T\u00e4ikampa Abena 9 cm"},"content":{"rendered":"<p>yyntiyksikk\u00f6 KPL, ryhm\u00e4pakkaus 100 kpl\/ras<\/p>\n<h2>T\u00e4ikampa, tihe\u00e4 piikkiv\u00e4li<\/h2>\n<ul>\n<li>eritt\u00e4in tihe\u00e4piikkinen kampa t\u00e4iden ja niiden munienerottelemiseksi hiuksista ja hiuspohjasta\n<li>soveltuu hoidettujen, ei kovin takkuisten,hiuksien kampaamiseen\n<li>kampa valmistettumuovista<\/p>\n<\/ul>\n<p><i><br \/>hakusanat: kampa, harja, taskukampa, hiustenhoito,hiustenpesu, hiuksienpesu, hiuksienhoito,punkkikampa, t\u00e4ikampa, hiusten hoitov\u00e4line<\/i><\/p>\n","protected":false},"excerpt":{"rendered":"<p>yyntiyksikk\u00f6 KPL, ryhm\u00e4pakkaus 100 kpl\/ras T\u00e4ikampa, tihe\u00e4 piikkiv\u00e4li eritt\u00e4in tihe\u00e4piikkinen kampa t\u00e4iden ja niiden munienerottelemiseksi hiuksista ja hiuspohjasta soveltuu hoidettujen, ei kovin takkuisten,hiuksien kampaamiseen kampa valmistettumuovista hakusanat: kampa, harja, taskukampa, hiustenhoito,hiustenpesu, hiuksienpesu, hiuksienhoito,punkkikampa, t\u00e4ikampa, hiusten hoitov\u00e4line<\/p>\n","protected":false},"featured_media":101972,"comment_status":"open","ping_status":"closed","template":"","meta":[],"product_brand":[],"product_cat":[3279],"product_tag":[],"class_list":{"0":"post-67892","1":"product","2":"type-product","3":"status-publish","4":"has-post-thumbnail","6":"product_cat-hoitotarvikkeet-henkilokohtainen-hygienia-hygieniatarvikkeet","8":"first","9":"instock","10":"shipping-taxable","11":"purchasable","12":"product-type-simple"},"_links":{"self":[{"href":"https:\/\/logistiikkakeskus.net\/kauppa\/wp-json\/wp\/v2\/product\/67892","targetHints":{"allow":["GET"]}}],"collection":[{"href":"https:\/\/logistiikkakeskus.net\/kauppa\/wp-json\/wp\/v2\/product"}],"about":[{"href":"https:\/\/logistiikkakeskus.net\/kauppa\/wp-json\/wp\/v2\/types\/product"}],"replies":[{"embeddable":true,"href":"https:\/\/logistiikkakeskus.net\/kauppa\/wp-json\/wp\/v2\/comments?post=67892"}],"wp:featuredmedia":[{"embeddable":true,"href":"https:\/\/logistiikkakeskus.net\/kauppa\/wp-json\/wp\/v2\/media\/101972"}],"wp:attachment":[{"href":"https:\/\/logistiikkakeskus.net\/kauppa\/wp-json\/wp\/v2\/media?parent=67892"}],"wp:term":[{"taxonomy":"product_brand","embeddable":true,"href":"https:\/\/logistiikkakeskus.net\/kauppa\/wp-json\/wp\/v2\/product_brand?post=67892"},{"taxonomy":"product_cat","embeddable":true,"href":"https:\/\/logistiikkakeskus.net\/kauppa\/wp-json\/wp\/v2\/product_cat?post=67892"},{"taxonomy":"product_tag","embeddable":true,"href":"https:\/\/logistiikkakeskus.net\/kauppa\/wp-json\/wp\/v2\/product_tag?post=67892"}],"curies":[{"name":"wp","href":"https:\/\/api.w.org\/{rel}","templated":true}]}}