{"id":67888,"date":"2022-12-01T08:57:10","date_gmt":"2022-12-01T08:57:10","guid":{"rendered":"https:\/\/logistiikkakeskus.net\/kauppa\/tuote\/korvatulpat-e-a-r-classic-vaahtomuovia\/"},"modified":"2026-01-20T09:15:29","modified_gmt":"2026-01-20T07:15:29","slug":"korvatulpat-e-a-r-classic-vaahtomuovia","status":"publish","type":"product","link":"https:\/\/logistiikkakeskus.net\/kauppa\/tuote\/korvatulpat-e-a-r-classic-vaahtomuovia\/","title":{"rendered":"Korvatulpat E.A.R. Classic vaahtomuovia"},"content":{"rendered":"<p>myyntiyksikk\u00f6 RAS (5 paria), ryhm\u00e4p. 50 ras\/ltk<\/p>\n<h2>Vaahtomuoviset korvatulpat E.A.R Classic,5 paria<\/h2>\n<p>Korvatulppa, joka on valmistettupehme\u00e4st\u00e4 ja hitaasti laajenevasta vaahtomuovista.<\/p>\n<ul><b>Ominaisuudet:<\/b><\/p>\n<li>Erinomainenvaimennusteho\n<li>Sopii erikokoisiin korvak\u00e4yt\u00e4viin\n<li>Mukava k\u00e4ytt\u00e4\u00e4 &#8211; ei aiheuta \u00e4rsytyst\u00e4\n<li>Hylkii kosteutta ja on paloturvallinen\n<li>Kest\u00e4\u00e4pitk\u00e4\u00e4 varastointia ja saippuapesua suojaustehonk\u00e4rsim\u00e4tt\u00e4\n<li>Rasiassa 5 paria (10 kpl)korvatulppia<\/ul>\n<p><i><br \/>hakusanat: Henkil\u00f6kohtainenHygienia, Korvatulpat, Kuulosuojain, korvaplugit,kuulosuojaimet, earplug, tinnitus<\/i><\/p>\n","protected":false},"excerpt":{"rendered":"<p>myyntiyksikk\u00f6 RAS (5 paria), ryhm\u00e4p. 50 ras\/ltk Vaahtomuoviset korvatulpat E.A.R Classic,5 paria Korvatulppa, joka on valmistettupehme\u00e4st\u00e4 ja hitaasti laajenevasta vaahtomuovista. Ominaisuudet: Erinomainenvaimennusteho Sopii erikokoisiin korvak\u00e4yt\u00e4viin Mukava k\u00e4ytt\u00e4\u00e4 &#8211; ei aiheuta \u00e4rsytyst\u00e4 Hylkii kosteutta ja on paloturvallinen Kest\u00e4\u00e4pitk\u00e4\u00e4 varastointia ja saippuapesua suojaustehonk\u00e4rsim\u00e4tt\u00e4 Rasiassa 5 paria (10 kpl)korvatulppia hakusanat: Henkil\u00f6kohtainenHygienia, Korvatulpat, Kuulosuojain, korvaplugit,kuulosuojaimet, earplug, tinnitus<\/p>\n","protected":false},"featured_media":101971,"comment_status":"open","ping_status":"closed","template":"","meta":[],"product_brand":[],"product_cat":[3279],"product_tag":[],"class_list":{"0":"post-67888","1":"product","2":"type-product","3":"status-publish","4":"has-post-thumbnail","6":"product_cat-hoitotarvikkeet-henkilokohtainen-hygienia-hygieniatarvikkeet","8":"first","9":"instock","10":"shipping-taxable","11":"purchasable","12":"product-type-simple"},"_links":{"self":[{"href":"https:\/\/logistiikkakeskus.net\/kauppa\/wp-json\/wp\/v2\/product\/67888","targetHints":{"allow":["GET"]}}],"collection":[{"href":"https:\/\/logistiikkakeskus.net\/kauppa\/wp-json\/wp\/v2\/product"}],"about":[{"href":"https:\/\/logistiikkakeskus.net\/kauppa\/wp-json\/wp\/v2\/types\/product"}],"replies":[{"embeddable":true,"href":"https:\/\/logistiikkakeskus.net\/kauppa\/wp-json\/wp\/v2\/comments?post=67888"}],"wp:featuredmedia":[{"embeddable":true,"href":"https:\/\/logistiikkakeskus.net\/kauppa\/wp-json\/wp\/v2\/media\/101971"}],"wp:attachment":[{"href":"https:\/\/logistiikkakeskus.net\/kauppa\/wp-json\/wp\/v2\/media?parent=67888"}],"wp:term":[{"taxonomy":"product_brand","embeddable":true,"href":"https:\/\/logistiikkakeskus.net\/kauppa\/wp-json\/wp\/v2\/product_brand?post=67888"},{"taxonomy":"product_cat","embeddable":true,"href":"https:\/\/logistiikkakeskus.net\/kauppa\/wp-json\/wp\/v2\/product_cat?post=67888"},{"taxonomy":"product_tag","embeddable":true,"href":"https:\/\/logistiikkakeskus.net\/kauppa\/wp-json\/wp\/v2\/product_tag?post=67888"}],"curies":[{"name":"wp","href":"https:\/\/api.w.org\/{rel}","templated":true}]}}