{"id":67880,"date":"2022-12-01T08:57:07","date_gmt":"2022-12-01T08:57:07","guid":{"rendered":"https:\/\/logistiikkakeskus.net\/kauppa\/tuote\/hemocue-hb-201-kyvetti-25-kpl\/"},"modified":"2026-01-20T09:15:29","modified_gmt":"2026-01-20T07:15:29","slug":"hemocue-hb-201-kyvetti-25-kpl","status":"publish","type":"product","link":"https:\/\/logistiikkakeskus.net\/kauppa\/tuote\/hemocue-hb-201-kyvetti-25-kpl\/","title":{"rendered":"HemoCue Hb 201 kyvetti, 25 kpl"},"content":{"rendered":"<p>myyntiyksikk\u00f6 RAS (25 kpl), ryhm\u00e4p. 4 ras\/pak<br \/> <big>HemoCueB-Hemoglobin mikrokyvetti, 25 kpl <\/big><\/p>\n<p>N\u00e4ill\u00e4 kertak\u00e4ytt\u00f6isill\u00e4mikrokyvetti #NAME? n tarkkuudella.<\/p>\n<p> Analyysiin voidaan k\u00e4ytt\u00e4\u00e4kapillaari-, vena- taiarteriaverta. Kyvetit yksitt\u00e4ispakattu, jotensoveltuu hyvin tilanteisi in, miss\u00e4 mittauksia tehd\u00e4\u00e4n harvoin -tuotteilla pidempi s\u00e4ilyvyysaika <b>Kyvetti vaatii HemoCue Hb 201+-laitteen, jolla itse mittaus suoritetaan<\/b><\/p>\n<p><i> <br \/>Hakusanat:Mikrokyvetti, fotometri, hemoglobiini, verin\u00e4yte,microcuvette, vanhene va<\/i><\/p>\n","protected":false},"excerpt":{"rendered":"<p>myyntiyksikk\u00f6 RAS (25 kpl), ryhm\u00e4p. 4 ras\/pak HemoCueB-Hemoglobin mikrokyvetti, 25 kpl N\u00e4ill\u00e4 kertak\u00e4ytt\u00f6isill\u00e4mikrokyvetti #NAME? n tarkkuudella. Analyysiin voidaan k\u00e4ytt\u00e4\u00e4kapillaari-, vena- taiarteriaverta. Kyvetit yksitt\u00e4ispakattu, jotensoveltuu hyvin tilanteisi in, miss\u00e4 mittauksia tehd\u00e4\u00e4n harvoin -tuotteilla pidempi s\u00e4ilyvyysaika Kyvetti vaatii HemoCue Hb 201+-laitteen, jolla itse mittaus suoritetaan Hakusanat:Mikrokyvetti, fotometri, hemoglobiini, verin\u00e4yte,microcuvette, vanhene va<\/p>\n","protected":false},"featured_media":101969,"comment_status":"open","ping_status":"closed","template":"","meta":[],"product_brand":[],"product_cat":[3276],"product_tag":[],"class_list":{"0":"post-67880","1":"product","2":"type-product","3":"status-publish","4":"has-post-thumbnail","6":"product_cat-hoitotarvikkeet-diabetes-hoitotarvikkeet-testiliuskat-ja-lansetit","8":"first","9":"instock","10":"shipping-taxable","11":"purchasable","12":"product-type-simple"},"_links":{"self":[{"href":"https:\/\/logistiikkakeskus.net\/kauppa\/wp-json\/wp\/v2\/product\/67880","targetHints":{"allow":["GET"]}}],"collection":[{"href":"https:\/\/logistiikkakeskus.net\/kauppa\/wp-json\/wp\/v2\/product"}],"about":[{"href":"https:\/\/logistiikkakeskus.net\/kauppa\/wp-json\/wp\/v2\/types\/product"}],"replies":[{"embeddable":true,"href":"https:\/\/logistiikkakeskus.net\/kauppa\/wp-json\/wp\/v2\/comments?post=67880"}],"wp:featuredmedia":[{"embeddable":true,"href":"https:\/\/logistiikkakeskus.net\/kauppa\/wp-json\/wp\/v2\/media\/101969"}],"wp:attachment":[{"href":"https:\/\/logistiikkakeskus.net\/kauppa\/wp-json\/wp\/v2\/media?parent=67880"}],"wp:term":[{"taxonomy":"product_brand","embeddable":true,"href":"https:\/\/logistiikkakeskus.net\/kauppa\/wp-json\/wp\/v2\/product_brand?post=67880"},{"taxonomy":"product_cat","embeddable":true,"href":"https:\/\/logistiikkakeskus.net\/kauppa\/wp-json\/wp\/v2\/product_cat?post=67880"},{"taxonomy":"product_tag","embeddable":true,"href":"https:\/\/logistiikkakeskus.net\/kauppa\/wp-json\/wp\/v2\/product_tag?post=67880"}],"curies":[{"name":"wp","href":"https:\/\/api.w.org\/{rel}","templated":true}]}}