{"id":67878,"date":"2022-12-01T08:57:07","date_gmt":"2022-12-01T08:57:07","guid":{"rendered":"https:\/\/logistiikkakeskus.net\/kauppa\/tuote\/hygieniatestilevy-hygicult-tpc\/"},"modified":"2026-01-20T09:15:29","modified_gmt":"2026-01-20T07:15:29","slug":"hygieniatestilevy-hygicult-tpc","status":"publish","type":"product","link":"https:\/\/logistiikkakeskus.net\/kauppa\/tuote\/hygieniatestilevy-hygicult-tpc\/","title":{"rendered":"Hygieniatestilevy Hygicult TPC"},"content":{"rendered":"<p>Myyntiyksikk\u00f6 PAK (10 kpl)<\/p>\n<h2>Pintahygieniatesti Hygicult TPC<\/h2>\n<p>Hygicult TPC on hygieniatesti kokonaisbakteerim\u00e4\u00e4r\u00e4nosoittamiseen.Hgicult TPC hygieniatesti soveltuu my\u00f6s desinfioinnin j\u00e4lkeiseenpintapuhtauden seurantaan. Hygicult TPC hygieniatesti onhelppok\u00e4ytt\u00f6inen menetelm\u00e4 hygienian seurantaan. Se on nopea, luotettavaja taloudellinen pikatesti, joka ratkaisee my\u00f6s n\u00e4ytteenkuljetukseenliittyv\u00e4t ongelmat. S\u00e4ilyy 5 kuukautta valmistusp\u00e4iv\u00e4st\u00e4.<\/p>\n<p>Toimittajan tuotenro: 9114010<br \/><i>hakusanat: n\u00e4ytteenotto, hygieniatesti, pikatesti,hygieniatestiliuska<\/i><\/p>\n","protected":false},"excerpt":{"rendered":"<p>Myyntiyksikk\u00f6 PAK (10 kpl) Pintahygieniatesti Hygicult TPC Hygicult TPC on hygieniatesti kokonaisbakteerim\u00e4\u00e4r\u00e4nosoittamiseen.Hgicult TPC hygieniatesti soveltuu my\u00f6s desinfioinnin j\u00e4lkeiseenpintapuhtauden seurantaan. Hygicult TPC hygieniatesti onhelppok\u00e4ytt\u00f6inen menetelm\u00e4 hygienian seurantaan. Se on nopea, luotettavaja taloudellinen pikatesti, joka ratkaisee my\u00f6s n\u00e4ytteenkuljetukseenliittyv\u00e4t ongelmat. S\u00e4ilyy 5 kuukautta valmistusp\u00e4iv\u00e4st\u00e4. Toimittajan tuotenro: 9114010hakusanat: n\u00e4ytteenotto, hygieniatesti, pikatesti,hygieniatestiliuska<\/p>\n","protected":false},"featured_media":101968,"comment_status":"open","ping_status":"closed","template":"","meta":[],"product_brand":[],"product_cat":[3275],"product_tag":[],"class_list":{"0":"post-67878","1":"product","2":"type-product","3":"status-publish","4":"has-post-thumbnail","6":"product_cat-hoitotarvikkeet-desinfektio-pintojen-desinfektio","8":"first","9":"instock","10":"shipping-taxable","11":"purchasable","12":"product-type-simple"},"_links":{"self":[{"href":"https:\/\/logistiikkakeskus.net\/kauppa\/wp-json\/wp\/v2\/product\/67878","targetHints":{"allow":["GET"]}}],"collection":[{"href":"https:\/\/logistiikkakeskus.net\/kauppa\/wp-json\/wp\/v2\/product"}],"about":[{"href":"https:\/\/logistiikkakeskus.net\/kauppa\/wp-json\/wp\/v2\/types\/product"}],"replies":[{"embeddable":true,"href":"https:\/\/logistiikkakeskus.net\/kauppa\/wp-json\/wp\/v2\/comments?post=67878"}],"wp:featuredmedia":[{"embeddable":true,"href":"https:\/\/logistiikkakeskus.net\/kauppa\/wp-json\/wp\/v2\/media\/101968"}],"wp:attachment":[{"href":"https:\/\/logistiikkakeskus.net\/kauppa\/wp-json\/wp\/v2\/media?parent=67878"}],"wp:term":[{"taxonomy":"product_brand","embeddable":true,"href":"https:\/\/logistiikkakeskus.net\/kauppa\/wp-json\/wp\/v2\/product_brand?post=67878"},{"taxonomy":"product_cat","embeddable":true,"href":"https:\/\/logistiikkakeskus.net\/kauppa\/wp-json\/wp\/v2\/product_cat?post=67878"},{"taxonomy":"product_tag","embeddable":true,"href":"https:\/\/logistiikkakeskus.net\/kauppa\/wp-json\/wp\/v2\/product_tag?post=67878"}],"curies":[{"name":"wp","href":"https:\/\/api.w.org\/{rel}","templated":true}]}}