{"id":67708,"date":"2022-12-01T08:56:01","date_gmt":"2022-12-01T08:56:01","guid":{"rendered":"https:\/\/logistiikkakeskus.net\/kauppa\/tuote\/sulake-16-a-5kpl\/"},"modified":"2026-01-20T09:15:19","modified_gmt":"2026-01-20T07:15:19","slug":"sulake-16-a-5kpl","status":"publish","type":"product","link":"https:\/\/logistiikkakeskus.net\/kauppa\/tuote\/sulake-16-a-5kpl\/","title":{"rendered":"Sulake 16 a (5kpl)"},"content":{"rendered":"<p><big>Sulake 16 A (5kpl)<\/big><br \/> Myyntiyksikk\u00f6 on paketti. Sis\u00e4lt\u00e4\u00e4 5sulaketta.<\/p>\n","protected":false},"excerpt":{"rendered":"<p>Sulake 16 A (5kpl) Myyntiyksikk\u00f6 on paketti. Sis\u00e4lt\u00e4\u00e4 5sulaketta.<\/p>\n","protected":false},"featured_media":101866,"comment_status":"open","ping_status":"closed","template":"","meta":[],"product_brand":[],"product_cat":[3260],"product_tag":[],"class_list":{"0":"post-67708","1":"product","2":"type-product","3":"status-publish","4":"has-post-thumbnail","6":"product_cat-it-toimisto-sahkolaitteet-ja-tarv-sahkolaitteet-ja-tarvikkeet-muut-sahkotarvikkeet","8":"first","9":"instock","10":"shipping-taxable","11":"purchasable","12":"product-type-simple"},"_links":{"self":[{"href":"https:\/\/logistiikkakeskus.net\/kauppa\/wp-json\/wp\/v2\/product\/67708","targetHints":{"allow":["GET"]}}],"collection":[{"href":"https:\/\/logistiikkakeskus.net\/kauppa\/wp-json\/wp\/v2\/product"}],"about":[{"href":"https:\/\/logistiikkakeskus.net\/kauppa\/wp-json\/wp\/v2\/types\/product"}],"replies":[{"embeddable":true,"href":"https:\/\/logistiikkakeskus.net\/kauppa\/wp-json\/wp\/v2\/comments?post=67708"}],"wp:featuredmedia":[{"embeddable":true,"href":"https:\/\/logistiikkakeskus.net\/kauppa\/wp-json\/wp\/v2\/media\/101866"}],"wp:attachment":[{"href":"https:\/\/logistiikkakeskus.net\/kauppa\/wp-json\/wp\/v2\/media?parent=67708"}],"wp:term":[{"taxonomy":"product_brand","embeddable":true,"href":"https:\/\/logistiikkakeskus.net\/kauppa\/wp-json\/wp\/v2\/product_brand?post=67708"},{"taxonomy":"product_cat","embeddable":true,"href":"https:\/\/logistiikkakeskus.net\/kauppa\/wp-json\/wp\/v2\/product_cat?post=67708"},{"taxonomy":"product_tag","embeddable":true,"href":"https:\/\/logistiikkakeskus.net\/kauppa\/wp-json\/wp\/v2\/product_tag?post=67708"}],"curies":[{"name":"wp","href":"https:\/\/api.w.org\/{rel}","templated":true}]}}