{"id":67700,"date":"2022-12-01T08:55:59","date_gmt":"2022-12-01T08:55:59","guid":{"rendered":"https:\/\/logistiikkakeskus.net\/kauppa\/tuote\/loisteputki-g23-kanta-9w\/"},"modified":"2026-01-20T09:15:19","modified_gmt":"2026-01-20T07:15:19","slug":"loisteputki-g23-kanta-9w","status":"publish","type":"product","link":"https:\/\/logistiikkakeskus.net\/kauppa\/tuote\/loisteputki-g23-kanta-9w\/","title":{"rendered":"Loisteputki g23 -kanta 9w"},"content":{"rendered":"<p><big>Loisteputki G23 -kanta 9W<\/big><\/p>\n<p> MASTER PL-S 9W \/ 830 \/ 2P 1CT.10 000 tuntia. Valovoima 600 Lumenia. Energiaa s\u00e4\u00e4st\u00e4v\u00e4pistokantaloistelamppu. Kompakti, pienpaineinen  elohopeapurkauslamppu.2-sorminen purkausputkirakenne.<\/p>\n<p> 2-nastainen kanta, sis\u00e4lt\u00e4\u00e4sytyttimen ja kondensaattorin. K\u00e4ytt\u00f6olot ja k\u00e4ytett\u00e4v\u00e4 liit\u00e4nt\u00e4vaikuttavat lampun ominaisuuksiin. Elohopeaa vain 3 mg. Ei sovelluhimmennysk\u00e4ytt\u00f6\u00f6n. <\/p>\n<p>K\u00e4ytt\u00f6kohteet: Hotellit, ravintolat, teattekodit, K\u00e4yt\u00e4v\u00e4t, kyltit, opaste- ja turvavalaistus <i>Hakusanat:pistokantalamppu, pienoislamppu. <\/i><\/p>\n","protected":false},"excerpt":{"rendered":"<p>Loisteputki G23 -kanta 9W MASTER PL-S 9W \/ 830 \/ 2P 1CT.10 000 tuntia. Valovoima 600 Lumenia. Energiaa s\u00e4\u00e4st\u00e4v\u00e4pistokantaloistelamppu. Kompakti, pienpaineinen elohopeapurkauslamppu.2-sorminen purkausputkirakenne. 2-nastainen kanta, sis\u00e4lt\u00e4\u00e4sytyttimen ja kondensaattorin. K\u00e4ytt\u00f6olot ja k\u00e4ytett\u00e4v\u00e4 liit\u00e4nt\u00e4vaikuttavat lampun ominaisuuksiin. Elohopeaa vain 3 mg. Ei sovelluhimmennysk\u00e4ytt\u00f6\u00f6n. K\u00e4ytt\u00f6kohteet: Hotellit, ravintolat, teattekodit, K\u00e4yt\u00e4v\u00e4t, kyltit, opaste- ja turvavalaistus Hakusanat:pistokantalamppu, pienoislamppu.<\/p>\n","protected":false},"featured_media":101862,"comment_status":"open","ping_status":"closed","template":"","meta":[],"product_brand":[],"product_cat":[3270],"product_tag":[],"class_list":{"0":"post-67700","1":"product","2":"type-product","3":"status-publish","4":"has-post-thumbnail","6":"product_cat-it-toimisto-sahkolaitteet-ja-tarv-sahkolaitteet-ja-tarvikkeet-lamput-ja-loisteputket","8":"first","9":"instock","10":"shipping-taxable","11":"purchasable","12":"product-type-simple"},"_links":{"self":[{"href":"https:\/\/logistiikkakeskus.net\/kauppa\/wp-json\/wp\/v2\/product\/67700","targetHints":{"allow":["GET"]}}],"collection":[{"href":"https:\/\/logistiikkakeskus.net\/kauppa\/wp-json\/wp\/v2\/product"}],"about":[{"href":"https:\/\/logistiikkakeskus.net\/kauppa\/wp-json\/wp\/v2\/types\/product"}],"replies":[{"embeddable":true,"href":"https:\/\/logistiikkakeskus.net\/kauppa\/wp-json\/wp\/v2\/comments?post=67700"}],"wp:featuredmedia":[{"embeddable":true,"href":"https:\/\/logistiikkakeskus.net\/kauppa\/wp-json\/wp\/v2\/media\/101862"}],"wp:attachment":[{"href":"https:\/\/logistiikkakeskus.net\/kauppa\/wp-json\/wp\/v2\/media?parent=67700"}],"wp:term":[{"taxonomy":"product_brand","embeddable":true,"href":"https:\/\/logistiikkakeskus.net\/kauppa\/wp-json\/wp\/v2\/product_brand?post=67700"},{"taxonomy":"product_cat","embeddable":true,"href":"https:\/\/logistiikkakeskus.net\/kauppa\/wp-json\/wp\/v2\/product_cat?post=67700"},{"taxonomy":"product_tag","embeddable":true,"href":"https:\/\/logistiikkakeskus.net\/kauppa\/wp-json\/wp\/v2\/product_tag?post=67700"}],"curies":[{"name":"wp","href":"https:\/\/api.w.org\/{rel}","templated":true}]}}