{"id":67692,"date":"2022-12-01T08:55:56","date_gmt":"2022-12-01T08:55:56","guid":{"rendered":"https:\/\/logistiikkakeskus.net\/kauppa\/tuote\/led-lamppu-5-5w-e27-normaali-pallokupu\/"},"modified":"2026-01-20T09:15:19","modified_gmt":"2026-01-20T07:15:19","slug":"led-lamppu-5-5w-e27-normaali-pallokupu","status":"publish","type":"product","link":"https:\/\/logistiikkakeskus.net\/kauppa\/tuote\/led-lamppu-5-5w-e27-normaali-pallokupu\/","title":{"rendered":"led-lamppu 5.5W E27 (normaali pallokupu)"},"content":{"rendered":"<p>myyntiyksikk\u00f6 KPL, ryhm\u00e4pakkaus 10 kpl\/ras<\/p>\n<h2>Led-lamppuPhilipsCorePro 5.5W l\u00e4mmin valkea, E27-kannalla<\/h2>\n<p>Hehkulampunmuotoinen,kuvullinen 5.5 watin led-lamppu normaalilla isolla E27-kannalla. Tuottaa pehme\u00e4\u00e4 ja eritt\u00e4in miellytt\u00e4v\u00e4\u00e4 valoa (3000 kelvini\u00e4), jonka valovoima on 470 lumenia. Keskim\u00e4\u00e4r\u00e4inen polttoik\u00e4 on 15000 tuntia. Sopiierinomaisesti k\u00e4ytt\u00f6kohteisiin jossa lamppu on n\u00e4kyvill\u00e4.<b> Eisovellu himmennysk\u00e4ytt\u00f6\u00f6n eik\u00e4 elektronisille laitteille.<\/b><\/p>\n<p><i>hakusanat: loistevalaisin, pienloisteputki, pienloistelamppu,pienloistevalo, energians\u00e4\u00e4st\u00f6lamppu, hehkupolttimo, hehkulamppu,75Wattinen, vakiolamppu, LED-lamput<\/i><\/p>\n","protected":false},"excerpt":{"rendered":"<p>myyntiyksikk\u00f6 KPL, ryhm\u00e4pakkaus 10 kpl\/ras Led-lamppuPhilipsCorePro 5.5W l\u00e4mmin valkea, E27-kannalla Hehkulampunmuotoinen,kuvullinen 5.5 watin led-lamppu normaalilla isolla E27-kannalla. Tuottaa pehme\u00e4\u00e4 ja eritt\u00e4in miellytt\u00e4v\u00e4\u00e4 valoa (3000 kelvini\u00e4), jonka valovoima on 470 lumenia. Keskim\u00e4\u00e4r\u00e4inen polttoik\u00e4 on 15000 tuntia. Sopiierinomaisesti k\u00e4ytt\u00f6kohteisiin jossa lamppu on n\u00e4kyvill\u00e4. Eisovellu himmennysk\u00e4ytt\u00f6\u00f6n eik\u00e4 elektronisille laitteille. hakusanat: loistevalaisin, pienloisteputki, pienloistelamppu,pienloistevalo, energians\u00e4\u00e4st\u00f6lamppu, hehkupolttimo, hehkulamppu,75Wattinen, vakiolamppu, LED-lamput<\/p>\n","protected":false},"featured_media":101858,"comment_status":"open","ping_status":"closed","template":"","meta":[],"product_brand":[],"product_cat":[3270],"product_tag":[],"class_list":{"0":"post-67692","1":"product","2":"type-product","3":"status-publish","4":"has-post-thumbnail","6":"product_cat-it-toimisto-sahkolaitteet-ja-tarv-sahkolaitteet-ja-tarvikkeet-lamput-ja-loisteputket","8":"first","9":"instock","10":"shipping-taxable","11":"purchasable","12":"product-type-simple"},"_links":{"self":[{"href":"https:\/\/logistiikkakeskus.net\/kauppa\/wp-json\/wp\/v2\/product\/67692","targetHints":{"allow":["GET"]}}],"collection":[{"href":"https:\/\/logistiikkakeskus.net\/kauppa\/wp-json\/wp\/v2\/product"}],"about":[{"href":"https:\/\/logistiikkakeskus.net\/kauppa\/wp-json\/wp\/v2\/types\/product"}],"replies":[{"embeddable":true,"href":"https:\/\/logistiikkakeskus.net\/kauppa\/wp-json\/wp\/v2\/comments?post=67692"}],"wp:featuredmedia":[{"embeddable":true,"href":"https:\/\/logistiikkakeskus.net\/kauppa\/wp-json\/wp\/v2\/media\/101858"}],"wp:attachment":[{"href":"https:\/\/logistiikkakeskus.net\/kauppa\/wp-json\/wp\/v2\/media?parent=67692"}],"wp:term":[{"taxonomy":"product_brand","embeddable":true,"href":"https:\/\/logistiikkakeskus.net\/kauppa\/wp-json\/wp\/v2\/product_brand?post=67692"},{"taxonomy":"product_cat","embeddable":true,"href":"https:\/\/logistiikkakeskus.net\/kauppa\/wp-json\/wp\/v2\/product_cat?post=67692"},{"taxonomy":"product_tag","embeddable":true,"href":"https:\/\/logistiikkakeskus.net\/kauppa\/wp-json\/wp\/v2\/product_tag?post=67692"}],"curies":[{"name":"wp","href":"https:\/\/api.w.org\/{rel}","templated":true}]}}