{"id":67690,"date":"2022-12-01T08:55:56","date_gmt":"2022-12-01T08:55:56","guid":{"rendered":"https:\/\/logistiikkakeskus.net\/kauppa\/tuote\/led-lamppu-3-5w-e14-kynttilakupu\/"},"modified":"2026-01-20T09:15:19","modified_gmt":"2026-01-20T07:15:19","slug":"led-lamppu-3-5w-e14-kynttilakupu","status":"publish","type":"product","link":"https:\/\/logistiikkakeskus.net\/kauppa\/tuote\/led-lamppu-3-5w-e14-kynttilakupu\/","title":{"rendered":"led-lamppu 4.2W E14 (kynttil\u00e4kupu)"},"content":{"rendered":"<p>myyntiyksikk\u00f6 KPL ryhm\u00e4pakkaus 10kpl\/pkt<\/p>\n<h2>Led-energians\u00e4\u00e4st\u00f6lamppu Megaman Pro C35 3,5w E14-kanta, kynttil\u00e4kuvulla<\/h2>\n<p>Led-lamppu joka on suunniteltu korvaamaan kynttil\u00e4mallisethehkulamput. Sulavan muotoinen kynttil\u00e4mallinen kupu tuo hyvin esiinkoristevalaisimien kauneuden ja t\u00e4m\u00e4 lamppu on hyv\u00e4 valintatunnelmavalaistukseen.<\/p>\n<ul><b>Ominaisuudet:<\/b><\/p>\n<li>Syttyy helposti\n<li>Valovoima 250 lumenia\n<li>2800K L\u00e4mmin valkoinen\n<li>25,0000 tuntia\n<li>3,5W \/220 &#8211; 240V &#8211; 50\/60Hz<\/ul>\n<p><i>hakusanat:energians\u00e4\u00e4st\u00f6lamput, kynttil\u00e4lamput, hehkulamput, led-lamput, ledlamput<\/i><\/p>\n","protected":false},"excerpt":{"rendered":"<p>myyntiyksikk\u00f6 KPL ryhm\u00e4pakkaus 10kpl\/pkt Led-energians\u00e4\u00e4st\u00f6lamppu Megaman Pro C35 3,5w E14-kanta, kynttil\u00e4kuvulla Led-lamppu joka on suunniteltu korvaamaan kynttil\u00e4mallisethehkulamput. Sulavan muotoinen kynttil\u00e4mallinen kupu tuo hyvin esiinkoristevalaisimien kauneuden ja t\u00e4m\u00e4 lamppu on hyv\u00e4 valintatunnelmavalaistukseen. Ominaisuudet: Syttyy helposti Valovoima 250 lumenia 2800K L\u00e4mmin valkoinen 25,0000 tuntia 3,5W \/220 &#8211; 240V &#8211; 50\/60Hz hakusanat:energians\u00e4\u00e4st\u00f6lamput, kynttil\u00e4lamput, hehkulamput, led-lamput, ledlamput<\/p>\n","protected":false},"featured_media":101856,"comment_status":"open","ping_status":"closed","template":"","meta":[],"product_brand":[],"product_cat":[3270],"product_tag":[],"class_list":{"0":"post-67690","1":"product","2":"type-product","3":"status-publish","4":"has-post-thumbnail","6":"product_cat-it-toimisto-sahkolaitteet-ja-tarv-sahkolaitteet-ja-tarvikkeet-lamput-ja-loisteputket","8":"first","9":"instock","10":"shipping-taxable","11":"purchasable","12":"product-type-simple"},"_links":{"self":[{"href":"https:\/\/logistiikkakeskus.net\/kauppa\/wp-json\/wp\/v2\/product\/67690","targetHints":{"allow":["GET"]}}],"collection":[{"href":"https:\/\/logistiikkakeskus.net\/kauppa\/wp-json\/wp\/v2\/product"}],"about":[{"href":"https:\/\/logistiikkakeskus.net\/kauppa\/wp-json\/wp\/v2\/types\/product"}],"replies":[{"embeddable":true,"href":"https:\/\/logistiikkakeskus.net\/kauppa\/wp-json\/wp\/v2\/comments?post=67690"}],"wp:featuredmedia":[{"embeddable":true,"href":"https:\/\/logistiikkakeskus.net\/kauppa\/wp-json\/wp\/v2\/media\/101856"}],"wp:attachment":[{"href":"https:\/\/logistiikkakeskus.net\/kauppa\/wp-json\/wp\/v2\/media?parent=67690"}],"wp:term":[{"taxonomy":"product_brand","embeddable":true,"href":"https:\/\/logistiikkakeskus.net\/kauppa\/wp-json\/wp\/v2\/product_brand?post=67690"},{"taxonomy":"product_cat","embeddable":true,"href":"https:\/\/logistiikkakeskus.net\/kauppa\/wp-json\/wp\/v2\/product_cat?post=67690"},{"taxonomy":"product_tag","embeddable":true,"href":"https:\/\/logistiikkakeskus.net\/kauppa\/wp-json\/wp\/v2\/product_tag?post=67690"}],"curies":[{"name":"wp","href":"https:\/\/api.w.org\/{rel}","templated":true}]}}