{"id":67504,"date":"2022-12-01T08:54:59","date_gmt":"2022-12-01T08:54:59","guid":{"rendered":"https:\/\/logistiikkakeskus.net\/kauppa\/tuote\/mainosteline-a-ulkokayttoon-a0-koko\/"},"modified":"2025-10-15T10:14:23","modified_gmt":"2025-10-15T07:14:23","slug":"mainosteline-a-ulkokayttoon-a0-koko","status":"publish","type":"product","link":"https:\/\/logistiikkakeskus.net\/kauppa\/tuote\/mainosteline-a-ulkokayttoon-a0-koko\/","title":{"rendered":"Mainosteline A ulkok\u00e4ytt\u00f6\u00f6n A0-koko"},"content":{"rendered":"<p>A-teline A0-koko (841 x 1189 mm), sis\u00e4-tai ulkok\u00e4ytt\u00f6\u00f6n.Alumiinikehykset, kehyksen leveys 32 mm. UV-kest\u00e4v\u00e4t heijastamattomatsuojakalvot. Valmistettu Euroopassa.<\/p>\n","protected":false},"excerpt":{"rendered":"<p>A-teline A0-koko (841 x 1189 mm), sis\u00e4-tai ulkok\u00e4ytt\u00f6\u00f6n.Alumiinikehykset, kehyksen leveys 32 mm. UV-kest\u00e4v\u00e4t heijastamattomatsuojakalvot. Valmistettu Euroopassa.<\/p>\n","protected":false},"featured_media":0,"comment_status":"open","ping_status":"closed","template":"","meta":[],"product_brand":[],"product_cat":[3123],"product_tag":[],"class_list":{"0":"post-67504","1":"product","2":"type-product","3":"status-publish","5":"product_cat-toimistotarvikkeet-kokoushuone-ja-kongressitarvikkeet-esitetelineet-ja-kehykset","7":"first","8":"instock","9":"shipping-taxable","10":"purchasable","11":"product-type-simple"},"_links":{"self":[{"href":"https:\/\/logistiikkakeskus.net\/kauppa\/wp-json\/wp\/v2\/product\/67504","targetHints":{"allow":["GET"]}}],"collection":[{"href":"https:\/\/logistiikkakeskus.net\/kauppa\/wp-json\/wp\/v2\/product"}],"about":[{"href":"https:\/\/logistiikkakeskus.net\/kauppa\/wp-json\/wp\/v2\/types\/product"}],"replies":[{"embeddable":true,"href":"https:\/\/logistiikkakeskus.net\/kauppa\/wp-json\/wp\/v2\/comments?post=67504"}],"wp:attachment":[{"href":"https:\/\/logistiikkakeskus.net\/kauppa\/wp-json\/wp\/v2\/media?parent=67504"}],"wp:term":[{"taxonomy":"product_brand","embeddable":true,"href":"https:\/\/logistiikkakeskus.net\/kauppa\/wp-json\/wp\/v2\/product_brand?post=67504"},{"taxonomy":"product_cat","embeddable":true,"href":"https:\/\/logistiikkakeskus.net\/kauppa\/wp-json\/wp\/v2\/product_cat?post=67504"},{"taxonomy":"product_tag","embeddable":true,"href":"https:\/\/logistiikkakeskus.net\/kauppa\/wp-json\/wp\/v2\/product_tag?post=67504"}],"curies":[{"name":"wp","href":"https:\/\/api.w.org\/{rel}","templated":true}]}}