{"id":67500,"date":"2022-12-01T08:54:57","date_gmt":"2022-12-01T08:54:57","guid":{"rendered":"https:\/\/logistiikkakeskus.net\/kauppa\/tuote\/mainosteline-a-ulkokayttoon-70-x-100-cm\/"},"modified":"2026-01-20T09:15:11","modified_gmt":"2026-01-20T07:15:11","slug":"mainosteline-a-ulkokayttoon-70-x-100-cm","status":"publish","type":"product","link":"https:\/\/logistiikkakeskus.net\/kauppa\/tuote\/mainosteline-a-ulkokayttoon-70-x-100-cm\/","title":{"rendered":"Mainosteline A ulkok\u00e4ytt\u00f6\u00f6n 70 x 100 cm"},"content":{"rendered":"<p>A-teline 70 x 100 cm, sis\u00e4-tai ulkok\u00e4ytt\u00f6\u00f6n. Alumiinikehykset, kehyksenleveys 32 mm. UV-kest\u00e4v\u00e4t heijastamattomat suojakalvot. ValmistettuEuroopassa.<\/p>\n","protected":false},"excerpt":{"rendered":"<p>A-teline 70 x 100 cm, sis\u00e4-tai ulkok\u00e4ytt\u00f6\u00f6n. Alumiinikehykset, kehyksenleveys 32 mm. UV-kest\u00e4v\u00e4t heijastamattomat suojakalvot. ValmistettuEuroopassa.<\/p>\n","protected":false},"featured_media":101763,"comment_status":"open","ping_status":"closed","template":"","meta":[],"product_brand":[],"product_cat":[3123],"product_tag":[],"class_list":{"0":"post-67500","1":"product","2":"type-product","3":"status-publish","4":"has-post-thumbnail","6":"product_cat-toimistotarvikkeet-kokoushuone-ja-kongressitarvikkeet-esitetelineet-ja-kehykset","8":"first","9":"instock","10":"shipping-taxable","11":"purchasable","12":"product-type-simple"},"_links":{"self":[{"href":"https:\/\/logistiikkakeskus.net\/kauppa\/wp-json\/wp\/v2\/product\/67500","targetHints":{"allow":["GET"]}}],"collection":[{"href":"https:\/\/logistiikkakeskus.net\/kauppa\/wp-json\/wp\/v2\/product"}],"about":[{"href":"https:\/\/logistiikkakeskus.net\/kauppa\/wp-json\/wp\/v2\/types\/product"}],"replies":[{"embeddable":true,"href":"https:\/\/logistiikkakeskus.net\/kauppa\/wp-json\/wp\/v2\/comments?post=67500"}],"wp:featuredmedia":[{"embeddable":true,"href":"https:\/\/logistiikkakeskus.net\/kauppa\/wp-json\/wp\/v2\/media\/101763"}],"wp:attachment":[{"href":"https:\/\/logistiikkakeskus.net\/kauppa\/wp-json\/wp\/v2\/media?parent=67500"}],"wp:term":[{"taxonomy":"product_brand","embeddable":true,"href":"https:\/\/logistiikkakeskus.net\/kauppa\/wp-json\/wp\/v2\/product_brand?post=67500"},{"taxonomy":"product_cat","embeddable":true,"href":"https:\/\/logistiikkakeskus.net\/kauppa\/wp-json\/wp\/v2\/product_cat?post=67500"},{"taxonomy":"product_tag","embeddable":true,"href":"https:\/\/logistiikkakeskus.net\/kauppa\/wp-json\/wp\/v2\/product_tag?post=67500"}],"curies":[{"name":"wp","href":"https:\/\/api.w.org\/{rel}","templated":true}]}}