{"id":67414,"date":"2022-12-01T08:54:22","date_gmt":"2022-12-01T08:54:22","guid":{"rendered":"https:\/\/logistiikkakeskus.net\/kauppa\/tuote\/jatkojohto-6-osainen-1-5-metria\/"},"modified":"2026-01-20T09:15:06","modified_gmt":"2026-01-20T07:15:06","slug":"jatkojohto-6-osainen-1-5-metria","status":"publish","type":"product","link":"https:\/\/logistiikkakeskus.net\/kauppa\/tuote\/jatkojohto-6-osainen-1-5-metria\/","title":{"rendered":"Jatkojohto 6-osainen, 1.5 metri\u00e4"},"content":{"rendered":"<h2>Maadoitettu Opal jatkojohto 6-pistokkeella, pituus 150cm<\/h2>\n<p>Laadukas ja lyhyt jatkojohto, jolla jaat k\u00e4tev\u00e4sti yhden kiinte\u00e4npistokkeenjopa kuudelle eri laitteelle.<\/p>\n<ul><b> Ominaisuudet:<\/b><\/p>\n<li>Kuuden pi stokkeen jatkojohto\n<li>Johdon pituus 150cm\n<li>Kaikkipistokkeet maadoitettu\n<li>Varmista maadoittamattomien laitteidensoveltuvuus t\u00e4lle pistokkeelle\n<li><b> Tarkoitettu sis\u00e4k\u00e4ytt\u00f6\u00f6n, kuiviinolosuhteisiin <\/b><\/ul>\n<p><i>Toimittajan tuotenro. 46115 Onninen Oy<br \/>hakusanat: S\u00e4hk\u00f6tarvikkeet, Jatkojohto, roikka, s\u00e4hk\u00f6johdin,pistokejohto, s\u00e4hk\u00f6pistoke, jatkojohdot, s\u00e4hk\u00f6johdot, s\u00e4hk\u00f6johto <\/i><\/p>\n","protected":false},"excerpt":{"rendered":"<p>Maadoitettu Opal jatkojohto 6-pistokkeella, pituus 150cm Laadukas ja lyhyt jatkojohto, jolla jaat k\u00e4tev\u00e4sti yhden kiinte\u00e4npistokkeenjopa kuudelle eri laitteelle. Ominaisuudet: Kuuden pi stokkeen jatkojohto Johdon pituus 150cm Kaikkipistokkeet maadoitettu Varmista maadoittamattomien laitteidensoveltuvuus t\u00e4lle pistokkeelle Tarkoitettu sis\u00e4k\u00e4ytt\u00f6\u00f6n, kuiviinolosuhteisiin Toimittajan tuotenro. 46115 Onninen Oyhakusanat: S\u00e4hk\u00f6tarvikkeet, Jatkojohto, roikka, s\u00e4hk\u00f6johdin,pistokejohto, s\u00e4hk\u00f6pistoke, jatkojohdot, s\u00e4hk\u00f6johdot, s\u00e4hk\u00f6johto<\/p>\n","protected":false},"featured_media":101720,"comment_status":"open","ping_status":"closed","template":"","meta":[],"product_brand":[],"product_cat":[3260],"product_tag":[],"class_list":{"0":"post-67414","1":"product","2":"type-product","3":"status-publish","4":"has-post-thumbnail","6":"product_cat-it-toimisto-sahkolaitteet-ja-tarv-sahkolaitteet-ja-tarvikkeet-muut-sahkotarvikkeet","8":"first","9":"instock","10":"shipping-taxable","11":"purchasable","12":"product-type-simple"},"_links":{"self":[{"href":"https:\/\/logistiikkakeskus.net\/kauppa\/wp-json\/wp\/v2\/product\/67414","targetHints":{"allow":["GET"]}}],"collection":[{"href":"https:\/\/logistiikkakeskus.net\/kauppa\/wp-json\/wp\/v2\/product"}],"about":[{"href":"https:\/\/logistiikkakeskus.net\/kauppa\/wp-json\/wp\/v2\/types\/product"}],"replies":[{"embeddable":true,"href":"https:\/\/logistiikkakeskus.net\/kauppa\/wp-json\/wp\/v2\/comments?post=67414"}],"wp:featuredmedia":[{"embeddable":true,"href":"https:\/\/logistiikkakeskus.net\/kauppa\/wp-json\/wp\/v2\/media\/101720"}],"wp:attachment":[{"href":"https:\/\/logistiikkakeskus.net\/kauppa\/wp-json\/wp\/v2\/media?parent=67414"}],"wp:term":[{"taxonomy":"product_brand","embeddable":true,"href":"https:\/\/logistiikkakeskus.net\/kauppa\/wp-json\/wp\/v2\/product_brand?post=67414"},{"taxonomy":"product_cat","embeddable":true,"href":"https:\/\/logistiikkakeskus.net\/kauppa\/wp-json\/wp\/v2\/product_cat?post=67414"},{"taxonomy":"product_tag","embeddable":true,"href":"https:\/\/logistiikkakeskus.net\/kauppa\/wp-json\/wp\/v2\/product_tag?post=67414"}],"curies":[{"name":"wp","href":"https:\/\/api.w.org\/{rel}","templated":true}]}}