{"id":67406,"date":"2022-12-01T08:54:20","date_gmt":"2022-12-01T08:54:20","guid":{"rendered":"https:\/\/logistiikkakeskus.net\/kauppa\/tuote\/puhdistusliinat-muovipinnoille\/"},"modified":"2026-01-20T09:15:06","modified_gmt":"2026-01-20T07:15:06","slug":"puhdistusliinat-muovipinnoille","status":"publish","type":"product","link":"https:\/\/logistiikkakeskus.net\/kauppa\/tuote\/puhdistusliinat-muovipinnoille\/","title":{"rendered":"Puhdistusliinat muovipinnoille"},"content":{"rendered":"<p>Kosteutettu puhdistusliina, poistaa lian ja p\u00f6lyn. Pakattu yksitt\u00e4isiinfoliopakkauksiin. Sopii n\u00e4pp\u00e4imist\u00f6n, k\u00e4nnyk\u00e4n, kaukos\u00e4\u00e4timen, laskimen,faksin ja tulostimen ulkopintojen puhdistukseen, ei n\u00e4yt\u00f6ille.<\/p>\n","protected":false},"excerpt":{"rendered":"<p>Kosteutettu puhdistusliina, poistaa lian ja p\u00f6lyn. Pakattu yksitt\u00e4isiinfoliopakkauksiin. Sopii n\u00e4pp\u00e4imist\u00f6n, k\u00e4nnyk\u00e4n, kaukos\u00e4\u00e4timen, laskimen,faksin ja tulostimen ulkopintojen puhdistukseen, ei n\u00e4yt\u00f6ille.<\/p>\n","protected":false},"featured_media":101716,"comment_status":"open","ping_status":"closed","template":"","meta":[],"product_brand":[],"product_cat":[3258],"product_tag":[],"class_list":{"0":"post-67406","1":"product","2":"type-product","3":"status-publish","4":"has-post-thumbnail","6":"product_cat-it-toimisto-sahkolaitteet-ja-tarv-it-tarvikkeet-it-puhdistusaineet","8":"first","9":"instock","10":"shipping-taxable","11":"purchasable","12":"product-type-simple"},"_links":{"self":[{"href":"https:\/\/logistiikkakeskus.net\/kauppa\/wp-json\/wp\/v2\/product\/67406","targetHints":{"allow":["GET"]}}],"collection":[{"href":"https:\/\/logistiikkakeskus.net\/kauppa\/wp-json\/wp\/v2\/product"}],"about":[{"href":"https:\/\/logistiikkakeskus.net\/kauppa\/wp-json\/wp\/v2\/types\/product"}],"replies":[{"embeddable":true,"href":"https:\/\/logistiikkakeskus.net\/kauppa\/wp-json\/wp\/v2\/comments?post=67406"}],"wp:featuredmedia":[{"embeddable":true,"href":"https:\/\/logistiikkakeskus.net\/kauppa\/wp-json\/wp\/v2\/media\/101716"}],"wp:attachment":[{"href":"https:\/\/logistiikkakeskus.net\/kauppa\/wp-json\/wp\/v2\/media?parent=67406"}],"wp:term":[{"taxonomy":"product_brand","embeddable":true,"href":"https:\/\/logistiikkakeskus.net\/kauppa\/wp-json\/wp\/v2\/product_brand?post=67406"},{"taxonomy":"product_cat","embeddable":true,"href":"https:\/\/logistiikkakeskus.net\/kauppa\/wp-json\/wp\/v2\/product_cat?post=67406"},{"taxonomy":"product_tag","embeddable":true,"href":"https:\/\/logistiikkakeskus.net\/kauppa\/wp-json\/wp\/v2\/product_tag?post=67406"}],"curies":[{"name":"wp","href":"https:\/\/api.w.org\/{rel}","templated":true}]}}