{"id":67404,"date":"2022-12-01T08:54:19","date_gmt":"2022-12-01T08:54:19","guid":{"rendered":"https:\/\/logistiikkakeskus.net\/kauppa\/tuote\/teholiinasetti-muovipinnoille\/"},"modified":"2026-01-20T09:15:06","modified_gmt":"2026-01-20T07:15:06","slug":"teholiinasetti-muovipinnoille","status":"publish","type":"product","link":"https:\/\/logistiikkakeskus.net\/kauppa\/tuote\/teholiinasetti-muovipinnoille\/","title":{"rendered":"X Teholiinasetti, muovipinnoille"},"content":{"rendered":"<p>Myyntiyksikk\u00f6 RAS (2 x 10 liinaa)<\/p>\n<h2>Disko 1603 m\u00e4rk\u00e4-\/kuiva teholiina, muovipinnoille<\/h2>\n<p>M\u00e4rk\u00e4-\/kuivaliinat, jotka soveltuvat hyvinmuovi-\/metallipintojentehopuhdistukseen. Poistaa nikotiinin, musteen, rasvan ja muut vaikeattahrat. Soveltuu  metalli-\/muovipintojen, n\u00e4pp\u00e4imist\u00f6jen, hiirien jajohtojen puhdistukseen. Sis\u00e4lt\u00e4\u00e4 10 kosteaa puhdistusliinaa (70 x 90 mm)ja 10 kuivausliinaa (90 x 130 mm). J\u00e4tt\u00e4\u00e4 antistaattisen kalvon, jokaest\u00e4\u00e4 p\u00f6lyyntymist\u00e4 jopa 6 viikkoa.<\/p>\n<p><i>Hakusanat: atk-tarvikkeet, n\u00e4pp\u00e4imist\u00f6liina,n\u00e4pp\u00e4imist\u00f6pyyhe,puhdistuspyyhesetti, puhdistusliinasetti<\/i><\/p>\n","protected":false},"excerpt":{"rendered":"<p>Myyntiyksikk\u00f6 RAS (2 x 10 liinaa) Disko 1603 m\u00e4rk\u00e4-\/kuiva teholiina, muovipinnoille M\u00e4rk\u00e4-\/kuivaliinat, jotka soveltuvat hyvinmuovi-\/metallipintojentehopuhdistukseen. Poistaa nikotiinin, musteen, rasvan ja muut vaikeattahrat. Soveltuu metalli-\/muovipintojen, n\u00e4pp\u00e4imist\u00f6jen, hiirien jajohtojen puhdistukseen. Sis\u00e4lt\u00e4\u00e4 10 kosteaa puhdistusliinaa (70 x 90 mm)ja 10 kuivausliinaa (90 x 130 mm). J\u00e4tt\u00e4\u00e4 antistaattisen kalvon, jokaest\u00e4\u00e4 p\u00f6lyyntymist\u00e4 jopa 6 viikkoa. Hakusanat: atk-tarvikkeet, n\u00e4pp\u00e4imist\u00f6liina,n\u00e4pp\u00e4imist\u00f6pyyhe,puhdistuspyyhesetti, puhdistusliinasetti<\/p>\n","protected":false},"featured_media":101715,"comment_status":"open","ping_status":"closed","template":"","meta":[],"product_brand":[],"product_cat":[3258],"product_tag":[],"class_list":{"0":"post-67404","1":"product","2":"type-product","3":"status-publish","4":"has-post-thumbnail","6":"product_cat-it-toimisto-sahkolaitteet-ja-tarv-it-tarvikkeet-it-puhdistusaineet","8":"first","9":"instock","10":"shipping-taxable","11":"purchasable","12":"product-type-simple"},"_links":{"self":[{"href":"https:\/\/logistiikkakeskus.net\/kauppa\/wp-json\/wp\/v2\/product\/67404","targetHints":{"allow":["GET"]}}],"collection":[{"href":"https:\/\/logistiikkakeskus.net\/kauppa\/wp-json\/wp\/v2\/product"}],"about":[{"href":"https:\/\/logistiikkakeskus.net\/kauppa\/wp-json\/wp\/v2\/types\/product"}],"replies":[{"embeddable":true,"href":"https:\/\/logistiikkakeskus.net\/kauppa\/wp-json\/wp\/v2\/comments?post=67404"}],"wp:featuredmedia":[{"embeddable":true,"href":"https:\/\/logistiikkakeskus.net\/kauppa\/wp-json\/wp\/v2\/media\/101715"}],"wp:attachment":[{"href":"https:\/\/logistiikkakeskus.net\/kauppa\/wp-json\/wp\/v2\/media?parent=67404"}],"wp:term":[{"taxonomy":"product_brand","embeddable":true,"href":"https:\/\/logistiikkakeskus.net\/kauppa\/wp-json\/wp\/v2\/product_brand?post=67404"},{"taxonomy":"product_cat","embeddable":true,"href":"https:\/\/logistiikkakeskus.net\/kauppa\/wp-json\/wp\/v2\/product_cat?post=67404"},{"taxonomy":"product_tag","embeddable":true,"href":"https:\/\/logistiikkakeskus.net\/kauppa\/wp-json\/wp\/v2\/product_tag?post=67404"}],"curies":[{"name":"wp","href":"https:\/\/api.w.org\/{rel}","templated":true}]}}