{"id":67358,"date":"2022-12-01T08:54:06","date_gmt":"2022-12-01T08:54:06","guid":{"rendered":"https:\/\/logistiikkakeskus.net\/kauppa\/tuote\/stereokuulokkeet-sony-mdr-zx110ap\/"},"modified":"2026-01-20T09:15:04","modified_gmt":"2026-01-20T07:15:04","slug":"stereokuulokkeet-sony-mdr-zx110ap","status":"publish","type":"product","link":"https:\/\/logistiikkakeskus.net\/kauppa\/tuote\/stereokuulokkeet-sony-mdr-zx110ap\/","title":{"rendered":"Stereokuulokkeet Sony MDR-ZX110AP"},"content":{"rendered":"<p>MDR-ZX110AP-stereokuulokkeet, 3,5 mm jakkiliitin<\/p>\n<ul>\n<li>Dynaamiset neodyymielementit tuottavat tarkan \u00e4\u00e4nen\n<li>Taittuva malli helpottaa matkustamista\n<li>Johdossa kauko-ohjain ja mikrofoni handsfree-puheluita varten\n<li>Pehme\u00e4t korvatyynyt parantavat kuuntelumukavuutta\n<li>Taittuva suljettu muotoilu pit\u00e4\u00e4 musiikin kuulokkeiden sis\u00e4ll\u00e4\n<li>Laaja taajuusalue takaa selke\u00e4t korkeat ja matalat \u00e4\u00e4net<\/ul>\n","protected":false},"excerpt":{"rendered":"<p>MDR-ZX110AP-stereokuulokkeet, 3,5 mm jakkiliitin Dynaamiset neodyymielementit tuottavat tarkan \u00e4\u00e4nen Taittuva malli helpottaa matkustamista Johdossa kauko-ohjain ja mikrofoni handsfree-puheluita varten Pehme\u00e4t korvatyynyt parantavat kuuntelumukavuutta Taittuva suljettu muotoilu pit\u00e4\u00e4 musiikin kuulokkeiden sis\u00e4ll\u00e4 Laaja taajuusalue takaa selke\u00e4t korkeat ja matalat \u00e4\u00e4net<\/p>\n","protected":false},"featured_media":101697,"comment_status":"open","ping_status":"closed","template":"","meta":[],"product_brand":[],"product_cat":[3249],"product_tag":[],"class_list":{"0":"post-67358","1":"product","2":"type-product","3":"status-publish","4":"has-post-thumbnail","6":"product_cat-it-toimisto-sahkolaitteet-ja-tarv-it-tarvikkeet-tietokoneiden-oheislaitteet","8":"first","9":"instock","10":"shipping-taxable","11":"purchasable","12":"product-type-simple"},"_links":{"self":[{"href":"https:\/\/logistiikkakeskus.net\/kauppa\/wp-json\/wp\/v2\/product\/67358","targetHints":{"allow":["GET"]}}],"collection":[{"href":"https:\/\/logistiikkakeskus.net\/kauppa\/wp-json\/wp\/v2\/product"}],"about":[{"href":"https:\/\/logistiikkakeskus.net\/kauppa\/wp-json\/wp\/v2\/types\/product"}],"replies":[{"embeddable":true,"href":"https:\/\/logistiikkakeskus.net\/kauppa\/wp-json\/wp\/v2\/comments?post=67358"}],"wp:featuredmedia":[{"embeddable":true,"href":"https:\/\/logistiikkakeskus.net\/kauppa\/wp-json\/wp\/v2\/media\/101697"}],"wp:attachment":[{"href":"https:\/\/logistiikkakeskus.net\/kauppa\/wp-json\/wp\/v2\/media?parent=67358"}],"wp:term":[{"taxonomy":"product_brand","embeddable":true,"href":"https:\/\/logistiikkakeskus.net\/kauppa\/wp-json\/wp\/v2\/product_brand?post=67358"},{"taxonomy":"product_cat","embeddable":true,"href":"https:\/\/logistiikkakeskus.net\/kauppa\/wp-json\/wp\/v2\/product_cat?post=67358"},{"taxonomy":"product_tag","embeddable":true,"href":"https:\/\/logistiikkakeskus.net\/kauppa\/wp-json\/wp\/v2\/product_tag?post=67358"}],"curies":[{"name":"wp","href":"https:\/\/api.w.org\/{rel}","templated":true}]}}