{"id":67352,"date":"2022-12-01T08:54:04","date_gmt":"2022-12-01T08:54:04","guid":{"rendered":"https:\/\/logistiikkakeskus.net\/kauppa\/tuote\/studiomonitorikuulokkeet-ath-m40x\/"},"modified":"2025-10-15T10:14:16","modified_gmt":"2025-10-15T07:14:16","slug":"studiomonitorikuulokkeet-ath-m40x","status":"publish","type":"product","link":"https:\/\/logistiikkakeskus.net\/kauppa\/tuote\/studiomonitorikuulokkeet-ath-m40x\/","title":{"rendered":"Studiomonitorikuulokkeet, ATH-M40x"},"content":{"rendered":"<p>My\u00f6s ammattik\u00e4ytt\u00f6\u00f6n soveltuvat M40x-studiokuulokkeet on tehtytuottamaan mahdollisimman tarkka \u00e4\u00e4ni mahdollisimman tasaisellataajuusvasteella. T\u00e4m\u00e4n vuoksi ne soveltuvat hyvin studiok\u00e4ytt\u00f6\u00f6n jamuuhun analyyttiseen kuunteluun. Suljetun akustiikkansa ansiostakuulokkeet toimivat hyvin my\u00f6s pienell\u00e4 taustametelill\u00e4. Liittimet 3,5mm kullattu stereominiplugi, ruuvattava 6,3 mm adapteri.<\/p>\n","protected":false},"excerpt":{"rendered":"<p>My\u00f6s ammattik\u00e4ytt\u00f6\u00f6n soveltuvat M40x-studiokuulokkeet on tehtytuottamaan mahdollisimman tarkka \u00e4\u00e4ni mahdollisimman tasaisellataajuusvasteella. T\u00e4m\u00e4n vuoksi ne soveltuvat hyvin studiok\u00e4ytt\u00f6\u00f6n jamuuhun analyyttiseen kuunteluun. Suljetun akustiikkansa ansiostakuulokkeet toimivat hyvin my\u00f6s pienell\u00e4 taustametelill\u00e4. Liittimet 3,5mm kullattu stereominiplugi, ruuvattava 6,3 mm adapteri.<\/p>\n","protected":false},"featured_media":0,"comment_status":"open","ping_status":"closed","template":"","meta":[],"product_brand":[],"product_cat":[3249],"product_tag":[],"class_list":{"0":"post-67352","1":"product","2":"type-product","3":"status-publish","5":"product_cat-it-toimisto-sahkolaitteet-ja-tarv-it-tarvikkeet-tietokoneiden-oheislaitteet","7":"first","8":"instock","9":"shipping-taxable","10":"purchasable","11":"product-type-simple"},"_links":{"self":[{"href":"https:\/\/logistiikkakeskus.net\/kauppa\/wp-json\/wp\/v2\/product\/67352","targetHints":{"allow":["GET"]}}],"collection":[{"href":"https:\/\/logistiikkakeskus.net\/kauppa\/wp-json\/wp\/v2\/product"}],"about":[{"href":"https:\/\/logistiikkakeskus.net\/kauppa\/wp-json\/wp\/v2\/types\/product"}],"replies":[{"embeddable":true,"href":"https:\/\/logistiikkakeskus.net\/kauppa\/wp-json\/wp\/v2\/comments?post=67352"}],"wp:attachment":[{"href":"https:\/\/logistiikkakeskus.net\/kauppa\/wp-json\/wp\/v2\/media?parent=67352"}],"wp:term":[{"taxonomy":"product_brand","embeddable":true,"href":"https:\/\/logistiikkakeskus.net\/kauppa\/wp-json\/wp\/v2\/product_brand?post=67352"},{"taxonomy":"product_cat","embeddable":true,"href":"https:\/\/logistiikkakeskus.net\/kauppa\/wp-json\/wp\/v2\/product_cat?post=67352"},{"taxonomy":"product_tag","embeddable":true,"href":"https:\/\/logistiikkakeskus.net\/kauppa\/wp-json\/wp\/v2\/product_tag?post=67352"}],"curies":[{"name":"wp","href":"https:\/\/api.w.org\/{rel}","templated":true}]}}