{"id":67350,"date":"2022-12-01T08:54:04","date_gmt":"2022-12-01T08:54:04","guid":{"rendered":"https:\/\/logistiikkakeskus.net\/kauppa\/tuote\/konferenssikaiutin-konftel-ego\/"},"modified":"2026-01-20T09:15:04","modified_gmt":"2026-01-20T07:15:04","slug":"konferenssikaiutin-konftel-ego","status":"publish","type":"product","link":"https:\/\/logistiikkakeskus.net\/kauppa\/tuote\/konferenssikaiutin-konftel-ego\/","title":{"rendered":"Konferenssikaiutin Jabra Speak2 55"},"content":{"rendered":"<p>Suunniteltu k\u00e4ytt\u00e4m\u00e4\u00e4n full duplex -\u00e4\u00e4nensiirtoa jamahdollistamaankaikkien puhumisen ja kuullun. USB-C ja USB-A -liit\u00e4nn\u00e4t sek\u00e4 Bluetooth.Microsoft Teams ja Microsoft Swift Pair -sertifioinnit.<\/p>\n<p>Liitett\u00e4vyys: Bluetooth, USB-C, USB-A Langaton Tekniikka: Bluetooth 5.1\u00c4\u00e4nentoistotila: Mono Mikrofonien M\u00e4\u00e4r\u00e4: 4 Suojaus: IP64 (Vedenkest\u00e4v\u00e4,p\u00f6lysuojaus) Enimm\u00e4isk\u00e4ytt\u00f6et\u00e4isyys: 30 m Akku: 2 x uudelleenvarattavaLitiumioni, 900 mAh, 12 tunnin k\u00e4ytt\u00f6aika, latausaika 5 tuntia<\/p>\n","protected":false},"excerpt":{"rendered":"<p>Suunniteltu k\u00e4ytt\u00e4m\u00e4\u00e4n full duplex -\u00e4\u00e4nensiirtoa jamahdollistamaankaikkien puhumisen ja kuullun. USB-C ja USB-A -liit\u00e4nn\u00e4t sek\u00e4 Bluetooth.Microsoft Teams ja Microsoft Swift Pair -sertifioinnit. Liitett\u00e4vyys: Bluetooth, USB-C, USB-A Langaton Tekniikka: Bluetooth 5.1\u00c4\u00e4nentoistotila: Mono Mikrofonien M\u00e4\u00e4r\u00e4: 4 Suojaus: IP64 (Vedenkest\u00e4v\u00e4,p\u00f6lysuojaus) Enimm\u00e4isk\u00e4ytt\u00f6et\u00e4isyys: 30 m Akku: 2 x uudelleenvarattavaLitiumioni, 900 mAh, 12 tunnin k\u00e4ytt\u00f6aika, latausaika 5 tuntia<\/p>\n","protected":false},"featured_media":101693,"comment_status":"open","ping_status":"closed","template":"","meta":[],"product_brand":[],"product_cat":[3249],"product_tag":[],"class_list":{"0":"post-67350","1":"product","2":"type-product","3":"status-publish","4":"has-post-thumbnail","6":"product_cat-it-toimisto-sahkolaitteet-ja-tarv-it-tarvikkeet-tietokoneiden-oheislaitteet","8":"first","9":"instock","10":"shipping-taxable","11":"purchasable","12":"product-type-simple"},"_links":{"self":[{"href":"https:\/\/logistiikkakeskus.net\/kauppa\/wp-json\/wp\/v2\/product\/67350","targetHints":{"allow":["GET"]}}],"collection":[{"href":"https:\/\/logistiikkakeskus.net\/kauppa\/wp-json\/wp\/v2\/product"}],"about":[{"href":"https:\/\/logistiikkakeskus.net\/kauppa\/wp-json\/wp\/v2\/types\/product"}],"replies":[{"embeddable":true,"href":"https:\/\/logistiikkakeskus.net\/kauppa\/wp-json\/wp\/v2\/comments?post=67350"}],"wp:featuredmedia":[{"embeddable":true,"href":"https:\/\/logistiikkakeskus.net\/kauppa\/wp-json\/wp\/v2\/media\/101693"}],"wp:attachment":[{"href":"https:\/\/logistiikkakeskus.net\/kauppa\/wp-json\/wp\/v2\/media?parent=67350"}],"wp:term":[{"taxonomy":"product_brand","embeddable":true,"href":"https:\/\/logistiikkakeskus.net\/kauppa\/wp-json\/wp\/v2\/product_brand?post=67350"},{"taxonomy":"product_cat","embeddable":true,"href":"https:\/\/logistiikkakeskus.net\/kauppa\/wp-json\/wp\/v2\/product_cat?post=67350"},{"taxonomy":"product_tag","embeddable":true,"href":"https:\/\/logistiikkakeskus.net\/kauppa\/wp-json\/wp\/v2\/product_tag?post=67350"}],"curies":[{"name":"wp","href":"https:\/\/api.w.org\/{rel}","templated":true}]}}