{"id":67332,"date":"2022-12-01T08:53:58","date_gmt":"2022-12-01T08:53:58","guid":{"rendered":"https:\/\/logistiikkakeskus.net\/kauppa\/tuote\/nappaimistohiiri-mk270-langaton\/"},"modified":"2026-01-20T09:15:03","modified_gmt":"2026-01-20T07:15:03","slug":"nappaimistohiiri-mk270-langaton","status":"publish","type":"product","link":"https:\/\/logistiikkakeskus.net\/kauppa\/tuote\/nappaimistohiiri-mk270-langaton\/","title":{"rendered":"N\u00e4pp\u00e4imist\u00f6+hiiri MK270 (langaton)"},"content":{"rendered":"<p>Logitech Wireless Combo n\u00e4pp\u00e4imist\u00f6 + hiiri<\/p>\n<p>Logitechin kehittyneen 2,4 GHz:n langattoman yhteyden ansiostasignaali ei katoa, kantama on jopa 10 metri\u00e4 ja k\u00e4yt\u00f6ss\u00e4si onn\u00e4pp\u00e4imist\u00f6n 128-bittinen AES-salaus. Yksinkertaisuutta lis\u00e4\u00e4v\u00e4tkahdeksan pikan\u00e4pp\u00e4int\u00e4 ja plug and play -asennus, joka kest\u00e4\u00e4 vainmuutaman sekunnin. Hiiri ja siro, tilaa s\u00e4\u00e4st\u00e4v\u00e4 n\u00e4pp\u00e4imist\u00f6 ovatmolemmat suunniteltu tuntumaan hyv\u00e4lt\u00e4. N\u00e4pp\u00e4imist\u00f6\u00f6n sopii AAA-paristotja hiireen AA-paristot.<\/p>\n","protected":false},"excerpt":{"rendered":"<p>Logitech Wireless Combo n\u00e4pp\u00e4imist\u00f6 + hiiri Logitechin kehittyneen 2,4 GHz:n langattoman yhteyden ansiostasignaali ei katoa, kantama on jopa 10 metri\u00e4 ja k\u00e4yt\u00f6ss\u00e4si onn\u00e4pp\u00e4imist\u00f6n 128-bittinen AES-salaus. Yksinkertaisuutta lis\u00e4\u00e4v\u00e4tkahdeksan pikan\u00e4pp\u00e4int\u00e4 ja plug and play -asennus, joka kest\u00e4\u00e4 vainmuutaman sekunnin. Hiiri ja siro, tilaa s\u00e4\u00e4st\u00e4v\u00e4 n\u00e4pp\u00e4imist\u00f6 ovatmolemmat suunniteltu tuntumaan hyv\u00e4lt\u00e4. N\u00e4pp\u00e4imist\u00f6\u00f6n sopii AAA-paristotja hiireen AA-paristot.<\/p>\n","protected":false},"featured_media":101685,"comment_status":"open","ping_status":"closed","template":"","meta":[],"product_brand":[],"product_cat":[3249],"product_tag":[],"class_list":{"0":"post-67332","1":"product","2":"type-product","3":"status-publish","4":"has-post-thumbnail","6":"product_cat-it-toimisto-sahkolaitteet-ja-tarv-it-tarvikkeet-tietokoneiden-oheislaitteet","8":"first","9":"instock","10":"shipping-taxable","11":"purchasable","12":"product-type-simple"},"_links":{"self":[{"href":"https:\/\/logistiikkakeskus.net\/kauppa\/wp-json\/wp\/v2\/product\/67332","targetHints":{"allow":["GET"]}}],"collection":[{"href":"https:\/\/logistiikkakeskus.net\/kauppa\/wp-json\/wp\/v2\/product"}],"about":[{"href":"https:\/\/logistiikkakeskus.net\/kauppa\/wp-json\/wp\/v2\/types\/product"}],"replies":[{"embeddable":true,"href":"https:\/\/logistiikkakeskus.net\/kauppa\/wp-json\/wp\/v2\/comments?post=67332"}],"wp:featuredmedia":[{"embeddable":true,"href":"https:\/\/logistiikkakeskus.net\/kauppa\/wp-json\/wp\/v2\/media\/101685"}],"wp:attachment":[{"href":"https:\/\/logistiikkakeskus.net\/kauppa\/wp-json\/wp\/v2\/media?parent=67332"}],"wp:term":[{"taxonomy":"product_brand","embeddable":true,"href":"https:\/\/logistiikkakeskus.net\/kauppa\/wp-json\/wp\/v2\/product_brand?post=67332"},{"taxonomy":"product_cat","embeddable":true,"href":"https:\/\/logistiikkakeskus.net\/kauppa\/wp-json\/wp\/v2\/product_cat?post=67332"},{"taxonomy":"product_tag","embeddable":true,"href":"https:\/\/logistiikkakeskus.net\/kauppa\/wp-json\/wp\/v2\/product_tag?post=67332"}],"curies":[{"name":"wp","href":"https:\/\/api.w.org\/{rel}","templated":true}]}}